{"id":98,"date":"2016-01-18T16:08:22","date_gmt":"2016-01-18T15:08:22","guid":{"rendered":"http:\/\/josephminster.com\/site\/?page_id=98"},"modified":"2020-04-01T19:49:16","modified_gmt":"2020-04-01T18:49:16","slug":"orage","status":"publish","type":"page","link":"https:\/\/josephminster.com\/site\/orage\/","title":{"rendered":"Orage"},"content":{"rendered":"<p><img data-recalc-dims=\"1\" loading=\"lazy\" decoding=\"async\" class=\"alignnone wp-image-7\" src=\"https:\/\/i0.wp.com\/josephminster.com\/site\/wp-content\/uploads\/2016\/01\/Affiche-Orage-jpg.jpg?resize=524%2C700&#038;ssl=1\" alt=\"Affiche Orage jpg\" width=\"524\" height=\"700\" srcset=\"https:\/\/i0.wp.com\/josephminster.com\/site\/wp-content\/uploads\/2016\/01\/Affiche-Orage-jpg.jpg?resize=766%2C1024&amp;ssl=1 766w, https:\/\/i0.wp.com\/josephminster.com\/site\/wp-content\/uploads\/2016\/01\/Affiche-Orage-jpg.jpg?resize=224%2C300&amp;ssl=1 224w, https:\/\/i0.wp.com\/josephminster.com\/site\/wp-content\/uploads\/2016\/01\/Affiche-Orage-jpg.jpg?resize=768%2C1027&amp;ssl=1 768w, https:\/\/i0.wp.com\/josephminster.com\/site\/wp-content\/uploads\/2016\/01\/Affiche-Orage-jpg.jpg?resize=640%2C856&amp;ssl=1 640w, https:\/\/i0.wp.com\/josephminster.com\/site\/wp-content\/uploads\/2016\/01\/Affiche-Orage-jpg.jpg?resize=1010%2C1350&amp;ssl=1 1010w, https:\/\/i0.wp.com\/josephminster.com\/site\/wp-content\/uploads\/2016\/01\/Affiche-Orage-jpg.jpg?w=1280&amp;ssl=1 1280w, https:\/\/i0.wp.com\/josephminster.com\/site\/wp-content\/uploads\/2016\/01\/Affiche-Orage-jpg.jpg?w=1920&amp;ssl=1 1920w\" sizes=\"auto, (max-width: 524px) 100vw, 524px\" \/><\/p>\n<blockquote><p><strong>2012 &#8211; Fiction, 12&rsquo;00 &#8211; Production&nbsp;: La F\u00e9mis<\/strong><\/p>\n<p><em>Benjamin retrouve Mathieu, son a\u00een\u00e9, pour vendre la scierie paternelle. Mais il d\u00e9sire Madeleine, l\u2019\u00e9pouse de son fr\u00e8re.\u00a0<\/em><\/p><\/blockquote>\n\n\t<div class=\"slideshow_container slideshow_container_style-dark\" style=\" \" data-slideshow-id=\"219\" data-style-name=\"style-dark\" data-style-version=\"2.3.1\" >\n\n\t\t\t\t\t<div class=\"slideshow_loading_icon\"><\/div>\n\t\t\n\t\t<div class=\"slideshow_content\" style=\"display: none;\">\n\n\t\t\t<div class=\"slideshow_view\">\n\t\t\t\t<div class=\"slideshow_slide slideshow_slide_image\">\n\t\t\t\t\t\t\t\t\t\t\t<img src=\"https:\/\/i0.wp.com\/josephminster.com\/site\/wp-content\/uploads\/2016\/01\/Orage_Pauline-Huruguen.jpg?fit=2344%2C1276&amp;ssl=1\" alt=\"Orage_Pauline Huruguen\" width=\"2344\" height=\"1276\" \/>\n\t\t\t\t\t\t\t\t\t\t<div class=\"slideshow_description_box slideshow_transparent\">\n\t\t\t\t\t\t<div class=\"slideshow_title\">Orage_Pauline Huruguen<\/div>\t\t\t\t\t\t\t\t\t\t\t<\/div>\n\t\t\t\t<\/div>\n\n\t\t\t\t\t\t\n\t\t\t\t<div class=\"slideshow_slide slideshow_slide_image\">\n\t\t\t\t\t\t\t\t\t\t\t<img src=\"https:\/\/i0.wp.com\/josephminster.com\/site\/wp-content\/uploads\/2016\/01\/Orage_Scierie.jpg?fit=2344%2C1276&amp;ssl=1\" alt=\"Orage_Scierie\" width=\"2344\" height=\"1276\" \/>\n\t\t\t\t\t\t\t\t\t\t<div class=\"slideshow_description_box slideshow_transparent\">\n\t\t\t\t\t\t<div class=\"slideshow_title\">Orage_Scierie<\/div>\t\t\t\t\t\t\t\t\t\t\t<\/div>\n\t\t\t\t<\/div>\n\n\t\t\t\t\t\t\n\t\t\t\t<div class=\"slideshow_slide slideshow_slide_image\">\n\t\t\t\t\t\t\t\t\t\t\t<img src=\"https:\/\/i0.wp.com\/josephminster.com\/site\/wp-content\/uploads\/2016\/01\/Orage_Pauline-Huruguen_B%C3%A9rth%C3%A9l%C3%A9my-%C3%89ti%C3%A9vant.jpg?fit=2344%2C1276&amp;ssl=1\" alt=\"Orage_Pauline Huruguen_B\u00e9rth\u00e9l\u00e9my \u00c9ti\u00e9vant\" width=\"2344\" height=\"1276\" \/>\n\t\t\t\t\t\t\t\t\t\t<div class=\"slideshow_description_box slideshow_transparent\">\n\t\t\t\t\t\t<div class=\"slideshow_title\">Orage_Pauline Huruguen_B\u00e9rth\u00e9l\u00e9my \u00c9ti\u00e9vant<\/div>\t\t\t\t\t\t\t\t\t\t\t<\/div>\n\t\t\t\t<\/div>\n\n\t\t\t\t\t\t<div style=\"clear: both;\"><\/div><\/div><div class=\"slideshow_view\">\n\t\t\t\t<div class=\"slideshow_slide slideshow_slide_image\">\n\t\t\t\t\t\t\t\t\t\t\t<img src=\"https:\/\/i0.wp.com\/josephminster.com\/site\/wp-content\/uploads\/2016\/01\/Orage_David-Levadoux_Barth%C3%A9l%C3%A9my-Eti%C3%A9vant.jpg?fit=1909%2C1032&amp;ssl=1\" alt=\"Orage_David Levadoux_Barth\u00e9l\u00e9my Eti\u00e9vant\" width=\"1909\" height=\"1032\" \/>\n\t\t\t\t\t\t\t\t\t\t<div class=\"slideshow_description_box slideshow_transparent\">\n\t\t\t\t\t\t<div class=\"slideshow_title\">Orage_David Levadoux_Barth\u00e9l\u00e9my Eti\u00e9vant<\/div>\t\t\t\t\t\t\t\t\t\t\t<\/div>\n\t\t\t\t<\/div>\n\n\t\t\t\t\t\t\n\t\t\t\t<div class=\"slideshow_slide slideshow_slide_image\">\n\t\t\t\t\t\t\t\t\t\t\t<img src=\"https:\/\/i0.wp.com\/josephminster.com\/site\/wp-content\/uploads\/2016\/01\/Orage_Barth%C3%A9l%C3%A9my-%C3%89ti%C3%A9vant.jpg?fit=2344%2C1276&amp;ssl=1\" alt=\"Orage_Barth\u00e9l\u00e9my \u00c9ti\u00e9vant\" width=\"2344\" height=\"1276\" \/>\n\t\t\t\t\t\t\t\t\t\t<div class=\"slideshow_description_box slideshow_transparent\">\n\t\t\t\t\t\t<div class=\"slideshow_title\">Orage_Barth\u00e9l\u00e9my \u00c9ti\u00e9vant<\/div>\t\t\t\t\t\t\t\t\t\t\t<\/div>\n\t\t\t\t<\/div>\n\n\t\t\t\t\t\t\n\t\t\t\t<div class=\"slideshow_slide slideshow_slide_image\">\n\t\t\t\t\t\t\t\t\t\t\t<img src=\"https:\/\/i0.wp.com\/josephminster.com\/site\/wp-content\/uploads\/2016\/01\/Orage_David-Levadoux.jpg?fit=2344%2C1276&amp;ssl=1\" alt=\"Orage_David Levadoux\" width=\"2344\" height=\"1276\" \/>\n\t\t\t\t\t\t\t\t\t\t<div class=\"slideshow_description_box slideshow_transparent\">\n\t\t\t\t\t\t<div class=\"slideshow_title\">Orage_David Levadoux<\/div>\t\t\t\t\t\t\t\t\t\t\t<\/div>\n\t\t\t\t<\/div>\n\n\t\t\t\t\t\t<div style=\"clear: both;\"><\/div><\/div>\n\t\t<\/div>\n\n\t\t<div class=\"slideshow_controlPanel slideshow_transparent\" style=\"display: none;\"><ul><li class=\"slideshow_togglePlay\" data-play-text=\"Play\" data-pause-text=\"Pause\"><\/li><\/ul><\/div>\n\n\t\t<div class=\"slideshow_button slideshow_previous slideshow_transparent\" role=\"button\" data-previous-text=\"Pr\u00e9c\u00e9dent\" style=\"display: none;\"><\/div>\n\t\t<div class=\"slideshow_button slideshow_next slideshow_transparent\" role=\"button\" data-next-text=\"Suivant\" style=\"display: none;\"><\/div>\n\n\t\t<div class=\"slideshow_pagination\" style=\"display: none;\" data-go-to-text=\"Go to slide\"><div class=\"slideshow_pagination_center\"><\/div><\/div>\n\n\t\t<!-- WordPress Slideshow Version 2.3.1 -->\n\n\t\t\t<\/div>\n\n\n<p>Avec&nbsp;: Barth\u00e9l\u00e9my \u00c9ti\u00e9vant, David Levadoux, Pauline Huruguen<\/p>\n<p>Sc\u00e9nario&nbsp;: Arnaud de Cazes, Joseph Minster \/ R\u00e9alisation&nbsp;: Joseph Minster \/ Production&nbsp;: Romain Laguna \/ Directeur de la photographie&nbsp;: Aur\u00e9lien Marra \/ Cadre&nbsp;: Joanne Delachair \/ Ing\u00e9nieur du son&nbsp;: Cl\u00e9ment Badin \/ Costumes&nbsp;: Sol\u00e8ne Faure \/ Montage&nbsp;: Suzanne Van Boxsom \/ Montage son&nbsp;: Sylvain Lambinet \/ Mixage&nbsp;: Anne Dupouy \/ Graphisme&nbsp;: Victor Lebeau, Jules Vaulon<\/p>\n<div class=\"jetpack-video-wrapper\"><iframe loading=\"lazy\" title=\"Orage - Extrait\" src=\"https:\/\/player.vimeo.com\/video\/157126703?dnt=1&amp;app_id=122963\" width=\"640\" height=\"360\" frameborder=\"0\" allow=\"autoplay; fullscreen; picture-in-picture; clipboard-write\"><\/iframe><\/div>","protected":false},"excerpt":{"rendered":"<p>2012 &#8211; Fiction, 12&rsquo;00 &#8211; Production&nbsp;: La F\u00e9mis Benjamin retrouve Mathieu, son a\u00een\u00e9, pour vendre la scierie paternelle. Mais il d\u00e9sire Madeleine, l\u2019\u00e9pouse de son fr\u00e8re.\u00a0 Avec&nbsp;: Barth\u00e9l\u00e9my \u00c9ti\u00e9vant, David Levadoux, Pauline Huruguen Sc\u00e9nario&nbsp;: Arnaud de Cazes, Joseph Minster \/ R\u00e9alisation&nbsp;: Joseph Minster \/ Production&nbsp;: Romain Laguna \/ Directeur de la photographie&nbsp;: Aur\u00e9lien Marra \/ [&hellip;]<\/p>","protected":false},"author":1,"featured_media":0,"parent":0,"menu_order":0,"comment_status":"closed","ping_status":"closed","template":"template-parts\/page-full-width.php","meta":{"footnotes":""},"tags":[],"class_list":["post-98","page","type-page","status-publish","hentry"],"yoast_head":"<!-- This site is optimized with the Yoast SEO plugin v27.3 - https:\/\/yoast.com\/product\/yoast-seo-wordpress\/ -->\n<title>Orage - Joseph Minster<\/title>\n<meta name=\"robots\" content=\"noindex, follow\" \/>\n<meta property=\"og:locale\" content=\"fr_FR\" \/>\n<meta property=\"og:type\" content=\"article\" \/>\n<meta property=\"og:title\" content=\"Orage - Joseph Minster\" \/>\n<meta property=\"og:description\" content=\"2012 &#8211; Fiction, 12&rsquo;00 &#8211; Production&nbsp;: La F\u00e9mis Benjamin retrouve Mathieu, son a\u00een\u00e9, pour vendre la scierie paternelle. Mais il d\u00e9sire Madeleine, l\u2019\u00e9pouse de son fr\u00e8re.\u00a0 Avec&nbsp;: Barth\u00e9l\u00e9my \u00c9ti\u00e9vant, David Levadoux, Pauline Huruguen Sc\u00e9nario&nbsp;: Arnaud de Cazes, Joseph Minster \/ R\u00e9alisation&nbsp;: Joseph Minster \/ Production&nbsp;: Romain Laguna \/ Directeur de la photographie&nbsp;: Aur\u00e9lien Marra \/ [&hellip;]\" \/>\n<meta property=\"og:url\" content=\"https:\/\/josephminster.com\/site\/orage\/\" \/>\n<meta property=\"og:site_name\" content=\"Joseph Minster\" \/>\n<meta property=\"article:modified_time\" content=\"2020-04-01T18:49:16+00:00\" \/>\n<meta property=\"og:image\" content=\"http:\/\/josephminster.com\/site\/wp-content\/uploads\/2016\/01\/Affiche-Orage-jpg-766x1024.jpg\" \/>\n<meta name=\"twitter:card\" content=\"summary_large_image\" \/>\n<script type=\"application\/ld+json\" class=\"yoast-schema-graph\">{\"@context\":\"https:\\\/\\\/schema.org\",\"@graph\":[{\"@type\":\"WebPage\",\"@id\":\"https:\\\/\\\/josephminster.com\\\/site\\\/orage\\\/\",\"url\":\"https:\\\/\\\/josephminster.com\\\/site\\\/orage\\\/\",\"name\":\"Orage - Joseph Minster\",\"isPartOf\":{\"@id\":\"https:\\\/\\\/josephminster.com\\\/site\\\/#website\"},\"primaryImageOfPage\":{\"@id\":\"https:\\\/\\\/josephminster.com\\\/site\\\/orage\\\/#primaryimage\"},\"image\":{\"@id\":\"https:\\\/\\\/josephminster.com\\\/site\\\/orage\\\/#primaryimage\"},\"thumbnailUrl\":\"http:\\\/\\\/josephminster.com\\\/site\\\/wp-content\\\/uploads\\\/2016\\\/01\\\/Affiche-Orage-jpg-766x1024.jpg\",\"datePublished\":\"2016-01-18T15:08:22+00:00\",\"dateModified\":\"2020-04-01T18:49:16+00:00\",\"breadcrumb\":{\"@id\":\"https:\\\/\\\/josephminster.com\\\/site\\\/orage\\\/#breadcrumb\"},\"inLanguage\":\"fr-FR\",\"potentialAction\":[{\"@type\":\"ReadAction\",\"target\":[\"https:\\\/\\\/josephminster.com\\\/site\\\/orage\\\/\"]}]},{\"@type\":\"ImageObject\",\"inLanguage\":\"fr-FR\",\"@id\":\"https:\\\/\\\/josephminster.com\\\/site\\\/orage\\\/#primaryimage\",\"url\":\"http:\\\/\\\/josephminster.com\\\/site\\\/wp-content\\\/uploads\\\/2016\\\/01\\\/Affiche-Orage-jpg-766x1024.jpg\",\"contentUrl\":\"http:\\\/\\\/josephminster.com\\\/site\\\/wp-content\\\/uploads\\\/2016\\\/01\\\/Affiche-Orage-jpg-766x1024.jpg\"},{\"@type\":\"BreadcrumbList\",\"@id\":\"https:\\\/\\\/josephminster.com\\\/site\\\/orage\\\/#breadcrumb\",\"itemListElement\":[{\"@type\":\"ListItem\",\"position\":1,\"name\":\"Accueil\",\"item\":\"https:\\\/\\\/josephminster.com\\\/site\\\/\"},{\"@type\":\"ListItem\",\"position\":2,\"name\":\"Orage\"}]},{\"@type\":\"WebSite\",\"@id\":\"https:\\\/\\\/josephminster.com\\\/site\\\/#website\",\"url\":\"https:\\\/\\\/josephminster.com\\\/site\\\/\",\"name\":\"Joseph Minster\",\"description\":\"Auteur, R\u00e9alisateur\",\"publisher\":{\"@id\":\"https:\\\/\\\/josephminster.com\\\/site\\\/#\\\/schema\\\/person\\\/973155dfa27d618c990ef6dfdc3705c9\"},\"potentialAction\":[{\"@type\":\"SearchAction\",\"target\":{\"@type\":\"EntryPoint\",\"urlTemplate\":\"https:\\\/\\\/josephminster.com\\\/site\\\/?s={search_term_string}\"},\"query-input\":{\"@type\":\"PropertyValueSpecification\",\"valueRequired\":true,\"valueName\":\"search_term_string\"}}],\"inLanguage\":\"fr-FR\"},{\"@type\":[\"Person\",\"Organization\"],\"@id\":\"https:\\\/\\\/josephminster.com\\\/site\\\/#\\\/schema\\\/person\\\/973155dfa27d618c990ef6dfdc3705c9\",\"name\":\"Joseph Minster\",\"image\":{\"@type\":\"ImageObject\",\"inLanguage\":\"fr-FR\",\"@id\":\"https:\\\/\\\/i0.wp.com\\\/josephminster.com\\\/site\\\/wp-content\\\/uploads\\\/2019\\\/11\\\/Joseph_Photo-7.jpg?fit=3360%2C2240&ssl=1\",\"url\":\"https:\\\/\\\/i0.wp.com\\\/josephminster.com\\\/site\\\/wp-content\\\/uploads\\\/2019\\\/11\\\/Joseph_Photo-7.jpg?fit=3360%2C2240&ssl=1\",\"contentUrl\":\"https:\\\/\\\/i0.wp.com\\\/josephminster.com\\\/site\\\/wp-content\\\/uploads\\\/2019\\\/11\\\/Joseph_Photo-7.jpg?fit=3360%2C2240&ssl=1\",\"width\":3360,\"height\":2240,\"caption\":\"Joseph Minster\"},\"logo\":{\"@id\":\"https:\\\/\\\/i0.wp.com\\\/josephminster.com\\\/site\\\/wp-content\\\/uploads\\\/2019\\\/11\\\/Joseph_Photo-7.jpg?fit=3360%2C2240&ssl=1\"}}]}<\/script>\n<!-- \/ Yoast SEO plugin. -->","yoast_head_json":{"title":"Orage - Joseph Minster","robots":{"index":"noindex","follow":"follow"},"og_locale":"fr_FR","og_type":"article","og_title":"Orage - Joseph Minster","og_description":"2012 &#8211; Fiction, 12&rsquo;00 &#8211; Production&nbsp;: La F\u00e9mis Benjamin retrouve Mathieu, son a\u00een\u00e9, pour vendre la scierie paternelle. Mais il d\u00e9sire Madeleine, l\u2019\u00e9pouse de son fr\u00e8re.\u00a0 Avec&nbsp;: Barth\u00e9l\u00e9my \u00c9ti\u00e9vant, David Levadoux, Pauline Huruguen Sc\u00e9nario&nbsp;: Arnaud de Cazes, Joseph Minster \/ R\u00e9alisation&nbsp;: Joseph Minster \/ Production&nbsp;: Romain Laguna \/ Directeur de la photographie&nbsp;: Aur\u00e9lien Marra \/ [&hellip;]","og_url":"https:\/\/josephminster.com\/site\/orage\/","og_site_name":"Joseph Minster","article_modified_time":"2020-04-01T18:49:16+00:00","og_image":[{"url":"http:\/\/josephminster.com\/site\/wp-content\/uploads\/2016\/01\/Affiche-Orage-jpg-766x1024.jpg","type":"","width":"","height":""}],"twitter_card":"summary_large_image","schema":{"@context":"https:\/\/schema.org","@graph":[{"@type":"WebPage","@id":"https:\/\/josephminster.com\/site\/orage\/","url":"https:\/\/josephminster.com\/site\/orage\/","name":"Orage - Joseph Minster","isPartOf":{"@id":"https:\/\/josephminster.com\/site\/#website"},"primaryImageOfPage":{"@id":"https:\/\/josephminster.com\/site\/orage\/#primaryimage"},"image":{"@id":"https:\/\/josephminster.com\/site\/orage\/#primaryimage"},"thumbnailUrl":"http:\/\/josephminster.com\/site\/wp-content\/uploads\/2016\/01\/Affiche-Orage-jpg-766x1024.jpg","datePublished":"2016-01-18T15:08:22+00:00","dateModified":"2020-04-01T18:49:16+00:00","breadcrumb":{"@id":"https:\/\/josephminster.com\/site\/orage\/#breadcrumb"},"inLanguage":"fr-FR","potentialAction":[{"@type":"ReadAction","target":["https:\/\/josephminster.com\/site\/orage\/"]}]},{"@type":"ImageObject","inLanguage":"fr-FR","@id":"https:\/\/josephminster.com\/site\/orage\/#primaryimage","url":"http:\/\/josephminster.com\/site\/wp-content\/uploads\/2016\/01\/Affiche-Orage-jpg-766x1024.jpg","contentUrl":"http:\/\/josephminster.com\/site\/wp-content\/uploads\/2016\/01\/Affiche-Orage-jpg-766x1024.jpg"},{"@type":"BreadcrumbList","@id":"https:\/\/josephminster.com\/site\/orage\/#breadcrumb","itemListElement":[{"@type":"ListItem","position":1,"name":"Accueil","item":"https:\/\/josephminster.com\/site\/"},{"@type":"ListItem","position":2,"name":"Orage"}]},{"@type":"WebSite","@id":"https:\/\/josephminster.com\/site\/#website","url":"https:\/\/josephminster.com\/site\/","name":"Joseph Minster","description":"Auteur, R\u00e9alisateur","publisher":{"@id":"https:\/\/josephminster.com\/site\/#\/schema\/person\/973155dfa27d618c990ef6dfdc3705c9"},"potentialAction":[{"@type":"SearchAction","target":{"@type":"EntryPoint","urlTemplate":"https:\/\/josephminster.com\/site\/?s={search_term_string}"},"query-input":{"@type":"PropertyValueSpecification","valueRequired":true,"valueName":"search_term_string"}}],"inLanguage":"fr-FR"},{"@type":["Person","Organization"],"@id":"https:\/\/josephminster.com\/site\/#\/schema\/person\/973155dfa27d618c990ef6dfdc3705c9","name":"Joseph Minster","image":{"@type":"ImageObject","inLanguage":"fr-FR","@id":"https:\/\/i0.wp.com\/josephminster.com\/site\/wp-content\/uploads\/2019\/11\/Joseph_Photo-7.jpg?fit=3360%2C2240&ssl=1","url":"https:\/\/i0.wp.com\/josephminster.com\/site\/wp-content\/uploads\/2019\/11\/Joseph_Photo-7.jpg?fit=3360%2C2240&ssl=1","contentUrl":"https:\/\/i0.wp.com\/josephminster.com\/site\/wp-content\/uploads\/2019\/11\/Joseph_Photo-7.jpg?fit=3360%2C2240&ssl=1","width":3360,"height":2240,"caption":"Joseph Minster"},"logo":{"@id":"https:\/\/i0.wp.com\/josephminster.com\/site\/wp-content\/uploads\/2019\/11\/Joseph_Photo-7.jpg?fit=3360%2C2240&ssl=1"}}]}},"jetpack_sharing_enabled":true,"jetpack_shortlink":"https:\/\/wp.me\/P78IKp-1A","_links":{"self":[{"href":"https:\/\/josephminster.com\/site\/wp-json\/wp\/v2\/pages\/98","targetHints":{"allow":["GET"]}}],"collection":[{"href":"https:\/\/josephminster.com\/site\/wp-json\/wp\/v2\/pages"}],"about":[{"href":"https:\/\/josephminster.com\/site\/wp-json\/wp\/v2\/types\/page"}],"author":[{"embeddable":true,"href":"https:\/\/josephminster.com\/site\/wp-json\/wp\/v2\/users\/1"}],"replies":[{"embeddable":true,"href":"https:\/\/josephminster.com\/site\/wp-json\/wp\/v2\/comments?post=98"}],"version-history":[{"count":20,"href":"https:\/\/josephminster.com\/site\/wp-json\/wp\/v2\/pages\/98\/revisions"}],"predecessor-version":[{"id":1453,"href":"https:\/\/josephminster.com\/site\/wp-json\/wp\/v2\/pages\/98\/revisions\/1453"}],"wp:attachment":[{"href":"https:\/\/josephminster.com\/site\/wp-json\/wp\/v2\/media?parent=98"}],"wp:term":[{"taxonomy":"post_tag","embeddable":true,"href":"https:\/\/josephminster.com\/site\/wp-json\/wp\/v2\/tags?post=98"}],"curies":[{"name":"wp","href":"https:\/\/api.w.org\/{rel}","templated":true}]}}