{"id":92,"date":"2016-01-18T15:59:52","date_gmt":"2016-01-18T14:59:52","guid":{"rendered":"http:\/\/josephminster.com\/site\/?page_id=92"},"modified":"2021-03-23T12:36:37","modified_gmt":"2021-03-23T11:36:37","slug":"sol-nott","status":"publish","type":"page","link":"https:\/\/josephminster.com\/site\/sol-nott\/","title":{"rendered":"Sol &#038; Nott"},"content":{"rendered":"<p><img data-recalc-dims=\"1\" loading=\"lazy\" decoding=\"async\" class=\"alignnone wp-image-8\" src=\"https:\/\/i0.wp.com\/josephminster.com\/site\/wp-content\/uploads\/2016\/01\/Affiche-Sol-Nott.jpg?resize=495%2C700&#038;ssl=1\" alt=\"Affiche Sol &amp; Nott\" width=\"495\" height=\"700\" srcset=\"https:\/\/i0.wp.com\/josephminster.com\/site\/wp-content\/uploads\/2016\/01\/Affiche-Sol-Nott.jpg?resize=724%2C1024&amp;ssl=1 724w, https:\/\/i0.wp.com\/josephminster.com\/site\/wp-content\/uploads\/2016\/01\/Affiche-Sol-Nott.jpg?resize=212%2C300&amp;ssl=1 212w, https:\/\/i0.wp.com\/josephminster.com\/site\/wp-content\/uploads\/2016\/01\/Affiche-Sol-Nott.jpg?resize=768%2C1086&amp;ssl=1 768w, https:\/\/i0.wp.com\/josephminster.com\/site\/wp-content\/uploads\/2016\/01\/Affiche-Sol-Nott.jpg?resize=640%2C905&amp;ssl=1 640w, https:\/\/i0.wp.com\/josephminster.com\/site\/wp-content\/uploads\/2016\/01\/Affiche-Sol-Nott.jpg?resize=1010%2C1429&amp;ssl=1 1010w, https:\/\/i0.wp.com\/josephminster.com\/site\/wp-content\/uploads\/2016\/01\/Affiche-Sol-Nott.jpg?w=1280&amp;ssl=1 1280w, https:\/\/i0.wp.com\/josephminster.com\/site\/wp-content\/uploads\/2016\/01\/Affiche-Sol-Nott.jpg?w=1920&amp;ssl=1 1920w\" sizes=\"auto, (max-width: 495px) 100vw, 495px\" \/><\/p>\n<blockquote><p><strong>2012 &#8211; Fiction, 1&rsquo;10&rsquo;00 &#8211; Production&nbsp;: <a href=\"http:\/\/wp.me\/P78IKp-5U\">G\u00e9n\u00e9rale des Carr\u00e9<\/a> \/ La F\u00e9mis<\/strong><\/p>\n<p><em>Sol et Nott sont deux anges. Au cours de la derni\u00e8re nuit que Sol passe sur terre avant son \u00e9largissement, ils essaient de comprendre la raison pour laquelle les anges sont envoy\u00e9s en apprentissage parmi les hommes.\u00a0<\/em><\/p><\/blockquote>\n\n\t<div class=\"slideshow_container slideshow_container_style-dark\" style=\" \" data-slideshow-id=\"223\" data-style-name=\"style-dark\" data-style-version=\"2.3.1\" >\n\n\t\t\t\t\t<div class=\"slideshow_loading_icon\"><\/div>\n\t\t\n\t\t<div class=\"slideshow_content\" style=\"display: none;\">\n\n\t\t\t<div class=\"slideshow_view\">\n\t\t\t\t<div class=\"slideshow_slide slideshow_slide_image\">\n\t\t\t\t\t\t\t\t\t\t\t<img src=\"https:\/\/i0.wp.com\/josephminster.com\/site\/wp-content\/uploads\/2016\/01\/Sol-Nott_Isablle-Ernoult.jpg?fit=1920%2C1080&amp;ssl=1\" alt=\"Sol &amp; Nott_Isablle Ernoult\" width=\"1920\" height=\"1080\" \/>\n\t\t\t\t\t\t\t\t\t\t<div class=\"slideshow_description_box slideshow_transparent\">\n\t\t\t\t\t\t<div class=\"slideshow_title\">Sol &amp; Nott_Isablle Ernoult<\/div>\t\t\t\t\t\t\t\t\t\t\t<\/div>\n\t\t\t\t<\/div>\n\n\t\t\t\t\t\t\n\t\t\t\t<div class=\"slideshow_slide slideshow_slide_image\">\n\t\t\t\t\t\t\t\t\t\t\t<img src=\"https:\/\/i0.wp.com\/josephminster.com\/site\/wp-content\/uploads\/2016\/01\/Sol-Nott_Basile-Lacoeuilhe.jpg?fit=1920%2C1080&amp;ssl=1\" alt=\"Sol &amp; Nott_Basile Lacoeuilhe\" width=\"1920\" height=\"1080\" \/>\n\t\t\t\t\t\t\t\t\t\t<div class=\"slideshow_description_box slideshow_transparent\">\n\t\t\t\t\t\t<div class=\"slideshow_title\">Sol &amp; Nott_Basile Lacoeuilhe<\/div>\t\t\t\t\t\t\t\t\t\t\t<\/div>\n\t\t\t\t<\/div>\n\n\t\t\t\t\t\t\n\t\t\t\t<div class=\"slideshow_slide slideshow_slide_image\">\n\t\t\t\t\t\t\t\t\t\t\t<img src=\"https:\/\/i0.wp.com\/josephminster.com\/site\/wp-content\/uploads\/2016\/01\/Sol-Nott_C%C3%A9cile-de-Courseulles_Yanick-Cohades.jpg?fit=1920%2C1080&amp;ssl=1\" alt=\"Sol &amp; Nott_C\u00e9cile de Courseulles_Yanick Cohades\" width=\"1920\" height=\"1080\" \/>\n\t\t\t\t\t\t\t\t\t\t<div class=\"slideshow_description_box slideshow_transparent\">\n\t\t\t\t\t\t<div class=\"slideshow_title\">Sol &amp; Nott_C\u00e9cile de Courseulles_Yanick Cohades<\/div>\t\t\t\t\t\t\t\t\t\t\t<\/div>\n\t\t\t\t<\/div>\n\n\t\t\t\t\t\t<div style=\"clear: both;\"><\/div><\/div><div class=\"slideshow_view\">\n\t\t\t\t<div class=\"slideshow_slide slideshow_slide_image\">\n\t\t\t\t\t\t\t\t\t\t\t<img src=\"https:\/\/i0.wp.com\/josephminster.com\/site\/wp-content\/uploads\/2016\/01\/Sol-Nott_Vincent-Escure_C%C3%A9cile-de-Courseulles_yanick-Cohad%C3%A8s.jpg?fit=1920%2C1080&amp;ssl=1\" alt=\"Sol &amp; Nott_Vincent Escure_C\u00e9cile de Courseulles_yanick Cohad\u00e8s\" width=\"1920\" height=\"1080\" \/>\n\t\t\t\t\t\t\t\t\t\t<div class=\"slideshow_description_box slideshow_transparent\">\n\t\t\t\t\t\t<div class=\"slideshow_title\">Sol &amp; Nott_Vincent Escure_C\u00e9cile de Courseulles_yanick Cohad\u00e8s<\/div>\t\t\t\t\t\t\t\t\t\t\t<\/div>\n\t\t\t\t<\/div>\n\n\t\t\t\t\t\t\n\t\t\t\t<div class=\"slideshow_slide slideshow_slide_image\">\n\t\t\t\t\t\t\t\t\t\t\t<img src=\"https:\/\/i0.wp.com\/josephminster.com\/site\/wp-content\/uploads\/2016\/01\/Sol-Nott_Yanick-Cohades_Basile-Lacoeuilhe_C%C3%A9cile-de-Courseulles.jpg?fit=1920%2C1080&amp;ssl=1\" alt=\"Sol &amp; Nott_Yanick Cohades_Basile Lacoeuilhe_C\u00e9cile de Courseulles\" width=\"1920\" height=\"1080\" \/>\n\t\t\t\t\t\t\t\t\t\t<div class=\"slideshow_description_box slideshow_transparent\">\n\t\t\t\t\t\t<div class=\"slideshow_title\">Sol &amp; Nott_Yanick Cohades_Basile Lacoeuilhe_C\u00e9cile de Courseulles<\/div>\t\t\t\t\t\t\t\t\t\t\t<\/div>\n\t\t\t\t<\/div>\n\n\t\t\t\t\t\t\n\t\t\t\t<div class=\"slideshow_slide slideshow_slide_image\">\n\t\t\t\t\t\t\t\t\t\t\t<img src=\"https:\/\/i0.wp.com\/josephminster.com\/site\/wp-content\/uploads\/2016\/01\/Sol-Nott_Yanick-Cohades_Bertrand-Usclat_C%C3%A9cile-de-Courseulles.jpg?fit=1920%2C1080&amp;ssl=1\" alt=\"Sol &amp; Nott_Yanick Cohades_Bertrand Usclat_C\u00e9cile de Courseulles\" width=\"1920\" height=\"1080\" \/>\n\t\t\t\t\t\t\t\t\t\t<div class=\"slideshow_description_box slideshow_transparent\">\n\t\t\t\t\t\t<div class=\"slideshow_title\">Sol &amp; Nott_Yanick Cohades_Bertrand Usclat_C\u00e9cile de Courseulles<\/div>\t\t\t\t\t\t\t\t\t\t\t<\/div>\n\t\t\t\t<\/div>\n\n\t\t\t\t\t\t<div style=\"clear: both;\"><\/div><\/div>\n\t\t<\/div>\n\n\t\t<div class=\"slideshow_controlPanel slideshow_transparent\" style=\"display: none;\"><ul><li class=\"slideshow_togglePlay\" data-play-text=\"Play\" data-pause-text=\"Pause\"><\/li><\/ul><\/div>\n\n\t\t<div class=\"slideshow_button slideshow_previous slideshow_transparent\" role=\"button\" data-previous-text=\"Pr\u00e9c\u00e9dent\" style=\"display: none;\"><\/div>\n\t\t<div class=\"slideshow_button slideshow_next slideshow_transparent\" role=\"button\" data-next-text=\"Suivant\" style=\"display: none;\"><\/div>\n\n\t\t<div class=\"slideshow_pagination\" style=\"display: none;\" data-go-to-text=\"Go to slide\"><div class=\"slideshow_pagination_center\"><\/div><\/div>\n\n\t\t<!-- WordPress Slideshow Version 2.3.1 -->\n\n\t\t\t<\/div>\n\n\n<p>Avec&nbsp;: Yanick Cohades, C\u00e9cile de Courseulles, Basile Lacoeuilhe, Vincent Escure, Bertrand Usclat, Isabelle Ernoult, Cl\u00e9ment Bondu, Dahlia Baruchel<\/p>\n<p>Sc\u00e9nario&nbsp;: Alissa Wenz, Joseph Minster \/ R\u00e9alisation&nbsp;: Joseph Minster \/ Production&nbsp;: Joseph Minster, Alissa Wenz \/ Directeur de la photographie&nbsp;: Aur\u00e9lien Marra \/ Ing\u00e9nieurs du son&nbsp;: Cl\u00e9ment Badin, Baptiste Marie \/ D\u00e9cors&nbsp;: Caroline Leroy \/ Costumes&nbsp;: Nad\u00e8ge Bourmaud, Coline Bruniaux, Simon Huet \/ Montage son et Mixage&nbsp;: Christophe Da Cunha, H\u00e9lo\u00efse Turlot \/ Musique originale&nbsp;: Alissa Wenz<\/p>\n<div class=\"jetpack-video-wrapper\"><iframe loading=\"lazy\" title=\"Sol &amp; Nott - Extrait\" src=\"https:\/\/player.vimeo.com\/video\/155422125?dnt=1&amp;app_id=122963\" width=\"640\" height=\"351\" frameborder=\"0\" allow=\"autoplay; fullscreen; picture-in-picture; clipboard-write\"><\/iframe><\/div>\n<p>&nbsp;<\/p>","protected":false},"excerpt":{"rendered":"<p>2012 &#8211; Fiction, 1&rsquo;10&rsquo;00 &#8211; Production&nbsp;: G\u00e9n\u00e9rale des Carr\u00e9 \/ La F\u00e9mis Sol et Nott sont deux anges. Au cours de la derni\u00e8re nuit que Sol passe sur terre avant son \u00e9largissement, ils essaient de comprendre la raison pour laquelle les anges sont envoy\u00e9s en apprentissage parmi les hommes.\u00a0 Avec&nbsp;: Yanick Cohades, C\u00e9cile de Courseulles, [&hellip;]<\/p>","protected":false},"author":1,"featured_media":0,"parent":0,"menu_order":0,"comment_status":"closed","ping_status":"closed","template":"template-parts\/page-full-width.php","meta":{"footnotes":""},"tags":[],"class_list":["post-92","page","type-page","status-publish","hentry"],"yoast_head":"<!-- This site is optimized with the Yoast SEO plugin v27.3 - https:\/\/yoast.com\/product\/yoast-seo-wordpress\/ -->\n<title>Sol &amp; Nott - Joseph Minster<\/title>\n<meta name=\"robots\" content=\"noindex, follow\" \/>\n<meta property=\"og:locale\" content=\"fr_FR\" \/>\n<meta property=\"og:type\" content=\"article\" \/>\n<meta property=\"og:title\" content=\"Sol &amp; Nott - Joseph Minster\" \/>\n<meta property=\"og:description\" content=\"2012 &#8211; Fiction, 1&rsquo;10&rsquo;00 &#8211; Production&nbsp;: G\u00e9n\u00e9rale des Carr\u00e9 \/ La F\u00e9mis Sol et Nott sont deux anges. Au cours de la derni\u00e8re nuit que Sol passe sur terre avant son \u00e9largissement, ils essaient de comprendre la raison pour laquelle les anges sont envoy\u00e9s en apprentissage parmi les hommes.\u00a0 Avec&nbsp;: Yanick Cohades, C\u00e9cile de Courseulles, [&hellip;]\" \/>\n<meta property=\"og:url\" content=\"https:\/\/josephminster.com\/site\/sol-nott\/\" \/>\n<meta property=\"og:site_name\" content=\"Joseph Minster\" \/>\n<meta property=\"article:modified_time\" content=\"2021-03-23T11:36:37+00:00\" \/>\n<meta property=\"og:image\" content=\"http:\/\/josephminster.com\/site\/wp-content\/uploads\/2016\/01\/Affiche-Sol-Nott-724x1024.jpg\" \/>\n<meta name=\"twitter:card\" content=\"summary_large_image\" \/>\n<meta name=\"twitter:label1\" content=\"Dur\u00e9e de lecture estim\u00e9e\" \/>\n\t<meta name=\"twitter:data1\" content=\"1 minute\" \/>\n<script type=\"application\/ld+json\" class=\"yoast-schema-graph\">{\"@context\":\"https:\\\/\\\/schema.org\",\"@graph\":[{\"@type\":\"WebPage\",\"@id\":\"https:\\\/\\\/josephminster.com\\\/site\\\/sol-nott\\\/\",\"url\":\"https:\\\/\\\/josephminster.com\\\/site\\\/sol-nott\\\/\",\"name\":\"Sol & Nott - Joseph Minster\",\"isPartOf\":{\"@id\":\"https:\\\/\\\/josephminster.com\\\/site\\\/#website\"},\"primaryImageOfPage\":{\"@id\":\"https:\\\/\\\/josephminster.com\\\/site\\\/sol-nott\\\/#primaryimage\"},\"image\":{\"@id\":\"https:\\\/\\\/josephminster.com\\\/site\\\/sol-nott\\\/#primaryimage\"},\"thumbnailUrl\":\"http:\\\/\\\/josephminster.com\\\/site\\\/wp-content\\\/uploads\\\/2016\\\/01\\\/Affiche-Sol-Nott-724x1024.jpg\",\"datePublished\":\"2016-01-18T14:59:52+00:00\",\"dateModified\":\"2021-03-23T11:36:37+00:00\",\"breadcrumb\":{\"@id\":\"https:\\\/\\\/josephminster.com\\\/site\\\/sol-nott\\\/#breadcrumb\"},\"inLanguage\":\"fr-FR\",\"potentialAction\":[{\"@type\":\"ReadAction\",\"target\":[\"https:\\\/\\\/josephminster.com\\\/site\\\/sol-nott\\\/\"]}]},{\"@type\":\"ImageObject\",\"inLanguage\":\"fr-FR\",\"@id\":\"https:\\\/\\\/josephminster.com\\\/site\\\/sol-nott\\\/#primaryimage\",\"url\":\"https:\\\/\\\/i0.wp.com\\\/josephminster.com\\\/site\\\/wp-content\\\/uploads\\\/2016\\\/01\\\/Affiche-Sol-Nott.jpg?fit=2480%2C3508&ssl=1\",\"contentUrl\":\"https:\\\/\\\/i0.wp.com\\\/josephminster.com\\\/site\\\/wp-content\\\/uploads\\\/2016\\\/01\\\/Affiche-Sol-Nott.jpg?fit=2480%2C3508&ssl=1\",\"width\":2480,\"height\":3508},{\"@type\":\"BreadcrumbList\",\"@id\":\"https:\\\/\\\/josephminster.com\\\/site\\\/sol-nott\\\/#breadcrumb\",\"itemListElement\":[{\"@type\":\"ListItem\",\"position\":1,\"name\":\"Accueil\",\"item\":\"https:\\\/\\\/josephminster.com\\\/site\\\/\"},{\"@type\":\"ListItem\",\"position\":2,\"name\":\"Sol &#038; Nott\"}]},{\"@type\":\"WebSite\",\"@id\":\"https:\\\/\\\/josephminster.com\\\/site\\\/#website\",\"url\":\"https:\\\/\\\/josephminster.com\\\/site\\\/\",\"name\":\"Joseph Minster\",\"description\":\"Auteur, R\u00e9alisateur\",\"publisher\":{\"@id\":\"https:\\\/\\\/josephminster.com\\\/site\\\/#\\\/schema\\\/person\\\/973155dfa27d618c990ef6dfdc3705c9\"},\"potentialAction\":[{\"@type\":\"SearchAction\",\"target\":{\"@type\":\"EntryPoint\",\"urlTemplate\":\"https:\\\/\\\/josephminster.com\\\/site\\\/?s={search_term_string}\"},\"query-input\":{\"@type\":\"PropertyValueSpecification\",\"valueRequired\":true,\"valueName\":\"search_term_string\"}}],\"inLanguage\":\"fr-FR\"},{\"@type\":[\"Person\",\"Organization\"],\"@id\":\"https:\\\/\\\/josephminster.com\\\/site\\\/#\\\/schema\\\/person\\\/973155dfa27d618c990ef6dfdc3705c9\",\"name\":\"Joseph Minster\",\"image\":{\"@type\":\"ImageObject\",\"inLanguage\":\"fr-FR\",\"@id\":\"https:\\\/\\\/i0.wp.com\\\/josephminster.com\\\/site\\\/wp-content\\\/uploads\\\/2019\\\/11\\\/Joseph_Photo-7.jpg?fit=3360%2C2240&ssl=1\",\"url\":\"https:\\\/\\\/i0.wp.com\\\/josephminster.com\\\/site\\\/wp-content\\\/uploads\\\/2019\\\/11\\\/Joseph_Photo-7.jpg?fit=3360%2C2240&ssl=1\",\"contentUrl\":\"https:\\\/\\\/i0.wp.com\\\/josephminster.com\\\/site\\\/wp-content\\\/uploads\\\/2019\\\/11\\\/Joseph_Photo-7.jpg?fit=3360%2C2240&ssl=1\",\"width\":3360,\"height\":2240,\"caption\":\"Joseph Minster\"},\"logo\":{\"@id\":\"https:\\\/\\\/i0.wp.com\\\/josephminster.com\\\/site\\\/wp-content\\\/uploads\\\/2019\\\/11\\\/Joseph_Photo-7.jpg?fit=3360%2C2240&ssl=1\"}}]}<\/script>\n<!-- \/ Yoast SEO plugin. -->","yoast_head_json":{"title":"Sol & Nott - Joseph Minster","robots":{"index":"noindex","follow":"follow"},"og_locale":"fr_FR","og_type":"article","og_title":"Sol & Nott - Joseph Minster","og_description":"2012 &#8211; Fiction, 1&rsquo;10&rsquo;00 &#8211; Production&nbsp;: G\u00e9n\u00e9rale des Carr\u00e9 \/ La F\u00e9mis Sol et Nott sont deux anges. Au cours de la derni\u00e8re nuit que Sol passe sur terre avant son \u00e9largissement, ils essaient de comprendre la raison pour laquelle les anges sont envoy\u00e9s en apprentissage parmi les hommes.\u00a0 Avec&nbsp;: Yanick Cohades, C\u00e9cile de Courseulles, [&hellip;]","og_url":"https:\/\/josephminster.com\/site\/sol-nott\/","og_site_name":"Joseph Minster","article_modified_time":"2021-03-23T11:36:37+00:00","og_image":[{"url":"http:\/\/josephminster.com\/site\/wp-content\/uploads\/2016\/01\/Affiche-Sol-Nott-724x1024.jpg","type":"","width":"","height":""}],"twitter_card":"summary_large_image","twitter_misc":{"Dur\u00e9e de lecture estim\u00e9e":"1 minute"},"schema":{"@context":"https:\/\/schema.org","@graph":[{"@type":"WebPage","@id":"https:\/\/josephminster.com\/site\/sol-nott\/","url":"https:\/\/josephminster.com\/site\/sol-nott\/","name":"Sol & Nott - Joseph Minster","isPartOf":{"@id":"https:\/\/josephminster.com\/site\/#website"},"primaryImageOfPage":{"@id":"https:\/\/josephminster.com\/site\/sol-nott\/#primaryimage"},"image":{"@id":"https:\/\/josephminster.com\/site\/sol-nott\/#primaryimage"},"thumbnailUrl":"http:\/\/josephminster.com\/site\/wp-content\/uploads\/2016\/01\/Affiche-Sol-Nott-724x1024.jpg","datePublished":"2016-01-18T14:59:52+00:00","dateModified":"2021-03-23T11:36:37+00:00","breadcrumb":{"@id":"https:\/\/josephminster.com\/site\/sol-nott\/#breadcrumb"},"inLanguage":"fr-FR","potentialAction":[{"@type":"ReadAction","target":["https:\/\/josephminster.com\/site\/sol-nott\/"]}]},{"@type":"ImageObject","inLanguage":"fr-FR","@id":"https:\/\/josephminster.com\/site\/sol-nott\/#primaryimage","url":"https:\/\/i0.wp.com\/josephminster.com\/site\/wp-content\/uploads\/2016\/01\/Affiche-Sol-Nott.jpg?fit=2480%2C3508&ssl=1","contentUrl":"https:\/\/i0.wp.com\/josephminster.com\/site\/wp-content\/uploads\/2016\/01\/Affiche-Sol-Nott.jpg?fit=2480%2C3508&ssl=1","width":2480,"height":3508},{"@type":"BreadcrumbList","@id":"https:\/\/josephminster.com\/site\/sol-nott\/#breadcrumb","itemListElement":[{"@type":"ListItem","position":1,"name":"Accueil","item":"https:\/\/josephminster.com\/site\/"},{"@type":"ListItem","position":2,"name":"Sol &#038; Nott"}]},{"@type":"WebSite","@id":"https:\/\/josephminster.com\/site\/#website","url":"https:\/\/josephminster.com\/site\/","name":"Joseph Minster","description":"Auteur, R\u00e9alisateur","publisher":{"@id":"https:\/\/josephminster.com\/site\/#\/schema\/person\/973155dfa27d618c990ef6dfdc3705c9"},"potentialAction":[{"@type":"SearchAction","target":{"@type":"EntryPoint","urlTemplate":"https:\/\/josephminster.com\/site\/?s={search_term_string}"},"query-input":{"@type":"PropertyValueSpecification","valueRequired":true,"valueName":"search_term_string"}}],"inLanguage":"fr-FR"},{"@type":["Person","Organization"],"@id":"https:\/\/josephminster.com\/site\/#\/schema\/person\/973155dfa27d618c990ef6dfdc3705c9","name":"Joseph Minster","image":{"@type":"ImageObject","inLanguage":"fr-FR","@id":"https:\/\/i0.wp.com\/josephminster.com\/site\/wp-content\/uploads\/2019\/11\/Joseph_Photo-7.jpg?fit=3360%2C2240&ssl=1","url":"https:\/\/i0.wp.com\/josephminster.com\/site\/wp-content\/uploads\/2019\/11\/Joseph_Photo-7.jpg?fit=3360%2C2240&ssl=1","contentUrl":"https:\/\/i0.wp.com\/josephminster.com\/site\/wp-content\/uploads\/2019\/11\/Joseph_Photo-7.jpg?fit=3360%2C2240&ssl=1","width":3360,"height":2240,"caption":"Joseph Minster"},"logo":{"@id":"https:\/\/i0.wp.com\/josephminster.com\/site\/wp-content\/uploads\/2019\/11\/Joseph_Photo-7.jpg?fit=3360%2C2240&ssl=1"}}]}},"jetpack_sharing_enabled":true,"jetpack_shortlink":"https:\/\/wp.me\/P78IKp-1u","_links":{"self":[{"href":"https:\/\/josephminster.com\/site\/wp-json\/wp\/v2\/pages\/92","targetHints":{"allow":["GET"]}}],"collection":[{"href":"https:\/\/josephminster.com\/site\/wp-json\/wp\/v2\/pages"}],"about":[{"href":"https:\/\/josephminster.com\/site\/wp-json\/wp\/v2\/types\/page"}],"author":[{"embeddable":true,"href":"https:\/\/josephminster.com\/site\/wp-json\/wp\/v2\/users\/1"}],"replies":[{"embeddable":true,"href":"https:\/\/josephminster.com\/site\/wp-json\/wp\/v2\/comments?post=92"}],"version-history":[{"count":10,"href":"https:\/\/josephminster.com\/site\/wp-json\/wp\/v2\/pages\/92\/revisions"}],"predecessor-version":[{"id":1666,"href":"https:\/\/josephminster.com\/site\/wp-json\/wp\/v2\/pages\/92\/revisions\/1666"}],"wp:attachment":[{"href":"https:\/\/josephminster.com\/site\/wp-json\/wp\/v2\/media?parent=92"}],"wp:term":[{"taxonomy":"post_tag","embeddable":true,"href":"https:\/\/josephminster.com\/site\/wp-json\/wp\/v2\/tags?post=92"}],"curies":[{"name":"wp","href":"https:\/\/api.w.org\/{rel}","templated":true}]}}