{"id":79,"date":"2016-01-18T15:23:10","date_gmt":"2016-01-18T14:23:10","guid":{"rendered":"http:\/\/josephminster.com\/site\/?page_id=79"},"modified":"2024-02-07T17:15:11","modified_gmt":"2024-02-07T16:15:11","slug":"suzanne","status":"publish","type":"page","link":"https:\/\/josephminster.com\/site\/suzanne\/","title":{"rendered":"Suzanne"},"content":{"rendered":"<p><img data-recalc-dims=\"1\" loading=\"lazy\" decoding=\"async\" class=\"alignnone wp-image-1976\" src=\"https:\/\/i0.wp.com\/josephminster.com\/site\/wp-content\/uploads\/2024\/02\/Affiche-Suzanne-1-scaled.jpg?resize=520%2C693&#038;ssl=1\" alt=\"\" width=\"520\" height=\"693\" srcset=\"https:\/\/i0.wp.com\/josephminster.com\/site\/wp-content\/uploads\/2024\/02\/Affiche-Suzanne-1-scaled.jpg?w=1920&amp;ssl=1 1920w, https:\/\/i0.wp.com\/josephminster.com\/site\/wp-content\/uploads\/2024\/02\/Affiche-Suzanne-1-scaled.jpg?resize=225%2C300&amp;ssl=1 225w, https:\/\/i0.wp.com\/josephminster.com\/site\/wp-content\/uploads\/2024\/02\/Affiche-Suzanne-1-scaled.jpg?resize=768%2C1024&amp;ssl=1 768w, https:\/\/i0.wp.com\/josephminster.com\/site\/wp-content\/uploads\/2024\/02\/Affiche-Suzanne-1-scaled.jpg?resize=1152%2C1536&amp;ssl=1 1152w, https:\/\/i0.wp.com\/josephminster.com\/site\/wp-content\/uploads\/2024\/02\/Affiche-Suzanne-1-scaled.jpg?resize=1536%2C2048&amp;ssl=1 1536w, https:\/\/i0.wp.com\/josephminster.com\/site\/wp-content\/uploads\/2024\/02\/Affiche-Suzanne-1-scaled.jpg?resize=640%2C853&amp;ssl=1 640w, https:\/\/i0.wp.com\/josephminster.com\/site\/wp-content\/uploads\/2024\/02\/Affiche-Suzanne-1-scaled.jpg?resize=1010%2C1347&amp;ssl=1 1010w, https:\/\/i0.wp.com\/josephminster.com\/site\/wp-content\/uploads\/2024\/02\/Affiche-Suzanne-1-scaled.jpg?w=1280&amp;ssl=1 1280w\" sizes=\"auto, (max-width: 520px) 100vw, 520px\" \/><\/p>\n<blockquote><p><strong>2011 &#8211; Fiction, 17&rsquo;30 &#8211; Production&nbsp;: La F\u00e9mis<\/strong><\/p>\n<p><em>La Comtesse a jur\u00e9 de punir l&rsquo;insolence d&rsquo;Eug\u00e9nie&nbsp;: pistolet, quinze pas de distance, arr\u00eat du duel au premier sang. Les deux femmes ont convoqu\u00e9 leurs t\u00e9moins. Suzanne en fait partie&#8230;<\/em><\/p><\/blockquote>\n\n\t<div class=\"slideshow_container slideshow_container_style-dark\" style=\" \" data-slideshow-id=\"206\" data-style-name=\"style-dark\" data-style-version=\"2.3.1\" >\n\n\t\t\t\t\t<div class=\"slideshow_loading_icon\"><\/div>\n\t\t\n\t\t<div class=\"slideshow_content\" style=\"display: none;\">\n\n\t\t\t<div class=\"slideshow_view\">\n\t\t\t\t<div class=\"slideshow_slide slideshow_slide_image\">\n\t\t\t\t\t\t\t\t\t\t\t<img src=\"https:\/\/i0.wp.com\/josephminster.com\/site\/wp-content\/uploads\/2016\/04\/Cl%C3%A9o-C.jpg?fit=1280%2C720&amp;ssl=1\" alt=\"Suzanne_Eug\u00e9nie\" width=\"1280\" height=\"720\" \/>\n\t\t\t\t\t\t\t\t\t\t<div class=\"slideshow_description_box slideshow_transparent\">\n\t\t\t\t\t\t<div class=\"slideshow_title\">Suzanne_Eug\u00e9nie<\/div>\t\t\t\t\t\t\t\t\t\t\t<\/div>\n\t\t\t\t<\/div>\n\n\t\t\t\t\t\t\n\t\t\t\t<div class=\"slideshow_slide slideshow_slide_image\">\n\t\t\t\t\t\t\t\t\t\t\t<img src=\"https:\/\/i0.wp.com\/josephminster.com\/site\/wp-content\/uploads\/2016\/04\/Travers%C3%A9e-du-parc-C.jpg?fit=1280%2C720&amp;ssl=1\" alt=\"Suzanne_La travers\u00e9e du parc\" width=\"1280\" height=\"720\" \/>\n\t\t\t\t\t\t\t\t\t\t<div class=\"slideshow_description_box slideshow_transparent\">\n\t\t\t\t\t\t<div class=\"slideshow_title\">Suzanne_La travers\u00e9e du parc<\/div>\t\t\t\t\t\t\t\t\t\t\t<\/div>\n\t\t\t\t<\/div>\n\n\t\t\t\t\t\t\n\t\t\t\t<div class=\"slideshow_slide slideshow_slide_image\">\n\t\t\t\t\t\t\t\t\t\t\t<img src=\"https:\/\/i0.wp.com\/josephminster.com\/site\/wp-content\/uploads\/2016\/04\/C%C3%A9cile-C-1.jpg?fit=1280%2C720&amp;ssl=1\" alt=\"Suzanne_La Comtesse\" width=\"1280\" height=\"720\" \/>\n\t\t\t\t\t\t\t\t\t\t<div class=\"slideshow_description_box slideshow_transparent\">\n\t\t\t\t\t\t<div class=\"slideshow_title\">Suzanne_La Comtesse<\/div>\t\t\t\t\t\t\t\t\t\t\t<\/div>\n\t\t\t\t<\/div>\n\n\t\t\t\t\t\t<div style=\"clear: both;\"><\/div><\/div><div class=\"slideshow_view\">\n\t\t\t\t<div class=\"slideshow_slide slideshow_slide_image\">\n\t\t\t\t\t\t\t\t\t\t\t<img src=\"https:\/\/i0.wp.com\/josephminster.com\/site\/wp-content\/uploads\/2016\/04\/Camp-dEug%C3%A9nie-C.jpg?fit=1280%2C720&amp;ssl=1\" alt=\"Suzanne_Camp d'Eug\u00e9nie\" width=\"1280\" height=\"720\" \/>\n\t\t\t\t\t\t\t\t\t\t<div class=\"slideshow_description_box slideshow_transparent\">\n\t\t\t\t\t\t<div class=\"slideshow_title\">Suzanne_Camp d'Eug\u00e9nie<\/div>\t\t\t\t\t\t\t\t\t\t\t<\/div>\n\t\t\t\t<\/div>\n\n\t\t\t\t\t\t\n\t\t\t\t<div class=\"slideshow_slide slideshow_slide_image\">\n\t\t\t\t\t\t\t\t\t\t\t<img src=\"https:\/\/i0.wp.com\/josephminster.com\/site\/wp-content\/uploads\/2016\/04\/Travers%C3%A9e-du-pont-C-1.jpg?fit=1231%2C693&amp;ssl=1\" alt=\"Suzanne_La travers\u00e9e du pont\" width=\"1231\" height=\"693\" \/>\n\t\t\t\t\t\t\t\t\t\t<div class=\"slideshow_description_box slideshow_transparent\">\n\t\t\t\t\t\t<div class=\"slideshow_title\">Suzanne_La travers\u00e9e du pont<\/div>\t\t\t\t\t\t\t\t\t\t\t<\/div>\n\t\t\t\t<\/div>\n\n\t\t\t\t\t\t\n\t\t\t\t<div class=\"slideshow_slide slideshow_slide_image\">\n\t\t\t\t\t\t\t\t\t\t\t<img src=\"https:\/\/i0.wp.com\/josephminster.com\/site\/wp-content\/uploads\/2016\/04\/Camp-de-la-comtesse-C.jpg?fit=1280%2C720&amp;ssl=1\" alt=\"Suzanne_Camp de la Comtesse\" width=\"1280\" height=\"720\" \/>\n\t\t\t\t\t\t\t\t\t\t<div class=\"slideshow_description_box slideshow_transparent\">\n\t\t\t\t\t\t<div class=\"slideshow_title\">Suzanne_Camp de la Comtesse<\/div>\t\t\t\t\t\t\t\t\t\t\t<\/div>\n\t\t\t\t<\/div>\n\n\t\t\t\t\t\t<div style=\"clear: both;\"><\/div><\/div>\n\t\t<\/div>\n\n\t\t<div class=\"slideshow_controlPanel slideshow_transparent\" style=\"display: none;\"><ul><li class=\"slideshow_togglePlay\" data-play-text=\"Play\" data-pause-text=\"Pause\"><\/li><\/ul><\/div>\n\n\t\t<div class=\"slideshow_button slideshow_previous slideshow_transparent\" role=\"button\" data-previous-text=\"Pr\u00e9c\u00e9dent\" style=\"display: none;\"><\/div>\n\t\t<div class=\"slideshow_button slideshow_next slideshow_transparent\" role=\"button\" data-next-text=\"Suivant\" style=\"display: none;\"><\/div>\n\n\t\t<div class=\"slideshow_pagination\" style=\"display: none;\" data-go-to-text=\"Go to slide\"><div class=\"slideshow_pagination_center\"><\/div><\/div>\n\n\t\t<!-- WordPress Slideshow Version 2.3.1 -->\n\n\t\t\t<\/div>\n\n\n<p>Avec&nbsp;: C\u00e9cile Salmon Monfajon, Jos\u00e9phine De Surmont, Basile Lacoeuihle, Cl\u00e9ment Beauvoir, Yanick Cohades, Cl\u00e9o Ayasse-S\u00e9nia<\/p>\n<p>Sc\u00e9nario&nbsp;: Maxime Caperan, Joseph Minster \/ R\u00e9alisation&nbsp;: Joseph Minster \/ Production&nbsp;: La\u00e9titia Aubouy \/ Image&nbsp;: \u00c9milie Noblet \/ Son&nbsp;: Tristan Pont\u00e9caille \/ Montage&nbsp;: Cl\u00e9mence Carr\u00e9 \/ Maquillage&nbsp;: Mildred Balut \/ Costumes&nbsp;: Bruno Marchini, Studio th\u00e9\u00e2tre d&rsquo;Asni\u00e8res<\/p>\n<div class=\"jetpack-video-wrapper\"><iframe loading=\"lazy\" title=\"Suzanne - Extrait\" src=\"https:\/\/player.vimeo.com\/video\/155521435?dnt=1&amp;app_id=122963\" width=\"640\" height=\"360\" frameborder=\"0\" allow=\"autoplay; fullscreen; picture-in-picture; clipboard-write\"><\/iframe><\/div>","protected":false},"excerpt":{"rendered":"<p>2011 &#8211; Fiction, 17&rsquo;30 &#8211; Production&nbsp;: La F\u00e9mis La Comtesse a jur\u00e9 de punir l&rsquo;insolence d&rsquo;Eug\u00e9nie&nbsp;: pistolet, quinze pas de distance, arr\u00eat du duel au premier sang. Les deux femmes ont convoqu\u00e9 leurs t\u00e9moins. Suzanne en fait partie&#8230; Avec&nbsp;: C\u00e9cile Salmon Monfajon, Jos\u00e9phine De Surmont, Basile Lacoeuihle, Cl\u00e9ment Beauvoir, Yanick Cohades, Cl\u00e9o Ayasse-S\u00e9nia Sc\u00e9nario&nbsp;: Maxime [&hellip;]<\/p>","protected":false},"author":1,"featured_media":0,"parent":0,"menu_order":0,"comment_status":"closed","ping_status":"closed","template":"template-parts\/page-full-width.php","meta":{"footnotes":""},"tags":[],"class_list":["post-79","page","type-page","status-publish","hentry"],"yoast_head":"<!-- This site is optimized with the Yoast SEO plugin v27.3 - https:\/\/yoast.com\/product\/yoast-seo-wordpress\/ -->\n<title>Suzanne - Joseph Minster<\/title>\n<meta name=\"robots\" content=\"index, nofollow, max-snippet:-1, max-image-preview:large, max-video-preview:-1\" \/>\n<link rel=\"canonical\" href=\"https:\/\/josephminster.com\/site\/suzanne\/\" \/>\n<meta property=\"og:locale\" content=\"fr_FR\" \/>\n<meta property=\"og:type\" content=\"article\" \/>\n<meta property=\"og:title\" content=\"Suzanne - Joseph Minster\" \/>\n<meta property=\"og:description\" content=\"2011 &#8211; Fiction, 17&rsquo;30 &#8211; Production&nbsp;: La F\u00e9mis La Comtesse a jur\u00e9 de punir l&rsquo;insolence d&rsquo;Eug\u00e9nie&nbsp;: pistolet, quinze pas de distance, arr\u00eat du duel au premier sang. Les deux femmes ont convoqu\u00e9 leurs t\u00e9moins. Suzanne en fait partie&#8230; Avec&nbsp;: C\u00e9cile Salmon Monfajon, Jos\u00e9phine De Surmont, Basile Lacoeuihle, Cl\u00e9ment Beauvoir, Yanick Cohades, Cl\u00e9o Ayasse-S\u00e9nia Sc\u00e9nario&nbsp;: Maxime [&hellip;]\" \/>\n<meta property=\"og:url\" content=\"https:\/\/josephminster.com\/site\/suzanne\/\" \/>\n<meta property=\"og:site_name\" content=\"Joseph Minster\" \/>\n<meta property=\"article:modified_time\" content=\"2024-02-07T16:15:11+00:00\" \/>\n<meta property=\"og:image\" content=\"https:\/\/josephminster.com\/site\/wp-content\/uploads\/2024\/02\/Affiche-Suzanne-1-scaled.jpg\" \/>\n<meta name=\"twitter:card\" content=\"summary_large_image\" \/>\n<meta name=\"twitter:label1\" content=\"Dur\u00e9e de lecture estim\u00e9e\" \/>\n\t<meta name=\"twitter:data1\" content=\"1 minute\" \/>\n<script type=\"application\/ld+json\" class=\"yoast-schema-graph\">{\"@context\":\"https:\\\/\\\/schema.org\",\"@graph\":[{\"@type\":\"WebPage\",\"@id\":\"https:\\\/\\\/josephminster.com\\\/site\\\/suzanne\\\/\",\"url\":\"https:\\\/\\\/josephminster.com\\\/site\\\/suzanne\\\/\",\"name\":\"Suzanne - Joseph Minster\",\"isPartOf\":{\"@id\":\"https:\\\/\\\/josephminster.com\\\/site\\\/#website\"},\"primaryImageOfPage\":{\"@id\":\"https:\\\/\\\/josephminster.com\\\/site\\\/suzanne\\\/#primaryimage\"},\"image\":{\"@id\":\"https:\\\/\\\/josephminster.com\\\/site\\\/suzanne\\\/#primaryimage\"},\"thumbnailUrl\":\"https:\\\/\\\/josephminster.com\\\/site\\\/wp-content\\\/uploads\\\/2024\\\/02\\\/Affiche-Suzanne-1-scaled.jpg\",\"datePublished\":\"2016-01-18T14:23:10+00:00\",\"dateModified\":\"2024-02-07T16:15:11+00:00\",\"breadcrumb\":{\"@id\":\"https:\\\/\\\/josephminster.com\\\/site\\\/suzanne\\\/#breadcrumb\"},\"inLanguage\":\"fr-FR\",\"potentialAction\":[{\"@type\":\"ReadAction\",\"target\":[\"https:\\\/\\\/josephminster.com\\\/site\\\/suzanne\\\/\"]}]},{\"@type\":\"ImageObject\",\"inLanguage\":\"fr-FR\",\"@id\":\"https:\\\/\\\/josephminster.com\\\/site\\\/suzanne\\\/#primaryimage\",\"url\":\"https:\\\/\\\/i0.wp.com\\\/josephminster.com\\\/site\\\/wp-content\\\/uploads\\\/2024\\\/02\\\/Affiche-Suzanne-1-scaled.jpg?fit=1920%2C2560&ssl=1\",\"contentUrl\":\"https:\\\/\\\/i0.wp.com\\\/josephminster.com\\\/site\\\/wp-content\\\/uploads\\\/2024\\\/02\\\/Affiche-Suzanne-1-scaled.jpg?fit=1920%2C2560&ssl=1\",\"width\":1920,\"height\":2560},{\"@type\":\"BreadcrumbList\",\"@id\":\"https:\\\/\\\/josephminster.com\\\/site\\\/suzanne\\\/#breadcrumb\",\"itemListElement\":[{\"@type\":\"ListItem\",\"position\":1,\"name\":\"Accueil\",\"item\":\"https:\\\/\\\/josephminster.com\\\/site\\\/\"},{\"@type\":\"ListItem\",\"position\":2,\"name\":\"Suzanne\"}]},{\"@type\":\"WebSite\",\"@id\":\"https:\\\/\\\/josephminster.com\\\/site\\\/#website\",\"url\":\"https:\\\/\\\/josephminster.com\\\/site\\\/\",\"name\":\"Joseph Minster\",\"description\":\"Auteur, R\u00e9alisateur\",\"publisher\":{\"@id\":\"https:\\\/\\\/josephminster.com\\\/site\\\/#\\\/schema\\\/person\\\/973155dfa27d618c990ef6dfdc3705c9\"},\"potentialAction\":[{\"@type\":\"SearchAction\",\"target\":{\"@type\":\"EntryPoint\",\"urlTemplate\":\"https:\\\/\\\/josephminster.com\\\/site\\\/?s={search_term_string}\"},\"query-input\":{\"@type\":\"PropertyValueSpecification\",\"valueRequired\":true,\"valueName\":\"search_term_string\"}}],\"inLanguage\":\"fr-FR\"},{\"@type\":[\"Person\",\"Organization\"],\"@id\":\"https:\\\/\\\/josephminster.com\\\/site\\\/#\\\/schema\\\/person\\\/973155dfa27d618c990ef6dfdc3705c9\",\"name\":\"Joseph Minster\",\"image\":{\"@type\":\"ImageObject\",\"inLanguage\":\"fr-FR\",\"@id\":\"https:\\\/\\\/i0.wp.com\\\/josephminster.com\\\/site\\\/wp-content\\\/uploads\\\/2019\\\/11\\\/Joseph_Photo-7.jpg?fit=3360%2C2240&ssl=1\",\"url\":\"https:\\\/\\\/i0.wp.com\\\/josephminster.com\\\/site\\\/wp-content\\\/uploads\\\/2019\\\/11\\\/Joseph_Photo-7.jpg?fit=3360%2C2240&ssl=1\",\"contentUrl\":\"https:\\\/\\\/i0.wp.com\\\/josephminster.com\\\/site\\\/wp-content\\\/uploads\\\/2019\\\/11\\\/Joseph_Photo-7.jpg?fit=3360%2C2240&ssl=1\",\"width\":3360,\"height\":2240,\"caption\":\"Joseph Minster\"},\"logo\":{\"@id\":\"https:\\\/\\\/i0.wp.com\\\/josephminster.com\\\/site\\\/wp-content\\\/uploads\\\/2019\\\/11\\\/Joseph_Photo-7.jpg?fit=3360%2C2240&ssl=1\"}}]}<\/script>\n<!-- \/ Yoast SEO plugin. -->","yoast_head_json":{"title":"Suzanne - Joseph Minster","robots":{"index":"index","follow":"nofollow","max-snippet":"max-snippet:-1","max-image-preview":"max-image-preview:large","max-video-preview":"max-video-preview:-1"},"canonical":"https:\/\/josephminster.com\/site\/suzanne\/","og_locale":"fr_FR","og_type":"article","og_title":"Suzanne - Joseph Minster","og_description":"2011 &#8211; Fiction, 17&rsquo;30 &#8211; Production&nbsp;: La F\u00e9mis La Comtesse a jur\u00e9 de punir l&rsquo;insolence d&rsquo;Eug\u00e9nie&nbsp;: pistolet, quinze pas de distance, arr\u00eat du duel au premier sang. Les deux femmes ont convoqu\u00e9 leurs t\u00e9moins. Suzanne en fait partie&#8230; Avec&nbsp;: C\u00e9cile Salmon Monfajon, Jos\u00e9phine De Surmont, Basile Lacoeuihle, Cl\u00e9ment Beauvoir, Yanick Cohades, Cl\u00e9o Ayasse-S\u00e9nia Sc\u00e9nario&nbsp;: Maxime [&hellip;]","og_url":"https:\/\/josephminster.com\/site\/suzanne\/","og_site_name":"Joseph Minster","article_modified_time":"2024-02-07T16:15:11+00:00","og_image":[{"url":"https:\/\/josephminster.com\/site\/wp-content\/uploads\/2024\/02\/Affiche-Suzanne-1-scaled.jpg","type":"","width":"","height":""}],"twitter_card":"summary_large_image","twitter_misc":{"Dur\u00e9e de lecture estim\u00e9e":"1 minute"},"schema":{"@context":"https:\/\/schema.org","@graph":[{"@type":"WebPage","@id":"https:\/\/josephminster.com\/site\/suzanne\/","url":"https:\/\/josephminster.com\/site\/suzanne\/","name":"Suzanne - Joseph Minster","isPartOf":{"@id":"https:\/\/josephminster.com\/site\/#website"},"primaryImageOfPage":{"@id":"https:\/\/josephminster.com\/site\/suzanne\/#primaryimage"},"image":{"@id":"https:\/\/josephminster.com\/site\/suzanne\/#primaryimage"},"thumbnailUrl":"https:\/\/josephminster.com\/site\/wp-content\/uploads\/2024\/02\/Affiche-Suzanne-1-scaled.jpg","datePublished":"2016-01-18T14:23:10+00:00","dateModified":"2024-02-07T16:15:11+00:00","breadcrumb":{"@id":"https:\/\/josephminster.com\/site\/suzanne\/#breadcrumb"},"inLanguage":"fr-FR","potentialAction":[{"@type":"ReadAction","target":["https:\/\/josephminster.com\/site\/suzanne\/"]}]},{"@type":"ImageObject","inLanguage":"fr-FR","@id":"https:\/\/josephminster.com\/site\/suzanne\/#primaryimage","url":"https:\/\/i0.wp.com\/josephminster.com\/site\/wp-content\/uploads\/2024\/02\/Affiche-Suzanne-1-scaled.jpg?fit=1920%2C2560&ssl=1","contentUrl":"https:\/\/i0.wp.com\/josephminster.com\/site\/wp-content\/uploads\/2024\/02\/Affiche-Suzanne-1-scaled.jpg?fit=1920%2C2560&ssl=1","width":1920,"height":2560},{"@type":"BreadcrumbList","@id":"https:\/\/josephminster.com\/site\/suzanne\/#breadcrumb","itemListElement":[{"@type":"ListItem","position":1,"name":"Accueil","item":"https:\/\/josephminster.com\/site\/"},{"@type":"ListItem","position":2,"name":"Suzanne"}]},{"@type":"WebSite","@id":"https:\/\/josephminster.com\/site\/#website","url":"https:\/\/josephminster.com\/site\/","name":"Joseph Minster","description":"Auteur, R\u00e9alisateur","publisher":{"@id":"https:\/\/josephminster.com\/site\/#\/schema\/person\/973155dfa27d618c990ef6dfdc3705c9"},"potentialAction":[{"@type":"SearchAction","target":{"@type":"EntryPoint","urlTemplate":"https:\/\/josephminster.com\/site\/?s={search_term_string}"},"query-input":{"@type":"PropertyValueSpecification","valueRequired":true,"valueName":"search_term_string"}}],"inLanguage":"fr-FR"},{"@type":["Person","Organization"],"@id":"https:\/\/josephminster.com\/site\/#\/schema\/person\/973155dfa27d618c990ef6dfdc3705c9","name":"Joseph Minster","image":{"@type":"ImageObject","inLanguage":"fr-FR","@id":"https:\/\/i0.wp.com\/josephminster.com\/site\/wp-content\/uploads\/2019\/11\/Joseph_Photo-7.jpg?fit=3360%2C2240&ssl=1","url":"https:\/\/i0.wp.com\/josephminster.com\/site\/wp-content\/uploads\/2019\/11\/Joseph_Photo-7.jpg?fit=3360%2C2240&ssl=1","contentUrl":"https:\/\/i0.wp.com\/josephminster.com\/site\/wp-content\/uploads\/2019\/11\/Joseph_Photo-7.jpg?fit=3360%2C2240&ssl=1","width":3360,"height":2240,"caption":"Joseph Minster"},"logo":{"@id":"https:\/\/i0.wp.com\/josephminster.com\/site\/wp-content\/uploads\/2019\/11\/Joseph_Photo-7.jpg?fit=3360%2C2240&ssl=1"}}]}},"jetpack_sharing_enabled":true,"jetpack_shortlink":"https:\/\/wp.me\/P78IKp-1h","_links":{"self":[{"href":"https:\/\/josephminster.com\/site\/wp-json\/wp\/v2\/pages\/79","targetHints":{"allow":["GET"]}}],"collection":[{"href":"https:\/\/josephminster.com\/site\/wp-json\/wp\/v2\/pages"}],"about":[{"href":"https:\/\/josephminster.com\/site\/wp-json\/wp\/v2\/types\/page"}],"author":[{"embeddable":true,"href":"https:\/\/josephminster.com\/site\/wp-json\/wp\/v2\/users\/1"}],"replies":[{"embeddable":true,"href":"https:\/\/josephminster.com\/site\/wp-json\/wp\/v2\/comments?post=79"}],"version-history":[{"count":19,"href":"https:\/\/josephminster.com\/site\/wp-json\/wp\/v2\/pages\/79\/revisions"}],"predecessor-version":[{"id":1978,"href":"https:\/\/josephminster.com\/site\/wp-json\/wp\/v2\/pages\/79\/revisions\/1978"}],"wp:attachment":[{"href":"https:\/\/josephminster.com\/site\/wp-json\/wp\/v2\/media?parent=79"}],"wp:term":[{"taxonomy":"post_tag","embeddable":true,"href":"https:\/\/josephminster.com\/site\/wp-json\/wp\/v2\/tags?post=79"}],"curies":[{"name":"wp","href":"https:\/\/api.w.org\/{rel}","templated":true}]}}