{"id":474,"date":"2016-04-11T13:34:42","date_gmt":"2016-04-11T12:34:42","guid":{"rendered":"http:\/\/josephminster.com\/site\/?page_id=474"},"modified":"2025-02-21T13:57:31","modified_gmt":"2025-02-21T12:57:31","slug":"deux-filles-a-venise","status":"publish","type":"page","link":"https:\/\/josephminster.com\/site\/deux-filles-a-venise\/","title":{"rendered":"Deux filles \u00e0 Venise"},"content":{"rendered":"<p><img data-recalc-dims=\"1\" loading=\"lazy\" decoding=\"async\" class=\"alignnone wp-image-1962\" src=\"https:\/\/i0.wp.com\/josephminster.com\/site\/wp-content\/uploads\/2024\/02\/Affiche-Deux-filles-a-Venise-scaled.jpg?resize=520%2C693&#038;ssl=1\" alt=\"\" width=\"520\" height=\"693\" srcset=\"https:\/\/i0.wp.com\/josephminster.com\/site\/wp-content\/uploads\/2024\/02\/Affiche-Deux-filles-a-Venise-scaled.jpg?w=1920&amp;ssl=1 1920w, https:\/\/i0.wp.com\/josephminster.com\/site\/wp-content\/uploads\/2024\/02\/Affiche-Deux-filles-a-Venise-scaled.jpg?resize=225%2C300&amp;ssl=1 225w, https:\/\/i0.wp.com\/josephminster.com\/site\/wp-content\/uploads\/2024\/02\/Affiche-Deux-filles-a-Venise-scaled.jpg?resize=768%2C1024&amp;ssl=1 768w, https:\/\/i0.wp.com\/josephminster.com\/site\/wp-content\/uploads\/2024\/02\/Affiche-Deux-filles-a-Venise-scaled.jpg?resize=1152%2C1536&amp;ssl=1 1152w, https:\/\/i0.wp.com\/josephminster.com\/site\/wp-content\/uploads\/2024\/02\/Affiche-Deux-filles-a-Venise-scaled.jpg?resize=1536%2C2048&amp;ssl=1 1536w, https:\/\/i0.wp.com\/josephminster.com\/site\/wp-content\/uploads\/2024\/02\/Affiche-Deux-filles-a-Venise-scaled.jpg?resize=640%2C853&amp;ssl=1 640w, https:\/\/i0.wp.com\/josephminster.com\/site\/wp-content\/uploads\/2024\/02\/Affiche-Deux-filles-a-Venise-scaled.jpg?resize=1010%2C1347&amp;ssl=1 1010w, https:\/\/i0.wp.com\/josephminster.com\/site\/wp-content\/uploads\/2024\/02\/Affiche-Deux-filles-a-Venise-scaled.jpg?w=1280&amp;ssl=1 1280w\" sizes=\"auto, (max-width: 520px) 100vw, 520px\" \/><\/p>\n<blockquote><p><strong>2016 &#8211; Fiction, 13&rsquo;30 &#8211; Production&nbsp;: <a href=\"http:\/\/palikaofilms.fr\/courts-metrages\/venise\">Palikao Films<\/a><\/strong><\/p>\n<p><em>Camille vient passer quelques jours chez son amie Claire en \u00c9rasmus \u00e0 Venise. Les deux jeunes filles se rendent \u00e0 une soir\u00e9e chez Jean, dont Claire est secr\u00e8tement amoureuse. Mais Jean est attir\u00e9 par Camille, laquelle n\u2019esp\u00e8re qu\u2019une chose\u00a0: retrouver Paul.<\/em><\/p><\/blockquote>\n\n\t<div class=\"slideshow_container slideshow_container_style-dark\" style=\" \" data-slideshow-id=\"501\" data-style-name=\"style-dark\" data-style-version=\"2.3.1\" >\n\n\t\t\t\t\t<div class=\"slideshow_loading_icon\"><\/div>\n\t\t\n\t\t<div class=\"slideshow_content\" style=\"display: none;\">\n\n\t\t\t<div class=\"slideshow_view\">\n\t\t\t\t<div class=\"slideshow_slide slideshow_slide_image\">\n\t\t\t\t\t\t\t\t\t\t\t<img src=\"https:\/\/i0.wp.com\/josephminster.com\/site\/wp-content\/uploads\/2016\/04\/Deux_filles_%C3%A0_Venise_Karla-Opelik-B%C3%A9rang%C3%A8re-Girot-2.jpg?fit=960%2C540&amp;ssl=1\" alt=\"Deux_filles_\u00e0_Venise_2\" width=\"960\" height=\"540\" \/>\n\t\t\t\t\t\t\t\t\t\t<div class=\"slideshow_description_box slideshow_transparent\">\n\t\t\t\t\t\t<div class=\"slideshow_title\">Deux_filles_\u00e0_Venise_2<\/div>\t\t\t\t\t\t\t\t\t\t\t<\/div>\n\t\t\t\t<\/div>\n\n\t\t\t\t\t\t\n\t\t\t\t<div class=\"slideshow_slide slideshow_slide_image\">\n\t\t\t\t\t\t\t\t\t\t\t<img src=\"https:\/\/i0.wp.com\/josephminster.com\/site\/wp-content\/uploads\/2016\/04\/Deux_filles_%C3%A0-Venise_B%C3%A9rang%C3%A8re-Girot-Karla-Opelik-2.jpg?fit=960%2C540&amp;ssl=1\" alt=\"Deux_filles_\u00e0 Venise_8\" width=\"960\" height=\"540\" \/>\n\t\t\t\t\t\t\t\t\t\t<div class=\"slideshow_description_box slideshow_transparent\">\n\t\t\t\t\t\t<div class=\"slideshow_title\">Deux_filles_\u00e0 Venise_8<\/div>\t\t\t\t\t\t\t\t\t\t\t<\/div>\n\t\t\t\t<\/div>\n\n\t\t\t\t\t\t\n\t\t\t\t<div class=\"slideshow_slide slideshow_slide_image\">\n\t\t\t\t\t\t\t\t\t\t\t<img src=\"https:\/\/i0.wp.com\/josephminster.com\/site\/wp-content\/uploads\/2016\/04\/Deux_filles_%C3%A0-Venise_B%C3%A9rang%C3%A8re-Girot.jpg?fit=960%2C540&amp;ssl=1\" alt=\"Deux_filles_\u00e0 Venise_7\" width=\"960\" height=\"540\" \/>\n\t\t\t\t\t\t\t\t\t\t<div class=\"slideshow_description_box slideshow_transparent\">\n\t\t\t\t\t\t<div class=\"slideshow_title\">Deux_filles_\u00e0 Venise_7<\/div>\t\t\t\t\t\t\t\t\t\t\t<\/div>\n\t\t\t\t<\/div>\n\n\t\t\t\t\t\t<div style=\"clear: both;\"><\/div><\/div><div class=\"slideshow_view\">\n\t\t\t\t<div class=\"slideshow_slide slideshow_slide_image\">\n\t\t\t\t\t\t\t\t\t\t\t<img src=\"https:\/\/i0.wp.com\/josephminster.com\/site\/wp-content\/uploads\/2016\/04\/Deux_filles_%C3%A0-Venise_C%C3%B4me-Tardy.jpg?fit=960%2C540&amp;ssl=1\" alt=\"Deux_filles_\u00e0 Venise_5\" width=\"960\" height=\"540\" \/>\n\t\t\t\t\t\t\t\t\t\t<div class=\"slideshow_description_box slideshow_transparent\">\n\t\t\t\t\t\t<div class=\"slideshow_title\">Deux_filles_\u00e0 Venise_5<\/div>\t\t\t\t\t\t\t\t\t\t\t<\/div>\n\t\t\t\t<\/div>\n\n\t\t\t\t\t\t\n\t\t\t\t<div class=\"slideshow_slide slideshow_slide_image\">\n\t\t\t\t\t\t\t\t\t\t\t<img src=\"https:\/\/i0.wp.com\/josephminster.com\/site\/wp-content\/uploads\/2016\/04\/Deux_filles_%C3%A0-Venise_Karla-Opelik-B%C3%A9rang%C3%A8re-Girot.jpg?fit=960%2C540&amp;ssl=1\" alt=\"Deux_filles_\u00e0 Venise_4\" width=\"960\" height=\"540\" \/>\n\t\t\t\t\t\t\t\t\t\t<div class=\"slideshow_description_box slideshow_transparent\">\n\t\t\t\t\t\t<div class=\"slideshow_title\">Deux_filles_\u00e0 Venise_4<\/div>\t\t\t\t\t\t\t\t\t\t\t<\/div>\n\t\t\t\t<\/div>\n\n\t\t\t\t\t\t\n\t\t\t\t<div class=\"slideshow_slide slideshow_slide_image\">\n\t\t\t\t\t\t\t\t\t\t\t<img src=\"https:\/\/i0.wp.com\/josephminster.com\/site\/wp-content\/uploads\/2016\/04\/Deux_filles_%C3%A0-Venise_Karla-Opelik-2.jpg?fit=960%2C540&amp;ssl=1\" alt=\"Deux_filles_\u00e0 Venise_1\" width=\"960\" height=\"540\" \/>\n\t\t\t\t\t\t\t\t\t\t<div class=\"slideshow_description_box slideshow_transparent\">\n\t\t\t\t\t\t<div class=\"slideshow_title\">Deux_filles_\u00e0 Venise_1<\/div>\t\t\t\t\t\t\t\t\t\t\t<\/div>\n\t\t\t\t<\/div>\n\n\t\t\t\t\t\t<div style=\"clear: both;\"><\/div><\/div>\n\t\t<\/div>\n\n\t\t<div class=\"slideshow_controlPanel slideshow_transparent\" style=\"display: none;\"><ul><li class=\"slideshow_togglePlay\" data-play-text=\"Play\" data-pause-text=\"Pause\"><\/li><\/ul><\/div>\n\n\t\t<div class=\"slideshow_button slideshow_previous slideshow_transparent\" role=\"button\" data-previous-text=\"Pr\u00e9c\u00e9dent\" style=\"display: none;\"><\/div>\n\t\t<div class=\"slideshow_button slideshow_next slideshow_transparent\" role=\"button\" data-next-text=\"Suivant\" style=\"display: none;\"><\/div>\n\n\t\t<div class=\"slideshow_pagination\" style=\"display: none;\" data-go-to-text=\"Go to slide\"><div class=\"slideshow_pagination_center\"><\/div><\/div>\n\n\t\t<!-- WordPress Slideshow Version 2.3.1 -->\n\n\t\t\t<\/div>\n\n\n<p>Avec&nbsp;: Karla Opelik,\u00a0B\u00e9rang\u00e8re Girod, C\u00f4me Tardy<\/p>\n<p>Sc\u00e9nario et R\u00e9alisation&nbsp;: Joseph Minster \/ Production&nbsp;: Delphine Benroubi\u00a0\/ Image et Montage\u00a0: Joseph Minster\u00a0\/ Ing\u00e9nieur du son&nbsp;: R\u00e9mi Galibert\u00a0\/ Montage son &amp; Mixage&nbsp;: Florent Castellani\u00a0\/ \u00c9talonnage&nbsp;: Evgenia Alexandrova<\/p>\n<div class=\"jetpack-video-wrapper\"><iframe loading=\"lazy\" title=\"Deux filles \u00e0 Venise - Extrait\" src=\"https:\/\/player.vimeo.com\/video\/162714455?dnt=1&amp;app_id=122963\" width=\"640\" height=\"360\" frameborder=\"0\" allow=\"autoplay; fullscreen; picture-in-picture; clipboard-write; encrypted-media\"><\/iframe><\/div>","protected":false},"excerpt":{"rendered":"<p>2016 &#8211; Fiction, 13&rsquo;30 &#8211; Production&nbsp;: Palikao Films Camille vient passer quelques jours chez son amie Claire en \u00c9rasmus \u00e0 Venise. Les deux jeunes filles se rendent \u00e0 une soir\u00e9e chez Jean, dont Claire est secr\u00e8tement amoureuse. Mais Jean est attir\u00e9 par Camille, laquelle n\u2019esp\u00e8re qu\u2019une chose\u00a0: retrouver Paul. Avec&nbsp;: Karla Opelik,\u00a0B\u00e9rang\u00e8re Girod, C\u00f4me Tardy [&hellip;]<\/p>","protected":false},"author":1,"featured_media":0,"parent":0,"menu_order":0,"comment_status":"closed","ping_status":"closed","template":"template-parts\/page-full-width.php","meta":{"footnotes":""},"tags":[],"class_list":["post-474","page","type-page","status-publish","hentry"],"yoast_head":"<!-- This site is optimized with the Yoast SEO plugin v27.4 - https:\/\/yoast.com\/product\/yoast-seo-wordpress\/ -->\n<title>Deux filles \u00e0 Venise - Joseph Minster<\/title>\n<meta name=\"robots\" content=\"noindex, follow\" \/>\n<meta property=\"og:locale\" content=\"fr_FR\" \/>\n<meta property=\"og:type\" content=\"article\" \/>\n<meta property=\"og:title\" content=\"Deux filles \u00e0 Venise - Joseph Minster\" \/>\n<meta property=\"og:description\" content=\"2016 &#8211; Fiction, 13&rsquo;30 &#8211; Production&nbsp;: Palikao Films Camille vient passer quelques jours chez son amie Claire en \u00c9rasmus \u00e0 Venise. Les deux jeunes filles se rendent \u00e0 une soir\u00e9e chez Jean, dont Claire est secr\u00e8tement amoureuse. Mais Jean est attir\u00e9 par Camille, laquelle n\u2019esp\u00e8re qu\u2019une chose\u00a0: retrouver Paul. Avec&nbsp;: Karla Opelik,\u00a0B\u00e9rang\u00e8re Girod, C\u00f4me Tardy [&hellip;]\" \/>\n<meta property=\"og:url\" content=\"https:\/\/josephminster.com\/site\/deux-filles-a-venise\/\" \/>\n<meta property=\"og:site_name\" content=\"Joseph Minster\" \/>\n<meta property=\"article:modified_time\" content=\"2025-02-21T12:57:31+00:00\" \/>\n<meta property=\"og:image\" content=\"https:\/\/josephminster.com\/site\/wp-content\/uploads\/2024\/02\/Affiche-Deux-filles-a-Venise-scaled.jpg\" \/>\n<meta name=\"twitter:card\" content=\"summary_large_image\" \/>\n<meta name=\"twitter:label1\" content=\"Dur\u00e9e de lecture estim\u00e9e\" \/>\n\t<meta name=\"twitter:data1\" content=\"1 minute\" \/>\n<script type=\"application\/ld+json\" class=\"yoast-schema-graph\">{\"@context\":\"https:\\\/\\\/schema.org\",\"@graph\":[{\"@type\":\"WebPage\",\"@id\":\"https:\\\/\\\/josephminster.com\\\/site\\\/deux-filles-a-venise\\\/\",\"url\":\"https:\\\/\\\/josephminster.com\\\/site\\\/deux-filles-a-venise\\\/\",\"name\":\"Deux filles \u00e0 Venise - Joseph Minster\",\"isPartOf\":{\"@id\":\"https:\\\/\\\/josephminster.com\\\/site\\\/#website\"},\"primaryImageOfPage\":{\"@id\":\"https:\\\/\\\/josephminster.com\\\/site\\\/deux-filles-a-venise\\\/#primaryimage\"},\"image\":{\"@id\":\"https:\\\/\\\/josephminster.com\\\/site\\\/deux-filles-a-venise\\\/#primaryimage\"},\"thumbnailUrl\":\"https:\\\/\\\/josephminster.com\\\/site\\\/wp-content\\\/uploads\\\/2024\\\/02\\\/Affiche-Deux-filles-a-Venise-scaled.jpg\",\"datePublished\":\"2016-04-11T12:34:42+00:00\",\"dateModified\":\"2025-02-21T12:57:31+00:00\",\"breadcrumb\":{\"@id\":\"https:\\\/\\\/josephminster.com\\\/site\\\/deux-filles-a-venise\\\/#breadcrumb\"},\"inLanguage\":\"fr-FR\",\"potentialAction\":[{\"@type\":\"ReadAction\",\"target\":[\"https:\\\/\\\/josephminster.com\\\/site\\\/deux-filles-a-venise\\\/\"]}]},{\"@type\":\"ImageObject\",\"inLanguage\":\"fr-FR\",\"@id\":\"https:\\\/\\\/josephminster.com\\\/site\\\/deux-filles-a-venise\\\/#primaryimage\",\"url\":\"https:\\\/\\\/i0.wp.com\\\/josephminster.com\\\/site\\\/wp-content\\\/uploads\\\/2024\\\/02\\\/Affiche-Deux-filles-a-Venise-scaled.jpg?fit=1920%2C2560&ssl=1\",\"contentUrl\":\"https:\\\/\\\/i0.wp.com\\\/josephminster.com\\\/site\\\/wp-content\\\/uploads\\\/2024\\\/02\\\/Affiche-Deux-filles-a-Venise-scaled.jpg?fit=1920%2C2560&ssl=1\",\"width\":1920,\"height\":2560},{\"@type\":\"BreadcrumbList\",\"@id\":\"https:\\\/\\\/josephminster.com\\\/site\\\/deux-filles-a-venise\\\/#breadcrumb\",\"itemListElement\":[{\"@type\":\"ListItem\",\"position\":1,\"name\":\"Accueil\",\"item\":\"https:\\\/\\\/josephminster.com\\\/site\\\/\"},{\"@type\":\"ListItem\",\"position\":2,\"name\":\"Deux filles \u00e0 Venise\"}]},{\"@type\":\"WebSite\",\"@id\":\"https:\\\/\\\/josephminster.com\\\/site\\\/#website\",\"url\":\"https:\\\/\\\/josephminster.com\\\/site\\\/\",\"name\":\"Joseph Minster\",\"description\":\"Auteur, R\u00e9alisateur\",\"publisher\":{\"@id\":\"https:\\\/\\\/josephminster.com\\\/site\\\/#\\\/schema\\\/person\\\/973155dfa27d618c990ef6dfdc3705c9\"},\"potentialAction\":[{\"@type\":\"SearchAction\",\"target\":{\"@type\":\"EntryPoint\",\"urlTemplate\":\"https:\\\/\\\/josephminster.com\\\/site\\\/?s={search_term_string}\"},\"query-input\":{\"@type\":\"PropertyValueSpecification\",\"valueRequired\":true,\"valueName\":\"search_term_string\"}}],\"inLanguage\":\"fr-FR\"},{\"@type\":[\"Person\",\"Organization\"],\"@id\":\"https:\\\/\\\/josephminster.com\\\/site\\\/#\\\/schema\\\/person\\\/973155dfa27d618c990ef6dfdc3705c9\",\"name\":\"Joseph Minster\",\"image\":{\"@type\":\"ImageObject\",\"inLanguage\":\"fr-FR\",\"@id\":\"https:\\\/\\\/i0.wp.com\\\/josephminster.com\\\/site\\\/wp-content\\\/uploads\\\/2019\\\/11\\\/Joseph_Photo-7.jpg?fit=3360%2C2240&ssl=1\",\"url\":\"https:\\\/\\\/i0.wp.com\\\/josephminster.com\\\/site\\\/wp-content\\\/uploads\\\/2019\\\/11\\\/Joseph_Photo-7.jpg?fit=3360%2C2240&ssl=1\",\"contentUrl\":\"https:\\\/\\\/i0.wp.com\\\/josephminster.com\\\/site\\\/wp-content\\\/uploads\\\/2019\\\/11\\\/Joseph_Photo-7.jpg?fit=3360%2C2240&ssl=1\",\"width\":3360,\"height\":2240,\"caption\":\"Joseph Minster\"},\"logo\":{\"@id\":\"https:\\\/\\\/i0.wp.com\\\/josephminster.com\\\/site\\\/wp-content\\\/uploads\\\/2019\\\/11\\\/Joseph_Photo-7.jpg?fit=3360%2C2240&ssl=1\"}}]}<\/script>\n<!-- \/ Yoast SEO plugin. -->","yoast_head_json":{"title":"Deux filles \u00e0 Venise - Joseph Minster","robots":{"index":"noindex","follow":"follow"},"og_locale":"fr_FR","og_type":"article","og_title":"Deux filles \u00e0 Venise - Joseph Minster","og_description":"2016 &#8211; Fiction, 13&rsquo;30 &#8211; Production&nbsp;: Palikao Films Camille vient passer quelques jours chez son amie Claire en \u00c9rasmus \u00e0 Venise. Les deux jeunes filles se rendent \u00e0 une soir\u00e9e chez Jean, dont Claire est secr\u00e8tement amoureuse. Mais Jean est attir\u00e9 par Camille, laquelle n\u2019esp\u00e8re qu\u2019une chose\u00a0: retrouver Paul. Avec&nbsp;: Karla Opelik,\u00a0B\u00e9rang\u00e8re Girod, C\u00f4me Tardy [&hellip;]","og_url":"https:\/\/josephminster.com\/site\/deux-filles-a-venise\/","og_site_name":"Joseph Minster","article_modified_time":"2025-02-21T12:57:31+00:00","og_image":[{"url":"https:\/\/josephminster.com\/site\/wp-content\/uploads\/2024\/02\/Affiche-Deux-filles-a-Venise-scaled.jpg","type":"","width":"","height":""}],"twitter_card":"summary_large_image","twitter_misc":{"Dur\u00e9e de lecture estim\u00e9e":"1 minute"},"schema":{"@context":"https:\/\/schema.org","@graph":[{"@type":"WebPage","@id":"https:\/\/josephminster.com\/site\/deux-filles-a-venise\/","url":"https:\/\/josephminster.com\/site\/deux-filles-a-venise\/","name":"Deux filles \u00e0 Venise - Joseph Minster","isPartOf":{"@id":"https:\/\/josephminster.com\/site\/#website"},"primaryImageOfPage":{"@id":"https:\/\/josephminster.com\/site\/deux-filles-a-venise\/#primaryimage"},"image":{"@id":"https:\/\/josephminster.com\/site\/deux-filles-a-venise\/#primaryimage"},"thumbnailUrl":"https:\/\/josephminster.com\/site\/wp-content\/uploads\/2024\/02\/Affiche-Deux-filles-a-Venise-scaled.jpg","datePublished":"2016-04-11T12:34:42+00:00","dateModified":"2025-02-21T12:57:31+00:00","breadcrumb":{"@id":"https:\/\/josephminster.com\/site\/deux-filles-a-venise\/#breadcrumb"},"inLanguage":"fr-FR","potentialAction":[{"@type":"ReadAction","target":["https:\/\/josephminster.com\/site\/deux-filles-a-venise\/"]}]},{"@type":"ImageObject","inLanguage":"fr-FR","@id":"https:\/\/josephminster.com\/site\/deux-filles-a-venise\/#primaryimage","url":"https:\/\/i0.wp.com\/josephminster.com\/site\/wp-content\/uploads\/2024\/02\/Affiche-Deux-filles-a-Venise-scaled.jpg?fit=1920%2C2560&ssl=1","contentUrl":"https:\/\/i0.wp.com\/josephminster.com\/site\/wp-content\/uploads\/2024\/02\/Affiche-Deux-filles-a-Venise-scaled.jpg?fit=1920%2C2560&ssl=1","width":1920,"height":2560},{"@type":"BreadcrumbList","@id":"https:\/\/josephminster.com\/site\/deux-filles-a-venise\/#breadcrumb","itemListElement":[{"@type":"ListItem","position":1,"name":"Accueil","item":"https:\/\/josephminster.com\/site\/"},{"@type":"ListItem","position":2,"name":"Deux filles \u00e0 Venise"}]},{"@type":"WebSite","@id":"https:\/\/josephminster.com\/site\/#website","url":"https:\/\/josephminster.com\/site\/","name":"Joseph Minster","description":"Auteur, R\u00e9alisateur","publisher":{"@id":"https:\/\/josephminster.com\/site\/#\/schema\/person\/973155dfa27d618c990ef6dfdc3705c9"},"potentialAction":[{"@type":"SearchAction","target":{"@type":"EntryPoint","urlTemplate":"https:\/\/josephminster.com\/site\/?s={search_term_string}"},"query-input":{"@type":"PropertyValueSpecification","valueRequired":true,"valueName":"search_term_string"}}],"inLanguage":"fr-FR"},{"@type":["Person","Organization"],"@id":"https:\/\/josephminster.com\/site\/#\/schema\/person\/973155dfa27d618c990ef6dfdc3705c9","name":"Joseph Minster","image":{"@type":"ImageObject","inLanguage":"fr-FR","@id":"https:\/\/i0.wp.com\/josephminster.com\/site\/wp-content\/uploads\/2019\/11\/Joseph_Photo-7.jpg?fit=3360%2C2240&ssl=1","url":"https:\/\/i0.wp.com\/josephminster.com\/site\/wp-content\/uploads\/2019\/11\/Joseph_Photo-7.jpg?fit=3360%2C2240&ssl=1","contentUrl":"https:\/\/i0.wp.com\/josephminster.com\/site\/wp-content\/uploads\/2019\/11\/Joseph_Photo-7.jpg?fit=3360%2C2240&ssl=1","width":3360,"height":2240,"caption":"Joseph Minster"},"logo":{"@id":"https:\/\/i0.wp.com\/josephminster.com\/site\/wp-content\/uploads\/2019\/11\/Joseph_Photo-7.jpg?fit=3360%2C2240&ssl=1"}}]}},"jetpack_sharing_enabled":true,"jetpack_shortlink":"https:\/\/wp.me\/P78IKp-7E","_links":{"self":[{"href":"https:\/\/josephminster.com\/site\/wp-json\/wp\/v2\/pages\/474","targetHints":{"allow":["GET"]}}],"collection":[{"href":"https:\/\/josephminster.com\/site\/wp-json\/wp\/v2\/pages"}],"about":[{"href":"https:\/\/josephminster.com\/site\/wp-json\/wp\/v2\/types\/page"}],"author":[{"embeddable":true,"href":"https:\/\/josephminster.com\/site\/wp-json\/wp\/v2\/users\/1"}],"replies":[{"embeddable":true,"href":"https:\/\/josephminster.com\/site\/wp-json\/wp\/v2\/comments?post=474"}],"version-history":[{"count":17,"href":"https:\/\/josephminster.com\/site\/wp-json\/wp\/v2\/pages\/474\/revisions"}],"predecessor-version":[{"id":2157,"href":"https:\/\/josephminster.com\/site\/wp-json\/wp\/v2\/pages\/474\/revisions\/2157"}],"wp:attachment":[{"href":"https:\/\/josephminster.com\/site\/wp-json\/wp\/v2\/media?parent=474"}],"wp:term":[{"taxonomy":"post_tag","embeddable":true,"href":"https:\/\/josephminster.com\/site\/wp-json\/wp\/v2\/tags?post=474"}],"curies":[{"name":"wp","href":"https:\/\/api.w.org\/{rel}","templated":true}]}}