{"id":366,"date":"2016-03-16T20:04:50","date_gmt":"2016-03-16T19:04:50","guid":{"rendered":"http:\/\/josephminster.com\/site\/?page_id=366"},"modified":"2021-10-25T19:38:16","modified_gmt":"2021-10-25T18:38:16","slug":"generale-des-carre","status":"publish","type":"page","link":"https:\/\/josephminster.com\/site\/generale-des-carre\/","title":{"rendered":"G\u00e9n\u00e9rale des Carr\u00e9"},"content":{"rendered":"<p><img data-recalc-dims=\"1\" loading=\"lazy\" decoding=\"async\" class=\"alignnone size-full wp-image-1217\" src=\"https:\/\/i0.wp.com\/josephminster.com\/site\/wp-content\/uploads\/2019\/02\/Mosai%CC%88que-affiches-2.jpg?resize=640%2C358&#038;ssl=1\" alt=\"\" width=\"640\" height=\"358\" srcset=\"https:\/\/i0.wp.com\/josephminster.com\/site\/wp-content\/uploads\/2019\/02\/Mosai%CC%88que-affiches-2.jpg?w=1680&amp;ssl=1 1680w, https:\/\/i0.wp.com\/josephminster.com\/site\/wp-content\/uploads\/2019\/02\/Mosai%CC%88que-affiches-2.jpg?resize=300%2C168&amp;ssl=1 300w, https:\/\/i0.wp.com\/josephminster.com\/site\/wp-content\/uploads\/2019\/02\/Mosai%CC%88que-affiches-2.jpg?resize=1024%2C573&amp;ssl=1 1024w, https:\/\/i0.wp.com\/josephminster.com\/site\/wp-content\/uploads\/2019\/02\/Mosai%CC%88que-affiches-2.jpg?resize=640%2C358&amp;ssl=1 640w, https:\/\/i0.wp.com\/josephminster.com\/site\/wp-content\/uploads\/2019\/02\/Mosai%CC%88que-affiches-2.jpg?resize=1010%2C565&amp;ssl=1 1010w, https:\/\/i0.wp.com\/josephminster.com\/site\/wp-content\/uploads\/2019\/02\/Mosai%CC%88que-affiches-2.jpg?w=1280&amp;ssl=1 1280w\" sizes=\"auto, (max-width: 640px) 100vw, 640px\" \/><\/p>\n<blockquote><p>La G\u00e9n\u00e9rale des Carr\u00e9 est une association d\u00e9di\u00e9e \u00e0 la production de films fond\u00e9e en 2000 par les cousins Carr\u00e9. Elle compte une quinzaine de r\u00e9alisations \u00e0 son actif,\u00a0des films courts ou longs&#8230;<\/p><\/blockquote>\n<p>&nbsp;<\/p>","protected":false},"excerpt":{"rendered":"<p>La G\u00e9n\u00e9rale des Carr\u00e9 est une association d\u00e9di\u00e9e \u00e0 la production de films fond\u00e9e en 2000 par les cousins Carr\u00e9. Elle compte une quinzaine de r\u00e9alisations \u00e0 son actif,\u00a0des films courts ou longs&#8230; &nbsp;<\/p>","protected":false},"author":1,"featured_media":0,"parent":0,"menu_order":0,"comment_status":"closed","ping_status":"closed","template":"template-parts\/page-full-width.php","meta":{"footnotes":""},"tags":[],"class_list":["post-366","page","type-page","status-publish","hentry"],"yoast_head":"<!-- This site is optimized with the Yoast SEO plugin v27.3 - https:\/\/yoast.com\/product\/yoast-seo-wordpress\/ -->\n<title>G\u00e9n\u00e9rale des Carr\u00e9 - Joseph Minster<\/title>\n<meta name=\"robots\" content=\"noindex, nofollow\" \/>\n<meta property=\"og:locale\" content=\"fr_FR\" \/>\n<meta property=\"og:type\" content=\"article\" \/>\n<meta property=\"og:title\" content=\"G\u00e9n\u00e9rale des Carr\u00e9 - Joseph Minster\" \/>\n<meta property=\"og:description\" content=\"La G\u00e9n\u00e9rale des Carr\u00e9 est une association d\u00e9di\u00e9e \u00e0 la production de films fond\u00e9e en 2000 par les cousins Carr\u00e9. Elle compte une quinzaine de r\u00e9alisations \u00e0 son actif,\u00a0des films courts ou longs&#8230; &nbsp;\" \/>\n<meta property=\"og:url\" content=\"https:\/\/josephminster.com\/site\/generale-des-carre\/\" \/>\n<meta property=\"og:site_name\" content=\"Joseph Minster\" \/>\n<meta property=\"article:modified_time\" content=\"2021-10-25T18:38:16+00:00\" \/>\n<meta property=\"og:image\" content=\"http:\/\/josephminster.com\/site\/wp-content\/uploads\/2019\/02\/Mosai\u0308que-affiches-2.jpg\" \/>\n<meta name=\"twitter:card\" content=\"summary_large_image\" \/>\n<script type=\"application\/ld+json\" class=\"yoast-schema-graph\">{\"@context\":\"https:\\\/\\\/schema.org\",\"@graph\":[{\"@type\":\"WebPage\",\"@id\":\"https:\\\/\\\/josephminster.com\\\/site\\\/generale-des-carre\\\/\",\"url\":\"https:\\\/\\\/josephminster.com\\\/site\\\/generale-des-carre\\\/\",\"name\":\"G\u00e9n\u00e9rale des Carr\u00e9 - Joseph Minster\",\"isPartOf\":{\"@id\":\"https:\\\/\\\/josephminster.com\\\/site\\\/#website\"},\"datePublished\":\"2016-03-16T19:04:50+00:00\",\"dateModified\":\"2021-10-25T18:38:16+00:00\",\"breadcrumb\":{\"@id\":\"https:\\\/\\\/josephminster.com\\\/site\\\/generale-des-carre\\\/#breadcrumb\"},\"inLanguage\":\"fr-FR\",\"potentialAction\":[{\"@type\":\"ReadAction\",\"target\":[\"https:\\\/\\\/josephminster.com\\\/site\\\/generale-des-carre\\\/\"]}]},{\"@type\":\"BreadcrumbList\",\"@id\":\"https:\\\/\\\/josephminster.com\\\/site\\\/generale-des-carre\\\/#breadcrumb\",\"itemListElement\":[{\"@type\":\"ListItem\",\"position\":1,\"name\":\"Accueil\",\"item\":\"https:\\\/\\\/josephminster.com\\\/site\\\/\"},{\"@type\":\"ListItem\",\"position\":2,\"name\":\"G\u00e9n\u00e9rale des Carr\u00e9\"}]},{\"@type\":\"WebSite\",\"@id\":\"https:\\\/\\\/josephminster.com\\\/site\\\/#website\",\"url\":\"https:\\\/\\\/josephminster.com\\\/site\\\/\",\"name\":\"Joseph Minster\",\"description\":\"Auteur, R\u00e9alisateur\",\"publisher\":{\"@id\":\"https:\\\/\\\/josephminster.com\\\/site\\\/#\\\/schema\\\/person\\\/973155dfa27d618c990ef6dfdc3705c9\"},\"potentialAction\":[{\"@type\":\"SearchAction\",\"target\":{\"@type\":\"EntryPoint\",\"urlTemplate\":\"https:\\\/\\\/josephminster.com\\\/site\\\/?s={search_term_string}\"},\"query-input\":{\"@type\":\"PropertyValueSpecification\",\"valueRequired\":true,\"valueName\":\"search_term_string\"}}],\"inLanguage\":\"fr-FR\"},{\"@type\":[\"Person\",\"Organization\"],\"@id\":\"https:\\\/\\\/josephminster.com\\\/site\\\/#\\\/schema\\\/person\\\/973155dfa27d618c990ef6dfdc3705c9\",\"name\":\"Joseph Minster\",\"image\":{\"@type\":\"ImageObject\",\"inLanguage\":\"fr-FR\",\"@id\":\"https:\\\/\\\/i0.wp.com\\\/josephminster.com\\\/site\\\/wp-content\\\/uploads\\\/2019\\\/11\\\/Joseph_Photo-7.jpg?fit=3360%2C2240&ssl=1\",\"url\":\"https:\\\/\\\/i0.wp.com\\\/josephminster.com\\\/site\\\/wp-content\\\/uploads\\\/2019\\\/11\\\/Joseph_Photo-7.jpg?fit=3360%2C2240&ssl=1\",\"contentUrl\":\"https:\\\/\\\/i0.wp.com\\\/josephminster.com\\\/site\\\/wp-content\\\/uploads\\\/2019\\\/11\\\/Joseph_Photo-7.jpg?fit=3360%2C2240&ssl=1\",\"width\":3360,\"height\":2240,\"caption\":\"Joseph Minster\"},\"logo\":{\"@id\":\"https:\\\/\\\/i0.wp.com\\\/josephminster.com\\\/site\\\/wp-content\\\/uploads\\\/2019\\\/11\\\/Joseph_Photo-7.jpg?fit=3360%2C2240&ssl=1\"}}]}<\/script>\n<!-- \/ Yoast SEO plugin. -->","yoast_head_json":{"title":"G\u00e9n\u00e9rale des Carr\u00e9 - Joseph Minster","robots":{"index":"noindex","follow":"nofollow"},"og_locale":"fr_FR","og_type":"article","og_title":"G\u00e9n\u00e9rale des Carr\u00e9 - Joseph Minster","og_description":"La G\u00e9n\u00e9rale des Carr\u00e9 est une association d\u00e9di\u00e9e \u00e0 la production de films fond\u00e9e en 2000 par les cousins Carr\u00e9. Elle compte une quinzaine de r\u00e9alisations \u00e0 son actif,\u00a0des films courts ou longs&#8230; &nbsp;","og_url":"https:\/\/josephminster.com\/site\/generale-des-carre\/","og_site_name":"Joseph Minster","article_modified_time":"2021-10-25T18:38:16+00:00","og_image":[{"url":"http:\/\/josephminster.com\/site\/wp-content\/uploads\/2019\/02\/Mosai\u0308que-affiches-2.jpg","type":"","width":"","height":""}],"twitter_card":"summary_large_image","schema":{"@context":"https:\/\/schema.org","@graph":[{"@type":"WebPage","@id":"https:\/\/josephminster.com\/site\/generale-des-carre\/","url":"https:\/\/josephminster.com\/site\/generale-des-carre\/","name":"G\u00e9n\u00e9rale des Carr\u00e9 - Joseph Minster","isPartOf":{"@id":"https:\/\/josephminster.com\/site\/#website"},"datePublished":"2016-03-16T19:04:50+00:00","dateModified":"2021-10-25T18:38:16+00:00","breadcrumb":{"@id":"https:\/\/josephminster.com\/site\/generale-des-carre\/#breadcrumb"},"inLanguage":"fr-FR","potentialAction":[{"@type":"ReadAction","target":["https:\/\/josephminster.com\/site\/generale-des-carre\/"]}]},{"@type":"BreadcrumbList","@id":"https:\/\/josephminster.com\/site\/generale-des-carre\/#breadcrumb","itemListElement":[{"@type":"ListItem","position":1,"name":"Accueil","item":"https:\/\/josephminster.com\/site\/"},{"@type":"ListItem","position":2,"name":"G\u00e9n\u00e9rale des Carr\u00e9"}]},{"@type":"WebSite","@id":"https:\/\/josephminster.com\/site\/#website","url":"https:\/\/josephminster.com\/site\/","name":"Joseph Minster","description":"Auteur, R\u00e9alisateur","publisher":{"@id":"https:\/\/josephminster.com\/site\/#\/schema\/person\/973155dfa27d618c990ef6dfdc3705c9"},"potentialAction":[{"@type":"SearchAction","target":{"@type":"EntryPoint","urlTemplate":"https:\/\/josephminster.com\/site\/?s={search_term_string}"},"query-input":{"@type":"PropertyValueSpecification","valueRequired":true,"valueName":"search_term_string"}}],"inLanguage":"fr-FR"},{"@type":["Person","Organization"],"@id":"https:\/\/josephminster.com\/site\/#\/schema\/person\/973155dfa27d618c990ef6dfdc3705c9","name":"Joseph Minster","image":{"@type":"ImageObject","inLanguage":"fr-FR","@id":"https:\/\/i0.wp.com\/josephminster.com\/site\/wp-content\/uploads\/2019\/11\/Joseph_Photo-7.jpg?fit=3360%2C2240&ssl=1","url":"https:\/\/i0.wp.com\/josephminster.com\/site\/wp-content\/uploads\/2019\/11\/Joseph_Photo-7.jpg?fit=3360%2C2240&ssl=1","contentUrl":"https:\/\/i0.wp.com\/josephminster.com\/site\/wp-content\/uploads\/2019\/11\/Joseph_Photo-7.jpg?fit=3360%2C2240&ssl=1","width":3360,"height":2240,"caption":"Joseph Minster"},"logo":{"@id":"https:\/\/i0.wp.com\/josephminster.com\/site\/wp-content\/uploads\/2019\/11\/Joseph_Photo-7.jpg?fit=3360%2C2240&ssl=1"}}]}},"jetpack_sharing_enabled":true,"jetpack_shortlink":"https:\/\/wp.me\/P78IKp-5U","_links":{"self":[{"href":"https:\/\/josephminster.com\/site\/wp-json\/wp\/v2\/pages\/366","targetHints":{"allow":["GET"]}}],"collection":[{"href":"https:\/\/josephminster.com\/site\/wp-json\/wp\/v2\/pages"}],"about":[{"href":"https:\/\/josephminster.com\/site\/wp-json\/wp\/v2\/types\/page"}],"author":[{"embeddable":true,"href":"https:\/\/josephminster.com\/site\/wp-json\/wp\/v2\/users\/1"}],"replies":[{"embeddable":true,"href":"https:\/\/josephminster.com\/site\/wp-json\/wp\/v2\/comments?post=366"}],"version-history":[{"count":14,"href":"https:\/\/josephminster.com\/site\/wp-json\/wp\/v2\/pages\/366\/revisions"}],"predecessor-version":[{"id":1218,"href":"https:\/\/josephminster.com\/site\/wp-json\/wp\/v2\/pages\/366\/revisions\/1218"}],"wp:attachment":[{"href":"https:\/\/josephminster.com\/site\/wp-json\/wp\/v2\/media?parent=366"}],"wp:term":[{"taxonomy":"post_tag","embeddable":true,"href":"https:\/\/josephminster.com\/site\/wp-json\/wp\/v2\/tags?post=366"}],"curies":[{"name":"wp","href":"https:\/\/api.w.org\/{rel}","templated":true}]}}