{"id":318,"date":"2016-03-07T17:14:15","date_gmt":"2016-03-07T16:14:15","guid":{"rendered":"http:\/\/josephminster.com\/site\/?page_id=318"},"modified":"2020-04-01T20:08:51","modified_gmt":"2020-04-01T19:08:51","slug":"un-soir-de-mars","status":"publish","type":"page","link":"https:\/\/josephminster.com\/site\/un-soir-de-mars\/","title":{"rendered":"Un soir de mars"},"content":{"rendered":"<p><img data-recalc-dims=\"1\" loading=\"lazy\" decoding=\"async\" class=\"alignnone wp-image-319\" src=\"https:\/\/i0.wp.com\/josephminster.com\/site\/wp-content\/uploads\/2016\/03\/Affiche-USDM.jpg?resize=521%2C695&#038;ssl=1\" alt=\"Affiche USDM\" width=\"521\" height=\"695\" srcset=\"https:\/\/i0.wp.com\/josephminster.com\/site\/wp-content\/uploads\/2016\/03\/Affiche-USDM.jpg?resize=768%2C1024&amp;ssl=1 768w, https:\/\/i0.wp.com\/josephminster.com\/site\/wp-content\/uploads\/2016\/03\/Affiche-USDM.jpg?resize=225%2C300&amp;ssl=1 225w, https:\/\/i0.wp.com\/josephminster.com\/site\/wp-content\/uploads\/2016\/03\/Affiche-USDM.jpg?resize=640%2C853&amp;ssl=1 640w, https:\/\/i0.wp.com\/josephminster.com\/site\/wp-content\/uploads\/2016\/03\/Affiche-USDM.jpg?resize=1010%2C1346&amp;ssl=1 1010w, https:\/\/i0.wp.com\/josephminster.com\/site\/wp-content\/uploads\/2016\/03\/Affiche-USDM.jpg?w=1280&amp;ssl=1 1280w, https:\/\/i0.wp.com\/josephminster.com\/site\/wp-content\/uploads\/2016\/03\/Affiche-USDM.jpg?w=1920&amp;ssl=1 1920w\" sizes=\"auto, (max-width: 521px) 100vw, 521px\" \/><\/p>\n<blockquote>\n<p><strong>2016 &#8211; Fiction, 16&rsquo;00 &#8211; Production&nbsp;: <a href=\"http:\/\/www.lesfilmsdargile.fr\/un-soir-de-mars\/\">Les Films d&rsquo;Argile<\/a><\/strong><\/p>\n<p><em>Un soir de mars, dans un caf\u00e9 de Brest. Des marins \u00e9voquent les derni\u00e8res nouvelles de leurs camarades en mission, Estelle retrouve sa s\u0153ur pour la soir\u00e9e, Thomas, le serveur, travaille comme \u00e0 son habitude. Mais quand son coll\u00e8gue Samir re\u00e7oit un message sur son t\u00e9l\u00e9phone, l\u2019atmosph\u00e8re se met \u00e0 changer, inexplicablement. Et lorsqu\u2019un homme myst\u00e9rieux fait irruption dans le caf\u00e9, l\u2019inqui\u00e9tude gagne Thomas.<\/em><\/p>\n<\/blockquote>\n\n\t<div class=\"slideshow_container slideshow_container_style-dark\" style=\" \" data-slideshow-id=\"344\" data-style-name=\"style-dark\" data-style-version=\"2.3.1\" >\n\n\t\t\t\t\t<div class=\"slideshow_loading_icon\"><\/div>\n\t\t\n\t\t<div class=\"slideshow_content\" style=\"display: none;\">\n\n\t\t\t<div class=\"slideshow_view\">\n\t\t\t\t<div class=\"slideshow_slide slideshow_slide_image\">\n\t\t\t\t\t\t\t\t\t\t\t<img src=\"https:\/\/i0.wp.com\/josephminster.com\/site\/wp-content\/uploads\/2016\/03\/USDM-3.jpg?fit=1260%2C688&amp;ssl=1\" alt=\"USDM 3\" width=\"1260\" height=\"688\" \/>\n\t\t\t\t\t\t\t\t\t\t<div class=\"slideshow_description_box slideshow_transparent\">\n\t\t\t\t\t\t<div class=\"slideshow_title\">USDM 3<\/div>\t\t\t\t\t\t\t\t\t\t\t<\/div>\n\t\t\t\t<\/div>\n\n\t\t\t\t\t\t\n\t\t\t\t<div class=\"slideshow_slide slideshow_slide_image\">\n\t\t\t\t\t\t\t\t\t\t\t<img src=\"https:\/\/i0.wp.com\/josephminster.com\/site\/wp-content\/uploads\/2016\/03\/USDM-1.jpg?fit=1265%2C689&amp;ssl=1\" alt=\"USDM 1\" width=\"1265\" height=\"689\" \/>\n\t\t\t\t\t\t\t\t\t\t<div class=\"slideshow_description_box slideshow_transparent\">\n\t\t\t\t\t\t<div class=\"slideshow_title\">USDM 1<\/div>\t\t\t\t\t\t\t\t\t\t\t<\/div>\n\t\t\t\t<\/div>\n\n\t\t\t\t\t\t\n\t\t\t\t<div class=\"slideshow_slide slideshow_slide_image\">\n\t\t\t\t\t\t\t\t\t\t\t<img src=\"https:\/\/i0.wp.com\/josephminster.com\/site\/wp-content\/uploads\/2016\/03\/USDM-2.jpg?fit=1268%2C686&amp;ssl=1\" alt=\"USDM 2\" width=\"1268\" height=\"686\" \/>\n\t\t\t\t\t\t\t\t\t\t<div class=\"slideshow_description_box slideshow_transparent\">\n\t\t\t\t\t\t<div class=\"slideshow_title\">USDM 2<\/div>\t\t\t\t\t\t\t\t\t\t\t<\/div>\n\t\t\t\t<\/div>\n\n\t\t\t\t\t\t<div style=\"clear: both;\"><\/div><\/div><div class=\"slideshow_view\">\n\t\t\t\t<div class=\"slideshow_slide slideshow_slide_image\">\n\t\t\t\t\t\t\t\t\t\t\t<img src=\"https:\/\/i0.wp.com\/josephminster.com\/site\/wp-content\/uploads\/2016\/03\/USDM-4.jpg?fit=1259%2C692&amp;ssl=1\" alt=\"USDM 4\" width=\"1259\" height=\"692\" \/>\n\t\t\t\t\t\t\t\t\t\t<div class=\"slideshow_description_box slideshow_transparent\">\n\t\t\t\t\t\t<div class=\"slideshow_title\">USDM 4<\/div>\t\t\t\t\t\t\t\t\t\t\t<\/div>\n\t\t\t\t<\/div>\n\n\t\t\t\t\t\t\n\t\t\t\t<div class=\"slideshow_slide slideshow_slide_image\">\n\t\t\t\t\t\t\t\t\t\t\t<img src=\"https:\/\/i0.wp.com\/josephminster.com\/site\/wp-content\/uploads\/2016\/03\/USDM-5.jpg?fit=1272%2C684&amp;ssl=1\" alt=\"USDM 5\" width=\"1272\" height=\"684\" \/>\n\t\t\t\t\t\t\t\t\t\t<div class=\"slideshow_description_box slideshow_transparent\">\n\t\t\t\t\t\t<div class=\"slideshow_title\">USDM 5<\/div>\t\t\t\t\t\t\t\t\t\t\t<\/div>\n\t\t\t\t<\/div>\n\n\t\t\t\t\t\t\n\t\t\t\t<div class=\"slideshow_slide slideshow_slide_image\">\n\t\t\t\t\t\t\t\t\t\t\t<img src=\"https:\/\/i0.wp.com\/josephminster.com\/site\/wp-content\/uploads\/2016\/03\/USDM-6.jpg?fit=1270%2C687&amp;ssl=1\" alt=\"USDM 6\" width=\"1270\" height=\"687\" \/>\n\t\t\t\t\t\t\t\t\t\t<div class=\"slideshow_description_box slideshow_transparent\">\n\t\t\t\t\t\t<div class=\"slideshow_title\">USDM 6<\/div>\t\t\t\t\t\t\t\t\t\t\t<\/div>\n\t\t\t\t<\/div>\n\n\t\t\t\t\t\t<div style=\"clear: both;\"><\/div><\/div>\n\t\t<\/div>\n\n\t\t<div class=\"slideshow_controlPanel slideshow_transparent\" style=\"display: none;\"><ul><li class=\"slideshow_togglePlay\" data-play-text=\"Play\" data-pause-text=\"Pause\"><\/li><\/ul><\/div>\n\n\t\t<div class=\"slideshow_button slideshow_previous slideshow_transparent\" role=\"button\" data-previous-text=\"Pr\u00e9c\u00e9dent\" style=\"display: none;\"><\/div>\n\t\t<div class=\"slideshow_button slideshow_next slideshow_transparent\" role=\"button\" data-next-text=\"Suivant\" style=\"display: none;\"><\/div>\n\n\t\t<div class=\"slideshow_pagination\" style=\"display: none;\" data-go-to-text=\"Go to slide\"><div class=\"slideshow_pagination_center\"><\/div><\/div>\n\n\t\t<!-- WordPress Slideshow Version 2.3.1 -->\n\n\t\t\t<\/div>\n\n\n<p>Avec&nbsp;: Bellamine Abdelmalek, Xavier Legrand, Anne-H\u00e9l\u00e8ne Orvelin, Juliette Savary, Tristan Rosmorduc<\/p>\n<p>Sc\u00e9nario et R\u00e9alisation&nbsp;: Joseph Minster\u00a0\/ Production&nbsp;: Cl\u00e9ment Schneider, Chlo\u00e9 Chevalier \/ Directrice de la photographie&nbsp;: Lucie Baudinaud \/ D\u00e9cor&nbsp;: Marie Frin \/ Ing\u00e9nieur du son&nbsp;: Elton Rabineau \/ Scripte&nbsp;: Julia Colin \/ Montage&nbsp;: Suzanne Van Boxsom \/ Montage son&nbsp;: Charles Valentin \/ Mixage&nbsp;: Jean-Charles Bastion \/ \u00c9talonnage&nbsp;: Anne-Sophie Queneuille \/ Musique originale&nbsp;: Valentin Hadjadj \/ Graphisme&nbsp;: C\u00e9dric Richard<\/p>\n<p><div class=\"jetpack-video-wrapper\"><iframe loading=\"lazy\" title=\"Un soir de mars - Extrait\" src=\"https:\/\/player.vimeo.com\/video\/161499125?dnt=1&amp;app_id=122963\" width=\"640\" height=\"345\" frameborder=\"0\" allow=\"autoplay; fullscreen; picture-in-picture; clipboard-write\"><\/iframe><\/div><\/p>\n\n\n<blockquote class=\"wp-block-quote is-layout-flow wp-block-quote-is-layout-flow\"><p><em>Un soir de mars<\/em> est disponible gratuitement sur <a href=\"https:\/\/www.kubweb.media\/page\/un-soir-mars-bar-brest-militaire-joseph-minster\/\">KuB (Kultur Bretagne)<\/a>.<\/p><\/blockquote>","protected":false},"excerpt":{"rendered":"<p>2016 &#8211; Fiction, 16&rsquo;00 &#8211; Production&nbsp;: Les Films d&rsquo;Argile Un soir de mars, dans un caf\u00e9 de Brest. Des marins \u00e9voquent les derni\u00e8res nouvelles de leurs camarades en mission, Estelle retrouve sa s\u0153ur pour la soir\u00e9e, Thomas, le serveur, travaille comme \u00e0 son habitude. Mais quand son coll\u00e8gue Samir re\u00e7oit un message sur son t\u00e9l\u00e9phone, [&hellip;]<\/p>","protected":false},"author":1,"featured_media":0,"parent":0,"menu_order":0,"comment_status":"closed","ping_status":"closed","template":"template-parts\/page-full-width.php","meta":{"footnotes":""},"tags":[],"class_list":["post-318","page","type-page","status-publish","hentry"],"yoast_head":"<!-- This site is optimized with the Yoast SEO plugin v27.3 - https:\/\/yoast.com\/product\/yoast-seo-wordpress\/ -->\n<title>Un soir de mars - Joseph Minster<\/title>\n<meta name=\"robots\" content=\"index, follow, max-snippet:-1, max-image-preview:large, max-video-preview:-1\" \/>\n<link rel=\"canonical\" href=\"https:\/\/josephminster.com\/site\/un-soir-de-mars\/\" \/>\n<meta property=\"og:locale\" content=\"fr_FR\" \/>\n<meta property=\"og:type\" content=\"article\" \/>\n<meta property=\"og:title\" content=\"Un soir de mars - Joseph Minster\" \/>\n<meta property=\"og:description\" content=\"2016 &#8211; Fiction, 16&rsquo;00 &#8211; Production&nbsp;: Les Films d&rsquo;Argile Un soir de mars, dans un caf\u00e9 de Brest. Des marins \u00e9voquent les derni\u00e8res nouvelles de leurs camarades en mission, Estelle retrouve sa s\u0153ur pour la soir\u00e9e, Thomas, le serveur, travaille comme \u00e0 son habitude. Mais quand son coll\u00e8gue Samir re\u00e7oit un message sur son t\u00e9l\u00e9phone, [&hellip;]\" \/>\n<meta property=\"og:url\" content=\"https:\/\/josephminster.com\/site\/un-soir-de-mars\/\" \/>\n<meta property=\"og:site_name\" content=\"Joseph Minster\" \/>\n<meta property=\"article:modified_time\" content=\"2020-04-01T19:08:51+00:00\" \/>\n<meta property=\"og:image\" content=\"http:\/\/josephminster.com\/site\/wp-content\/uploads\/2016\/03\/Affiche-USDM-768x1024.jpg\" \/>\n<meta name=\"twitter:card\" content=\"summary_large_image\" \/>\n<meta name=\"twitter:label1\" content=\"Dur\u00e9e de lecture estim\u00e9e\" \/>\n\t<meta name=\"twitter:data1\" content=\"1 minute\" \/>\n<script type=\"application\/ld+json\" class=\"yoast-schema-graph\">{\"@context\":\"https:\\\/\\\/schema.org\",\"@graph\":[{\"@type\":\"WebPage\",\"@id\":\"https:\\\/\\\/josephminster.com\\\/site\\\/un-soir-de-mars\\\/\",\"url\":\"https:\\\/\\\/josephminster.com\\\/site\\\/un-soir-de-mars\\\/\",\"name\":\"Un soir de mars - Joseph Minster\",\"isPartOf\":{\"@id\":\"https:\\\/\\\/josephminster.com\\\/site\\\/#website\"},\"primaryImageOfPage\":{\"@id\":\"https:\\\/\\\/josephminster.com\\\/site\\\/un-soir-de-mars\\\/#primaryimage\"},\"image\":{\"@id\":\"https:\\\/\\\/josephminster.com\\\/site\\\/un-soir-de-mars\\\/#primaryimage\"},\"thumbnailUrl\":\"http:\\\/\\\/josephminster.com\\\/site\\\/wp-content\\\/uploads\\\/2016\\\/03\\\/Affiche-USDM-768x1024.jpg\",\"datePublished\":\"2016-03-07T16:14:15+00:00\",\"dateModified\":\"2020-04-01T19:08:51+00:00\",\"breadcrumb\":{\"@id\":\"https:\\\/\\\/josephminster.com\\\/site\\\/un-soir-de-mars\\\/#breadcrumb\"},\"inLanguage\":\"fr-FR\",\"potentialAction\":[{\"@type\":\"ReadAction\",\"target\":[\"https:\\\/\\\/josephminster.com\\\/site\\\/un-soir-de-mars\\\/\"]}]},{\"@type\":\"ImageObject\",\"inLanguage\":\"fr-FR\",\"@id\":\"https:\\\/\\\/josephminster.com\\\/site\\\/un-soir-de-mars\\\/#primaryimage\",\"url\":\"http:\\\/\\\/josephminster.com\\\/site\\\/wp-content\\\/uploads\\\/2016\\\/03\\\/Affiche-USDM-768x1024.jpg\",\"contentUrl\":\"http:\\\/\\\/josephminster.com\\\/site\\\/wp-content\\\/uploads\\\/2016\\\/03\\\/Affiche-USDM-768x1024.jpg\"},{\"@type\":\"BreadcrumbList\",\"@id\":\"https:\\\/\\\/josephminster.com\\\/site\\\/un-soir-de-mars\\\/#breadcrumb\",\"itemListElement\":[{\"@type\":\"ListItem\",\"position\":1,\"name\":\"Accueil\",\"item\":\"https:\\\/\\\/josephminster.com\\\/site\\\/\"},{\"@type\":\"ListItem\",\"position\":2,\"name\":\"Un soir de mars\"}]},{\"@type\":\"WebSite\",\"@id\":\"https:\\\/\\\/josephminster.com\\\/site\\\/#website\",\"url\":\"https:\\\/\\\/josephminster.com\\\/site\\\/\",\"name\":\"Joseph Minster\",\"description\":\"Auteur, R\u00e9alisateur\",\"publisher\":{\"@id\":\"https:\\\/\\\/josephminster.com\\\/site\\\/#\\\/schema\\\/person\\\/973155dfa27d618c990ef6dfdc3705c9\"},\"potentialAction\":[{\"@type\":\"SearchAction\",\"target\":{\"@type\":\"EntryPoint\",\"urlTemplate\":\"https:\\\/\\\/josephminster.com\\\/site\\\/?s={search_term_string}\"},\"query-input\":{\"@type\":\"PropertyValueSpecification\",\"valueRequired\":true,\"valueName\":\"search_term_string\"}}],\"inLanguage\":\"fr-FR\"},{\"@type\":[\"Person\",\"Organization\"],\"@id\":\"https:\\\/\\\/josephminster.com\\\/site\\\/#\\\/schema\\\/person\\\/973155dfa27d618c990ef6dfdc3705c9\",\"name\":\"Joseph Minster\",\"image\":{\"@type\":\"ImageObject\",\"inLanguage\":\"fr-FR\",\"@id\":\"https:\\\/\\\/i0.wp.com\\\/josephminster.com\\\/site\\\/wp-content\\\/uploads\\\/2019\\\/11\\\/Joseph_Photo-7.jpg?fit=3360%2C2240&ssl=1\",\"url\":\"https:\\\/\\\/i0.wp.com\\\/josephminster.com\\\/site\\\/wp-content\\\/uploads\\\/2019\\\/11\\\/Joseph_Photo-7.jpg?fit=3360%2C2240&ssl=1\",\"contentUrl\":\"https:\\\/\\\/i0.wp.com\\\/josephminster.com\\\/site\\\/wp-content\\\/uploads\\\/2019\\\/11\\\/Joseph_Photo-7.jpg?fit=3360%2C2240&ssl=1\",\"width\":3360,\"height\":2240,\"caption\":\"Joseph Minster\"},\"logo\":{\"@id\":\"https:\\\/\\\/i0.wp.com\\\/josephminster.com\\\/site\\\/wp-content\\\/uploads\\\/2019\\\/11\\\/Joseph_Photo-7.jpg?fit=3360%2C2240&ssl=1\"}}]}<\/script>\n<!-- \/ Yoast SEO plugin. -->","yoast_head_json":{"title":"Un soir de mars - Joseph Minster","robots":{"index":"index","follow":"follow","max-snippet":"max-snippet:-1","max-image-preview":"max-image-preview:large","max-video-preview":"max-video-preview:-1"},"canonical":"https:\/\/josephminster.com\/site\/un-soir-de-mars\/","og_locale":"fr_FR","og_type":"article","og_title":"Un soir de mars - Joseph Minster","og_description":"2016 &#8211; Fiction, 16&rsquo;00 &#8211; Production&nbsp;: Les Films d&rsquo;Argile Un soir de mars, dans un caf\u00e9 de Brest. Des marins \u00e9voquent les derni\u00e8res nouvelles de leurs camarades en mission, Estelle retrouve sa s\u0153ur pour la soir\u00e9e, Thomas, le serveur, travaille comme \u00e0 son habitude. Mais quand son coll\u00e8gue Samir re\u00e7oit un message sur son t\u00e9l\u00e9phone, [&hellip;]","og_url":"https:\/\/josephminster.com\/site\/un-soir-de-mars\/","og_site_name":"Joseph Minster","article_modified_time":"2020-04-01T19:08:51+00:00","og_image":[{"url":"http:\/\/josephminster.com\/site\/wp-content\/uploads\/2016\/03\/Affiche-USDM-768x1024.jpg","type":"","width":"","height":""}],"twitter_card":"summary_large_image","twitter_misc":{"Dur\u00e9e de lecture estim\u00e9e":"1 minute"},"schema":{"@context":"https:\/\/schema.org","@graph":[{"@type":"WebPage","@id":"https:\/\/josephminster.com\/site\/un-soir-de-mars\/","url":"https:\/\/josephminster.com\/site\/un-soir-de-mars\/","name":"Un soir de mars - Joseph Minster","isPartOf":{"@id":"https:\/\/josephminster.com\/site\/#website"},"primaryImageOfPage":{"@id":"https:\/\/josephminster.com\/site\/un-soir-de-mars\/#primaryimage"},"image":{"@id":"https:\/\/josephminster.com\/site\/un-soir-de-mars\/#primaryimage"},"thumbnailUrl":"http:\/\/josephminster.com\/site\/wp-content\/uploads\/2016\/03\/Affiche-USDM-768x1024.jpg","datePublished":"2016-03-07T16:14:15+00:00","dateModified":"2020-04-01T19:08:51+00:00","breadcrumb":{"@id":"https:\/\/josephminster.com\/site\/un-soir-de-mars\/#breadcrumb"},"inLanguage":"fr-FR","potentialAction":[{"@type":"ReadAction","target":["https:\/\/josephminster.com\/site\/un-soir-de-mars\/"]}]},{"@type":"ImageObject","inLanguage":"fr-FR","@id":"https:\/\/josephminster.com\/site\/un-soir-de-mars\/#primaryimage","url":"http:\/\/josephminster.com\/site\/wp-content\/uploads\/2016\/03\/Affiche-USDM-768x1024.jpg","contentUrl":"http:\/\/josephminster.com\/site\/wp-content\/uploads\/2016\/03\/Affiche-USDM-768x1024.jpg"},{"@type":"BreadcrumbList","@id":"https:\/\/josephminster.com\/site\/un-soir-de-mars\/#breadcrumb","itemListElement":[{"@type":"ListItem","position":1,"name":"Accueil","item":"https:\/\/josephminster.com\/site\/"},{"@type":"ListItem","position":2,"name":"Un soir de mars"}]},{"@type":"WebSite","@id":"https:\/\/josephminster.com\/site\/#website","url":"https:\/\/josephminster.com\/site\/","name":"Joseph Minster","description":"Auteur, R\u00e9alisateur","publisher":{"@id":"https:\/\/josephminster.com\/site\/#\/schema\/person\/973155dfa27d618c990ef6dfdc3705c9"},"potentialAction":[{"@type":"SearchAction","target":{"@type":"EntryPoint","urlTemplate":"https:\/\/josephminster.com\/site\/?s={search_term_string}"},"query-input":{"@type":"PropertyValueSpecification","valueRequired":true,"valueName":"search_term_string"}}],"inLanguage":"fr-FR"},{"@type":["Person","Organization"],"@id":"https:\/\/josephminster.com\/site\/#\/schema\/person\/973155dfa27d618c990ef6dfdc3705c9","name":"Joseph Minster","image":{"@type":"ImageObject","inLanguage":"fr-FR","@id":"https:\/\/i0.wp.com\/josephminster.com\/site\/wp-content\/uploads\/2019\/11\/Joseph_Photo-7.jpg?fit=3360%2C2240&ssl=1","url":"https:\/\/i0.wp.com\/josephminster.com\/site\/wp-content\/uploads\/2019\/11\/Joseph_Photo-7.jpg?fit=3360%2C2240&ssl=1","contentUrl":"https:\/\/i0.wp.com\/josephminster.com\/site\/wp-content\/uploads\/2019\/11\/Joseph_Photo-7.jpg?fit=3360%2C2240&ssl=1","width":3360,"height":2240,"caption":"Joseph Minster"},"logo":{"@id":"https:\/\/i0.wp.com\/josephminster.com\/site\/wp-content\/uploads\/2019\/11\/Joseph_Photo-7.jpg?fit=3360%2C2240&ssl=1"}}]}},"jetpack_sharing_enabled":true,"jetpack_shortlink":"https:\/\/wp.me\/P78IKp-58","_links":{"self":[{"href":"https:\/\/josephminster.com\/site\/wp-json\/wp\/v2\/pages\/318","targetHints":{"allow":["GET"]}}],"collection":[{"href":"https:\/\/josephminster.com\/site\/wp-json\/wp\/v2\/pages"}],"about":[{"href":"https:\/\/josephminster.com\/site\/wp-json\/wp\/v2\/types\/page"}],"author":[{"embeddable":true,"href":"https:\/\/josephminster.com\/site\/wp-json\/wp\/v2\/users\/1"}],"replies":[{"embeddable":true,"href":"https:\/\/josephminster.com\/site\/wp-json\/wp\/v2\/comments?post=318"}],"version-history":[{"count":22,"href":"https:\/\/josephminster.com\/site\/wp-json\/wp\/v2\/pages\/318\/revisions"}],"predecessor-version":[{"id":1461,"href":"https:\/\/josephminster.com\/site\/wp-json\/wp\/v2\/pages\/318\/revisions\/1461"}],"wp:attachment":[{"href":"https:\/\/josephminster.com\/site\/wp-json\/wp\/v2\/media?parent=318"}],"wp:term":[{"taxonomy":"post_tag","embeddable":true,"href":"https:\/\/josephminster.com\/site\/wp-json\/wp\/v2\/tags?post=318"}],"curies":[{"name":"wp","href":"https:\/\/api.w.org\/{rel}","templated":true}]}}