{"id":1936,"date":"2024-02-05T13:36:19","date_gmt":"2024-02-05T12:36:19","guid":{"rendered":"https:\/\/josephminster.com\/site\/?page_id=1936"},"modified":"2025-02-21T14:00:05","modified_gmt":"2025-02-21T13:00:05","slug":"le-contrebandier","status":"publish","type":"page","link":"https:\/\/josephminster.com\/site\/le-contrebandier\/","title":{"rendered":"Le Contrebandier"},"content":{"rendered":"<p><img data-recalc-dims=\"1\" loading=\"lazy\" decoding=\"async\" class=\"alignnone wp-image-1925\" src=\"https:\/\/i0.wp.com\/josephminster.com\/site\/wp-content\/uploads\/2024\/02\/Affiche-Le-Contrebandier-scaled.jpg?resize=520%2C693&#038;ssl=1\" alt=\"\" width=\"520\" height=\"693\" srcset=\"https:\/\/i0.wp.com\/josephminster.com\/site\/wp-content\/uploads\/2024\/02\/Affiche-Le-Contrebandier-scaled.jpg?w=1920&amp;ssl=1 1920w, https:\/\/i0.wp.com\/josephminster.com\/site\/wp-content\/uploads\/2024\/02\/Affiche-Le-Contrebandier-scaled.jpg?resize=225%2C300&amp;ssl=1 225w, https:\/\/i0.wp.com\/josephminster.com\/site\/wp-content\/uploads\/2024\/02\/Affiche-Le-Contrebandier-scaled.jpg?resize=768%2C1024&amp;ssl=1 768w, https:\/\/i0.wp.com\/josephminster.com\/site\/wp-content\/uploads\/2024\/02\/Affiche-Le-Contrebandier-scaled.jpg?resize=1152%2C1536&amp;ssl=1 1152w, https:\/\/i0.wp.com\/josephminster.com\/site\/wp-content\/uploads\/2024\/02\/Affiche-Le-Contrebandier-scaled.jpg?resize=1536%2C2048&amp;ssl=1 1536w, https:\/\/i0.wp.com\/josephminster.com\/site\/wp-content\/uploads\/2024\/02\/Affiche-Le-Contrebandier-scaled.jpg?resize=640%2C853&amp;ssl=1 640w, https:\/\/i0.wp.com\/josephminster.com\/site\/wp-content\/uploads\/2024\/02\/Affiche-Le-Contrebandier-scaled.jpg?resize=1010%2C1347&amp;ssl=1 1010w, https:\/\/i0.wp.com\/josephminster.com\/site\/wp-content\/uploads\/2024\/02\/Affiche-Le-Contrebandier-scaled.jpg?w=1280&amp;ssl=1 1280w\" sizes=\"auto, (max-width: 520px) 100vw, 520px\" \/><\/p>\n<blockquote><p><strong>2024 \u2013 Fiction, 11&rsquo;30 \u2013 Production&nbsp;: <a href=\"https:\/\/www.femis.fr\/doctorat-sacre\">PSL SACRe &#8211; La F\u00e9mis<\/a><\/strong><\/p>\n<p><em>1894 &#8211; Un homme s&rsquo;avance dans la montagne, un sac sur le dos. Lorsqu&rsquo;il arrive au col, deux douaniers l&rsquo;attendent. \u00c0 peine visible dans la neige, la fronti\u00e8re les s\u00e9pare.<\/em><\/p><\/blockquote>\n\n\t<div class=\"slideshow_container slideshow_container_style-dark\" style=\" \" data-slideshow-id=\"1938\" data-style-name=\"style-dark\" data-style-version=\"2.3.1\" >\n\n\t\t\t\t\t<div class=\"slideshow_loading_icon\"><\/div>\n\t\t\n\t\t<div class=\"slideshow_content\" style=\"display: none;\">\n\n\t\t\t<div class=\"slideshow_view\">\n\t\t\t\t<div class=\"slideshow_slide slideshow_slide_image\">\n\t\t\t\t\t\t\t\t\t\t\t<img src=\"https:\/\/i0.wp.com\/josephminster.com\/site\/wp-content\/uploads\/2024\/02\/Le-Contrebandier-2.jpg?fit=1920%2C1080&amp;ssl=1\" alt=\"Le Contrebandier 2\" width=\"1920\" height=\"1080\" \/>\n\t\t\t\t\t\t\t\t\t\t<div class=\"slideshow_description_box slideshow_transparent\">\n\t\t\t\t\t\t<div class=\"slideshow_title\">Le Contrebandier 2<\/div>\t\t\t\t\t\t\t\t\t\t\t<\/div>\n\t\t\t\t<\/div>\n\n\t\t\t\t\t\t\n\t\t\t\t<div class=\"slideshow_slide slideshow_slide_image\">\n\t\t\t\t\t\t\t\t\t\t\t<img src=\"https:\/\/i0.wp.com\/josephminster.com\/site\/wp-content\/uploads\/2024\/02\/Le-Contrebandier-3.jpg?fit=1920%2C1080&amp;ssl=1\" alt=\"Le Contrebandier 3\" width=\"1920\" height=\"1080\" \/>\n\t\t\t\t\t\t\t\t\t\t<div class=\"slideshow_description_box slideshow_transparent\">\n\t\t\t\t\t\t<div class=\"slideshow_title\">Le Contrebandier 3<\/div>\t\t\t\t\t\t\t\t\t\t\t<\/div>\n\t\t\t\t<\/div>\n\n\t\t\t\t\t\t\n\t\t\t\t<div class=\"slideshow_slide slideshow_slide_image\">\n\t\t\t\t\t\t\t\t\t\t\t<img src=\"https:\/\/i0.wp.com\/josephminster.com\/site\/wp-content\/uploads\/2024\/02\/Le-Contrebandier-1.jpg?fit=1920%2C1080&amp;ssl=1\" alt=\"Le Contrebandier 1\" width=\"1920\" height=\"1080\" \/>\n\t\t\t\t\t\t\t\t\t\t<div class=\"slideshow_description_box slideshow_transparent\">\n\t\t\t\t\t\t<div class=\"slideshow_title\">Le Contrebandier 1<\/div>\t\t\t\t\t\t\t\t\t\t\t<\/div>\n\t\t\t\t<\/div>\n\n\t\t\t\t\t\t<div style=\"clear: both;\"><\/div><\/div><div class=\"slideshow_view\">\n\t\t\t\t<div class=\"slideshow_slide slideshow_slide_image\">\n\t\t\t\t\t\t\t\t\t\t\t<img src=\"https:\/\/i0.wp.com\/josephminster.com\/site\/wp-content\/uploads\/2024\/02\/Le-Contrebandier-13.jpg?fit=1920%2C1080&amp;ssl=1\" alt=\"Le Contrebandier 13\" width=\"1920\" height=\"1080\" \/>\n\t\t\t\t\t\t\t\t\t\t<div class=\"slideshow_description_box slideshow_transparent\">\n\t\t\t\t\t\t<div class=\"slideshow_title\">Le Contrebandier 13<\/div>\t\t\t\t\t\t\t\t\t\t\t<\/div>\n\t\t\t\t<\/div>\n\n\t\t\t\t\t\t\n\t\t\t\t<div class=\"slideshow_slide slideshow_slide_image\">\n\t\t\t\t\t\t\t\t\t\t\t<img src=\"https:\/\/i0.wp.com\/josephminster.com\/site\/wp-content\/uploads\/2024\/02\/Le-Contrebandier-12.jpg?fit=1920%2C1080&amp;ssl=1\" alt=\"Le Contrebandier 12\" width=\"1920\" height=\"1080\" \/>\n\t\t\t\t\t\t\t\t\t\t<div class=\"slideshow_description_box slideshow_transparent\">\n\t\t\t\t\t\t<div class=\"slideshow_title\">Le Contrebandier 12<\/div>\t\t\t\t\t\t\t\t\t\t\t<\/div>\n\t\t\t\t<\/div>\n\n\t\t\t\t\t\t\n\t\t\t\t<div class=\"slideshow_slide slideshow_slide_image\">\n\t\t\t\t\t\t\t\t\t\t\t<img src=\"https:\/\/i0.wp.com\/josephminster.com\/site\/wp-content\/uploads\/2024\/02\/Le-Contrebandier-7.jpg?fit=1920%2C1080&amp;ssl=1\" alt=\"Le Contrebandier 7\" width=\"1920\" height=\"1080\" \/>\n\t\t\t\t\t\t\t\t\t\t<div class=\"slideshow_description_box slideshow_transparent\">\n\t\t\t\t\t\t<div class=\"slideshow_title\">Le Contrebandier 7<\/div>\t\t\t\t\t\t\t\t\t\t\t<\/div>\n\t\t\t\t<\/div>\n\n\t\t\t\t\t\t<div style=\"clear: both;\"><\/div><\/div>\n\t\t<\/div>\n\n\t\t<div class=\"slideshow_controlPanel slideshow_transparent\" style=\"display: none;\"><ul><li class=\"slideshow_togglePlay\" data-play-text=\"Play\" data-pause-text=\"Pause\"><\/li><\/ul><\/div>\n\n\t\t<div class=\"slideshow_button slideshow_previous slideshow_transparent\" role=\"button\" data-previous-text=\"Pr\u00e9c\u00e9dent\" style=\"display: none;\"><\/div>\n\t\t<div class=\"slideshow_button slideshow_next slideshow_transparent\" role=\"button\" data-next-text=\"Suivant\" style=\"display: none;\"><\/div>\n\n\t\t<div class=\"slideshow_pagination\" style=\"display: none;\" data-go-to-text=\"Go to slide\"><div class=\"slideshow_pagination_center\"><\/div><\/div>\n\n\t\t<!-- WordPress Slideshow Version 2.3.1 -->\n\n\t\t\t<\/div>\n\n\n<p style=\"text-align: justify;\">Avec&nbsp;: Nathan Bernat, Arezki Chougar, Guillaume Fafiotte<\/p>\n<p style=\"text-align: left;\">Sc\u00e9nario, Production et R\u00e9alisation&nbsp;: Joseph Minster \/ Image&nbsp;: Victor Pichon \/ Son&nbsp;: Elton Rabineau \/ Montage&nbsp;: Suzanne Van Boxsom \/ Montage son&nbsp;: Mathieu Orban \/ Mixage&nbsp;: Maxime Roy \/ \u00c9talonnage&nbsp;: Laurent Ripoll \/ Musique originale&nbsp;: Valentin Hadjadj<\/p>","protected":false},"excerpt":{"rendered":"<p>2024 \u2013 Fiction, 11&rsquo;30 \u2013 Production&nbsp;: PSL SACRe &#8211; La F\u00e9mis 1894 &#8211; Un homme s&rsquo;avance dans la montagne, un sac sur le dos. Lorsqu&rsquo;il arrive au col, deux douaniers l&rsquo;attendent. \u00c0 peine visible dans la neige, la fronti\u00e8re les s\u00e9pare. Avec&nbsp;: Nathan Bernat, Arezki Chougar, Guillaume Fafiotte Sc\u00e9nario, Production et R\u00e9alisation&nbsp;: Joseph Minster \/ [&hellip;]<\/p>","protected":false},"author":1,"featured_media":0,"parent":0,"menu_order":0,"comment_status":"closed","ping_status":"closed","template":"template-parts\/page-full-width.php","meta":{"footnotes":""},"tags":[],"class_list":["post-1936","page","type-page","status-publish","hentry"],"yoast_head":"<!-- This site is optimized with the Yoast SEO plugin v27.3 - https:\/\/yoast.com\/product\/yoast-seo-wordpress\/ -->\n<title>Le Contrebandier - Joseph Minster<\/title>\n<meta name=\"robots\" content=\"index, follow, max-snippet:-1, max-image-preview:large, max-video-preview:-1\" \/>\n<link rel=\"canonical\" href=\"https:\/\/josephminster.com\/site\/le-contrebandier\/\" \/>\n<meta property=\"og:locale\" content=\"fr_FR\" \/>\n<meta property=\"og:type\" content=\"article\" \/>\n<meta property=\"og:title\" content=\"Le Contrebandier - Joseph Minster\" \/>\n<meta property=\"og:description\" content=\"2024 \u2013 Fiction, 11&rsquo;30 \u2013 Production&nbsp;: PSL SACRe &#8211; La F\u00e9mis 1894 &#8211; Un homme s&rsquo;avance dans la montagne, un sac sur le dos. Lorsqu&rsquo;il arrive au col, deux douaniers l&rsquo;attendent. \u00c0 peine visible dans la neige, la fronti\u00e8re les s\u00e9pare. Avec&nbsp;: Nathan Bernat, Arezki Chougar, Guillaume Fafiotte Sc\u00e9nario, Production et R\u00e9alisation&nbsp;: Joseph Minster \/ [&hellip;]\" \/>\n<meta property=\"og:url\" content=\"https:\/\/josephminster.com\/site\/le-contrebandier\/\" \/>\n<meta property=\"og:site_name\" content=\"Joseph Minster\" \/>\n<meta property=\"article:modified_time\" content=\"2025-02-21T13:00:05+00:00\" \/>\n<meta property=\"og:image\" content=\"https:\/\/josephminster.com\/site\/wp-content\/uploads\/2024\/02\/Affiche-Le-Contrebandier-scaled.jpg\" \/>\n<meta name=\"twitter:card\" content=\"summary_large_image\" \/>\n<script type=\"application\/ld+json\" class=\"yoast-schema-graph\">{\"@context\":\"https:\\\/\\\/schema.org\",\"@graph\":[{\"@type\":\"WebPage\",\"@id\":\"https:\\\/\\\/josephminster.com\\\/site\\\/le-contrebandier\\\/\",\"url\":\"https:\\\/\\\/josephminster.com\\\/site\\\/le-contrebandier\\\/\",\"name\":\"Le Contrebandier - Joseph Minster\",\"isPartOf\":{\"@id\":\"https:\\\/\\\/josephminster.com\\\/site\\\/#website\"},\"primaryImageOfPage\":{\"@id\":\"https:\\\/\\\/josephminster.com\\\/site\\\/le-contrebandier\\\/#primaryimage\"},\"image\":{\"@id\":\"https:\\\/\\\/josephminster.com\\\/site\\\/le-contrebandier\\\/#primaryimage\"},\"thumbnailUrl\":\"https:\\\/\\\/josephminster.com\\\/site\\\/wp-content\\\/uploads\\\/2024\\\/02\\\/Affiche-Le-Contrebandier-scaled.jpg\",\"datePublished\":\"2024-02-05T12:36:19+00:00\",\"dateModified\":\"2025-02-21T13:00:05+00:00\",\"breadcrumb\":{\"@id\":\"https:\\\/\\\/josephminster.com\\\/site\\\/le-contrebandier\\\/#breadcrumb\"},\"inLanguage\":\"fr-FR\",\"potentialAction\":[{\"@type\":\"ReadAction\",\"target\":[\"https:\\\/\\\/josephminster.com\\\/site\\\/le-contrebandier\\\/\"]}]},{\"@type\":\"ImageObject\",\"inLanguage\":\"fr-FR\",\"@id\":\"https:\\\/\\\/josephminster.com\\\/site\\\/le-contrebandier\\\/#primaryimage\",\"url\":\"https:\\\/\\\/i0.wp.com\\\/josephminster.com\\\/site\\\/wp-content\\\/uploads\\\/2024\\\/02\\\/Affiche-Le-Contrebandier-scaled.jpg?fit=1920%2C2560&ssl=1\",\"contentUrl\":\"https:\\\/\\\/i0.wp.com\\\/josephminster.com\\\/site\\\/wp-content\\\/uploads\\\/2024\\\/02\\\/Affiche-Le-Contrebandier-scaled.jpg?fit=1920%2C2560&ssl=1\",\"width\":1920,\"height\":2560},{\"@type\":\"BreadcrumbList\",\"@id\":\"https:\\\/\\\/josephminster.com\\\/site\\\/le-contrebandier\\\/#breadcrumb\",\"itemListElement\":[{\"@type\":\"ListItem\",\"position\":1,\"name\":\"Accueil\",\"item\":\"https:\\\/\\\/josephminster.com\\\/site\\\/\"},{\"@type\":\"ListItem\",\"position\":2,\"name\":\"Le Contrebandier\"}]},{\"@type\":\"WebSite\",\"@id\":\"https:\\\/\\\/josephminster.com\\\/site\\\/#website\",\"url\":\"https:\\\/\\\/josephminster.com\\\/site\\\/\",\"name\":\"Joseph Minster\",\"description\":\"Auteur, R\u00e9alisateur\",\"publisher\":{\"@id\":\"https:\\\/\\\/josephminster.com\\\/site\\\/#\\\/schema\\\/person\\\/973155dfa27d618c990ef6dfdc3705c9\"},\"potentialAction\":[{\"@type\":\"SearchAction\",\"target\":{\"@type\":\"EntryPoint\",\"urlTemplate\":\"https:\\\/\\\/josephminster.com\\\/site\\\/?s={search_term_string}\"},\"query-input\":{\"@type\":\"PropertyValueSpecification\",\"valueRequired\":true,\"valueName\":\"search_term_string\"}}],\"inLanguage\":\"fr-FR\"},{\"@type\":[\"Person\",\"Organization\"],\"@id\":\"https:\\\/\\\/josephminster.com\\\/site\\\/#\\\/schema\\\/person\\\/973155dfa27d618c990ef6dfdc3705c9\",\"name\":\"Joseph Minster\",\"image\":{\"@type\":\"ImageObject\",\"inLanguage\":\"fr-FR\",\"@id\":\"https:\\\/\\\/i0.wp.com\\\/josephminster.com\\\/site\\\/wp-content\\\/uploads\\\/2019\\\/11\\\/Joseph_Photo-7.jpg?fit=3360%2C2240&ssl=1\",\"url\":\"https:\\\/\\\/i0.wp.com\\\/josephminster.com\\\/site\\\/wp-content\\\/uploads\\\/2019\\\/11\\\/Joseph_Photo-7.jpg?fit=3360%2C2240&ssl=1\",\"contentUrl\":\"https:\\\/\\\/i0.wp.com\\\/josephminster.com\\\/site\\\/wp-content\\\/uploads\\\/2019\\\/11\\\/Joseph_Photo-7.jpg?fit=3360%2C2240&ssl=1\",\"width\":3360,\"height\":2240,\"caption\":\"Joseph Minster\"},\"logo\":{\"@id\":\"https:\\\/\\\/i0.wp.com\\\/josephminster.com\\\/site\\\/wp-content\\\/uploads\\\/2019\\\/11\\\/Joseph_Photo-7.jpg?fit=3360%2C2240&ssl=1\"}}]}<\/script>\n<!-- \/ Yoast SEO plugin. -->","yoast_head_json":{"title":"Le Contrebandier - Joseph Minster","robots":{"index":"index","follow":"follow","max-snippet":"max-snippet:-1","max-image-preview":"max-image-preview:large","max-video-preview":"max-video-preview:-1"},"canonical":"https:\/\/josephminster.com\/site\/le-contrebandier\/","og_locale":"fr_FR","og_type":"article","og_title":"Le Contrebandier - Joseph Minster","og_description":"2024 \u2013 Fiction, 11&rsquo;30 \u2013 Production&nbsp;: PSL SACRe &#8211; La F\u00e9mis 1894 &#8211; Un homme s&rsquo;avance dans la montagne, un sac sur le dos. Lorsqu&rsquo;il arrive au col, deux douaniers l&rsquo;attendent. \u00c0 peine visible dans la neige, la fronti\u00e8re les s\u00e9pare. Avec&nbsp;: Nathan Bernat, Arezki Chougar, Guillaume Fafiotte Sc\u00e9nario, Production et R\u00e9alisation&nbsp;: Joseph Minster \/ [&hellip;]","og_url":"https:\/\/josephminster.com\/site\/le-contrebandier\/","og_site_name":"Joseph Minster","article_modified_time":"2025-02-21T13:00:05+00:00","og_image":[{"url":"https:\/\/josephminster.com\/site\/wp-content\/uploads\/2024\/02\/Affiche-Le-Contrebandier-scaled.jpg","type":"","width":"","height":""}],"twitter_card":"summary_large_image","schema":{"@context":"https:\/\/schema.org","@graph":[{"@type":"WebPage","@id":"https:\/\/josephminster.com\/site\/le-contrebandier\/","url":"https:\/\/josephminster.com\/site\/le-contrebandier\/","name":"Le Contrebandier - Joseph Minster","isPartOf":{"@id":"https:\/\/josephminster.com\/site\/#website"},"primaryImageOfPage":{"@id":"https:\/\/josephminster.com\/site\/le-contrebandier\/#primaryimage"},"image":{"@id":"https:\/\/josephminster.com\/site\/le-contrebandier\/#primaryimage"},"thumbnailUrl":"https:\/\/josephminster.com\/site\/wp-content\/uploads\/2024\/02\/Affiche-Le-Contrebandier-scaled.jpg","datePublished":"2024-02-05T12:36:19+00:00","dateModified":"2025-02-21T13:00:05+00:00","breadcrumb":{"@id":"https:\/\/josephminster.com\/site\/le-contrebandier\/#breadcrumb"},"inLanguage":"fr-FR","potentialAction":[{"@type":"ReadAction","target":["https:\/\/josephminster.com\/site\/le-contrebandier\/"]}]},{"@type":"ImageObject","inLanguage":"fr-FR","@id":"https:\/\/josephminster.com\/site\/le-contrebandier\/#primaryimage","url":"https:\/\/i0.wp.com\/josephminster.com\/site\/wp-content\/uploads\/2024\/02\/Affiche-Le-Contrebandier-scaled.jpg?fit=1920%2C2560&ssl=1","contentUrl":"https:\/\/i0.wp.com\/josephminster.com\/site\/wp-content\/uploads\/2024\/02\/Affiche-Le-Contrebandier-scaled.jpg?fit=1920%2C2560&ssl=1","width":1920,"height":2560},{"@type":"BreadcrumbList","@id":"https:\/\/josephminster.com\/site\/le-contrebandier\/#breadcrumb","itemListElement":[{"@type":"ListItem","position":1,"name":"Accueil","item":"https:\/\/josephminster.com\/site\/"},{"@type":"ListItem","position":2,"name":"Le Contrebandier"}]},{"@type":"WebSite","@id":"https:\/\/josephminster.com\/site\/#website","url":"https:\/\/josephminster.com\/site\/","name":"Joseph Minster","description":"Auteur, R\u00e9alisateur","publisher":{"@id":"https:\/\/josephminster.com\/site\/#\/schema\/person\/973155dfa27d618c990ef6dfdc3705c9"},"potentialAction":[{"@type":"SearchAction","target":{"@type":"EntryPoint","urlTemplate":"https:\/\/josephminster.com\/site\/?s={search_term_string}"},"query-input":{"@type":"PropertyValueSpecification","valueRequired":true,"valueName":"search_term_string"}}],"inLanguage":"fr-FR"},{"@type":["Person","Organization"],"@id":"https:\/\/josephminster.com\/site\/#\/schema\/person\/973155dfa27d618c990ef6dfdc3705c9","name":"Joseph Minster","image":{"@type":"ImageObject","inLanguage":"fr-FR","@id":"https:\/\/i0.wp.com\/josephminster.com\/site\/wp-content\/uploads\/2019\/11\/Joseph_Photo-7.jpg?fit=3360%2C2240&ssl=1","url":"https:\/\/i0.wp.com\/josephminster.com\/site\/wp-content\/uploads\/2019\/11\/Joseph_Photo-7.jpg?fit=3360%2C2240&ssl=1","contentUrl":"https:\/\/i0.wp.com\/josephminster.com\/site\/wp-content\/uploads\/2019\/11\/Joseph_Photo-7.jpg?fit=3360%2C2240&ssl=1","width":3360,"height":2240,"caption":"Joseph Minster"},"logo":{"@id":"https:\/\/i0.wp.com\/josephminster.com\/site\/wp-content\/uploads\/2019\/11\/Joseph_Photo-7.jpg?fit=3360%2C2240&ssl=1"}}]}},"jetpack_sharing_enabled":true,"jetpack_shortlink":"https:\/\/wp.me\/P78IKp-ve","_links":{"self":[{"href":"https:\/\/josephminster.com\/site\/wp-json\/wp\/v2\/pages\/1936","targetHints":{"allow":["GET"]}}],"collection":[{"href":"https:\/\/josephminster.com\/site\/wp-json\/wp\/v2\/pages"}],"about":[{"href":"https:\/\/josephminster.com\/site\/wp-json\/wp\/v2\/types\/page"}],"author":[{"embeddable":true,"href":"https:\/\/josephminster.com\/site\/wp-json\/wp\/v2\/users\/1"}],"replies":[{"embeddable":true,"href":"https:\/\/josephminster.com\/site\/wp-json\/wp\/v2\/comments?post=1936"}],"version-history":[{"count":5,"href":"https:\/\/josephminster.com\/site\/wp-json\/wp\/v2\/pages\/1936\/revisions"}],"predecessor-version":[{"id":2160,"href":"https:\/\/josephminster.com\/site\/wp-json\/wp\/v2\/pages\/1936\/revisions\/2160"}],"wp:attachment":[{"href":"https:\/\/josephminster.com\/site\/wp-json\/wp\/v2\/media?parent=1936"}],"wp:term":[{"taxonomy":"post_tag","embeddable":true,"href":"https:\/\/josephminster.com\/site\/wp-json\/wp\/v2\/tags?post=1936"}],"curies":[{"name":"wp","href":"https:\/\/api.w.org\/{rel}","templated":true}]}}