{"id":1907,"date":"2023-11-23T13:04:07","date_gmt":"2023-11-23T12:04:07","guid":{"rendered":"https:\/\/josephminster.com\/site\/?page_id=1907"},"modified":"2024-02-07T12:50:31","modified_gmt":"2024-02-07T11:50:31","slug":"lettre-du-port","status":"publish","type":"page","link":"https:\/\/josephminster.com\/site\/lettre-du-port\/","title":{"rendered":"Lettre du Port"},"content":{"rendered":"<p><img data-recalc-dims=\"1\" loading=\"lazy\" decoding=\"async\" class=\"alignnone wp-image-1903\" src=\"https:\/\/i0.wp.com\/josephminster.com\/site\/wp-content\/uploads\/2023\/11\/Affiche-Lettre-du-Port-scaled.jpg?resize=520%2C735&#038;ssl=1\" alt=\"\" width=\"520\" height=\"735\" srcset=\"https:\/\/i0.wp.com\/josephminster.com\/site\/wp-content\/uploads\/2023\/11\/Affiche-Lettre-du-Port-scaled.jpg?w=1810&amp;ssl=1 1810w, https:\/\/i0.wp.com\/josephminster.com\/site\/wp-content\/uploads\/2023\/11\/Affiche-Lettre-du-Port-scaled.jpg?resize=212%2C300&amp;ssl=1 212w, https:\/\/i0.wp.com\/josephminster.com\/site\/wp-content\/uploads\/2023\/11\/Affiche-Lettre-du-Port-scaled.jpg?resize=724%2C1024&amp;ssl=1 724w, https:\/\/i0.wp.com\/josephminster.com\/site\/wp-content\/uploads\/2023\/11\/Affiche-Lettre-du-Port-scaled.jpg?resize=1086%2C1536&amp;ssl=1 1086w, https:\/\/i0.wp.com\/josephminster.com\/site\/wp-content\/uploads\/2023\/11\/Affiche-Lettre-du-Port-scaled.jpg?w=1280&amp;ssl=1 1280w\" sizes=\"auto, (max-width: 520px) 100vw, 520px\" \/><\/p>\n<div class=\"_1DKxU sc-kIPQKe egqgNj\">\n<div class=\"_wMel\" dir=\"auto\" data-description-content=\"true\">\n<blockquote>\n<p class=\"first\"><strong>2023 \u2013 Fiction, 13&rsquo;20 \u2013 Production&nbsp;: Joseph Minster<br \/>\n<\/strong><\/p>\n<p><em>C\u00e9lia se souvient. Yannick s\u2019appr\u00eatait \u00e0 quitter l\u2019\u00eele et \u00e0 rentrer en Allemagne, o\u00f9 un nouveau travail l\u2019attendait. C\u2019est apr\u00e8s le passage du cyclone que les boug an kl\u00e8r sont apparus sur la plage.<\/em><\/p><\/blockquote>\n\n\t<div class=\"slideshow_container slideshow_container_style-dark\" style=\" \" data-slideshow-id=\"1909\" data-style-name=\"style-dark\" data-style-version=\"2.3.1\" >\n\n\t\t\t\t\t<div class=\"slideshow_loading_icon\"><\/div>\n\t\t\n\t\t<div class=\"slideshow_content\" style=\"display: none;\">\n\n\t\t\t<div class=\"slideshow_view\">\n\t\t\t\t<div class=\"slideshow_slide slideshow_slide_image\">\n\t\t\t\t\t\t\t\t\t\t\t<img src=\"https:\/\/i0.wp.com\/josephminster.com\/site\/wp-content\/uploads\/2023\/11\/Lettre_du_Port_2%C2%A9Joseph_Minster.jpg?fit=1920%2C1080&amp;ssl=1\" alt=\"Lettre_du_Port_2\u00a9Joseph_Minster\" width=\"1920\" height=\"1080\" \/>\n\t\t\t\t\t\t\t\t\t\t<div class=\"slideshow_description_box slideshow_transparent\">\n\t\t\t\t\t\t<div class=\"slideshow_title\">Lettre_du_Port_2\u00a9Joseph_Minster<\/div>\t\t\t\t\t\t\t\t\t\t\t<\/div>\n\t\t\t\t<\/div>\n\n\t\t\t\t\t\t\n\t\t\t\t<div class=\"slideshow_slide slideshow_slide_image\">\n\t\t\t\t\t\t\t\t\t\t\t<img src=\"https:\/\/i0.wp.com\/josephminster.com\/site\/wp-content\/uploads\/2023\/11\/Lettre_du_Port_7%C2%A9Joseph_Minster.jpg?fit=2048%2C1152&amp;ssl=1\" alt=\"Lettre_du_Port_7\u00a9Joseph_Minster\" width=\"2048\" height=\"1152\" \/>\n\t\t\t\t\t\t\t\t\t\t<div class=\"slideshow_description_box slideshow_transparent\">\n\t\t\t\t\t\t<div class=\"slideshow_title\">Lettre_du_Port_7\u00a9Joseph_Minster<\/div>\t\t\t\t\t\t\t\t\t\t\t<\/div>\n\t\t\t\t<\/div>\n\n\t\t\t\t\t\t\n\t\t\t\t<div class=\"slideshow_slide slideshow_slide_image\">\n\t\t\t\t\t\t\t\t\t\t\t<img src=\"https:\/\/i0.wp.com\/josephminster.com\/site\/wp-content\/uploads\/2023\/11\/Lettre_du_Port_3%C2%A9Joseph_Minster.jpg?fit=1920%2C1080&amp;ssl=1\" alt=\"Lettre_du_Port_3\u00a9Joseph_Minster\" width=\"1920\" height=\"1080\" \/>\n\t\t\t\t\t\t\t\t\t\t<div class=\"slideshow_description_box slideshow_transparent\">\n\t\t\t\t\t\t<div class=\"slideshow_title\">Lettre_du_Port_3\u00a9Joseph_Minster<\/div>\t\t\t\t\t\t\t\t\t\t\t<\/div>\n\t\t\t\t<\/div>\n\n\t\t\t\t\t\t<div style=\"clear: both;\"><\/div><\/div><div class=\"slideshow_view\">\n\t\t\t\t<div class=\"slideshow_slide slideshow_slide_image\">\n\t\t\t\t\t\t\t\t\t\t\t<img src=\"https:\/\/i0.wp.com\/josephminster.com\/site\/wp-content\/uploads\/2023\/11\/Lettre_du_Port_5%C2%A9Joseph_Minster.jpg?fit=1920%2C1080&amp;ssl=1\" alt=\"Lettre_du_Port_5\u00a9Joseph_Minster\" width=\"1920\" height=\"1080\" \/>\n\t\t\t\t\t\t\t\t\t\t<div class=\"slideshow_description_box slideshow_transparent\">\n\t\t\t\t\t\t<div class=\"slideshow_title\">Lettre_du_Port_5\u00a9Joseph_Minster<\/div>\t\t\t\t\t\t\t\t\t\t\t<\/div>\n\t\t\t\t<\/div>\n\n\t\t\t\t\t\t\n\t\t\t\t<div class=\"slideshow_slide slideshow_slide_image\">\n\t\t\t\t\t\t\t\t\t\t\t<img src=\"https:\/\/i0.wp.com\/josephminster.com\/site\/wp-content\/uploads\/2023\/11\/Lettre_du_Port_4%C2%A9Joseph_Minster.jpg?fit=1920%2C1080&amp;ssl=1\" alt=\"Lettre_du_Port_4\u00a9Joseph_Minster\" width=\"1920\" height=\"1080\" \/>\n\t\t\t\t\t\t\t\t\t\t<div class=\"slideshow_description_box slideshow_transparent\">\n\t\t\t\t\t\t<div class=\"slideshow_title\">Lettre_du_Port_4\u00a9Joseph_Minster<\/div>\t\t\t\t\t\t\t\t\t\t\t<\/div>\n\t\t\t\t<\/div>\n\n\t\t\t\t\t\t\n\t\t\t\t<div class=\"slideshow_slide slideshow_slide_image\">\n\t\t\t\t\t\t\t\t\t\t\t<img src=\"https:\/\/i0.wp.com\/josephminster.com\/site\/wp-content\/uploads\/2023\/11\/Lettre_du_Port_9%C2%A9Joseph_Minster.jpg?fit=1920%2C1080&amp;ssl=1\" alt=\"Lettre_du_Port_9\u00a9Joseph_Minster\" width=\"1920\" height=\"1080\" \/>\n\t\t\t\t\t\t\t\t\t\t<div class=\"slideshow_description_box slideshow_transparent\">\n\t\t\t\t\t\t<div class=\"slideshow_title\">Lettre_du_Port_9\u00a9Joseph_Minster<\/div>\t\t\t\t\t\t\t\t\t\t\t<\/div>\n\t\t\t\t<\/div>\n\n\t\t\t\t\t\t<div style=\"clear: both;\"><\/div><\/div>\n\t\t<\/div>\n\n\t\t<div class=\"slideshow_controlPanel slideshow_transparent\" style=\"display: none;\"><ul><li class=\"slideshow_togglePlay\" data-play-text=\"Play\" data-pause-text=\"Pause\"><\/li><\/ul><\/div>\n\n\t\t<div class=\"slideshow_button slideshow_previous slideshow_transparent\" role=\"button\" data-previous-text=\"Pr\u00e9c\u00e9dent\" style=\"display: none;\"><\/div>\n\t\t<div class=\"slideshow_button slideshow_next slideshow_transparent\" role=\"button\" data-next-text=\"Suivant\" style=\"display: none;\"><\/div>\n\n\t\t<div class=\"slideshow_pagination\" style=\"display: none;\" data-go-to-text=\"Go to slide\"><div class=\"slideshow_pagination_center\"><\/div><\/div>\n\n\t\t<!-- WordPress Slideshow Version 2.3.1 -->\n\n\t\t\t<\/div>\n\n\n<p style=\"text-align: left;\">Avec&nbsp;: C\u00e9lia Berby-Maillot, Yannick Grunow, Alejandro Suescun, William Gatayija, Lilian Aure, Mirhati Hamdiya, et la voix de Laurence Taffet Merion<\/p>\n<p style=\"text-align: left;\">Sc\u00e9nario, Production &amp; R\u00e9alisation&nbsp;: Joseph Minster \/ Image&nbsp;: Argan Carel, Joseph Minster \/ Son&nbsp;: Raharinirina Rovaniaina, Mirhati Hamdiya \/ Montage&nbsp;: Maxime Fran\u00e7ois \/ Montage son&nbsp;: Mathieu Orban \/ Mixage&nbsp;: Sylvain Adas \/ \u00c9talonnage&nbsp;: Bertrand Faucounau \/ Traduction cr\u00e9ole&nbsp;: Aur\u00e9lie Filain<\/p>\n<p style=\"text-align: left;\"><em>Ce projet a \u00e9t\u00e9 tourn\u00e9 dans le cadre d&rsquo;une r\u00e9sidence \u00ab\u00a0Artiste intervenant en territoire scolaire\u00a0\u00bb, en partenariat avec la F\u00e9mis et avec le soutien de la Direction des affaires culturelles de la R\u00e9union &#8211; Minist\u00e8re de la culture.<\/em><\/p>\n<\/div>\n<\/div>","protected":false},"excerpt":{"rendered":"<p>2023 \u2013 Fiction, 13&rsquo;20 \u2013 Production&nbsp;: Joseph Minster C\u00e9lia se souvient. Yannick s\u2019appr\u00eatait \u00e0 quitter l\u2019\u00eele et \u00e0 rentrer en Allemagne, o\u00f9 un nouveau travail l\u2019attendait. C\u2019est apr\u00e8s le passage du cyclone que les boug an kl\u00e8r sont apparus sur la plage. Avec&nbsp;: C\u00e9lia Berby-Maillot, Yannick Grunow, Alejandro Suescun, William Gatayija, Lilian Aure, Mirhati Hamdiya, [&hellip;]<\/p>","protected":false},"author":1,"featured_media":0,"parent":0,"menu_order":0,"comment_status":"closed","ping_status":"closed","template":"template-parts\/page-full-width.php","meta":{"footnotes":""},"tags":[],"class_list":["post-1907","page","type-page","status-publish","hentry"],"yoast_head":"<!-- This site is optimized with the Yoast SEO plugin v27.4 - https:\/\/yoast.com\/product\/yoast-seo-wordpress\/ -->\n<title>Lettre du Port - Joseph Minster<\/title>\n<meta name=\"robots\" content=\"index, follow, max-snippet:-1, max-image-preview:large, max-video-preview:-1\" \/>\n<link rel=\"canonical\" href=\"https:\/\/josephminster.com\/site\/lettre-du-port\/\" \/>\n<meta property=\"og:locale\" content=\"fr_FR\" \/>\n<meta property=\"og:type\" content=\"article\" \/>\n<meta property=\"og:title\" content=\"Lettre du Port - Joseph Minster\" \/>\n<meta property=\"og:description\" content=\"2023 \u2013 Fiction, 13&rsquo;20 \u2013 Production&nbsp;: Joseph Minster C\u00e9lia se souvient. Yannick s\u2019appr\u00eatait \u00e0 quitter l\u2019\u00eele et \u00e0 rentrer en Allemagne, o\u00f9 un nouveau travail l\u2019attendait. C\u2019est apr\u00e8s le passage du cyclone que les boug an kl\u00e8r sont apparus sur la plage. Avec&nbsp;: C\u00e9lia Berby-Maillot, Yannick Grunow, Alejandro Suescun, William Gatayija, Lilian Aure, Mirhati Hamdiya, [&hellip;]\" \/>\n<meta property=\"og:url\" content=\"https:\/\/josephminster.com\/site\/lettre-du-port\/\" \/>\n<meta property=\"og:site_name\" content=\"Joseph Minster\" \/>\n<meta property=\"article:modified_time\" content=\"2024-02-07T11:50:31+00:00\" \/>\n<meta property=\"og:image\" content=\"https:\/\/josephminster.com\/site\/wp-content\/uploads\/2023\/11\/Affiche-Lettre-du-Port-scaled.jpg\" \/>\n<meta name=\"twitter:card\" content=\"summary_large_image\" \/>\n<meta name=\"twitter:label1\" content=\"Dur\u00e9e de lecture estim\u00e9e\" \/>\n\t<meta name=\"twitter:data1\" content=\"1 minute\" \/>\n<script type=\"application\/ld+json\" class=\"yoast-schema-graph\">{\"@context\":\"https:\\\/\\\/schema.org\",\"@graph\":[{\"@type\":\"WebPage\",\"@id\":\"https:\\\/\\\/josephminster.com\\\/site\\\/lettre-du-port\\\/\",\"url\":\"https:\\\/\\\/josephminster.com\\\/site\\\/lettre-du-port\\\/\",\"name\":\"Lettre du Port - Joseph Minster\",\"isPartOf\":{\"@id\":\"https:\\\/\\\/josephminster.com\\\/site\\\/#website\"},\"primaryImageOfPage\":{\"@id\":\"https:\\\/\\\/josephminster.com\\\/site\\\/lettre-du-port\\\/#primaryimage\"},\"image\":{\"@id\":\"https:\\\/\\\/josephminster.com\\\/site\\\/lettre-du-port\\\/#primaryimage\"},\"thumbnailUrl\":\"https:\\\/\\\/josephminster.com\\\/site\\\/wp-content\\\/uploads\\\/2023\\\/11\\\/Affiche-Lettre-du-Port-scaled.jpg\",\"datePublished\":\"2023-11-23T12:04:07+00:00\",\"dateModified\":\"2024-02-07T11:50:31+00:00\",\"breadcrumb\":{\"@id\":\"https:\\\/\\\/josephminster.com\\\/site\\\/lettre-du-port\\\/#breadcrumb\"},\"inLanguage\":\"fr-FR\",\"potentialAction\":[{\"@type\":\"ReadAction\",\"target\":[\"https:\\\/\\\/josephminster.com\\\/site\\\/lettre-du-port\\\/\"]}]},{\"@type\":\"ImageObject\",\"inLanguage\":\"fr-FR\",\"@id\":\"https:\\\/\\\/josephminster.com\\\/site\\\/lettre-du-port\\\/#primaryimage\",\"url\":\"https:\\\/\\\/i0.wp.com\\\/josephminster.com\\\/site\\\/wp-content\\\/uploads\\\/2023\\\/11\\\/Affiche-Lettre-du-Port-scaled.jpg?fit=1810%2C2560&ssl=1\",\"contentUrl\":\"https:\\\/\\\/i0.wp.com\\\/josephminster.com\\\/site\\\/wp-content\\\/uploads\\\/2023\\\/11\\\/Affiche-Lettre-du-Port-scaled.jpg?fit=1810%2C2560&ssl=1\",\"width\":1810,\"height\":2560},{\"@type\":\"BreadcrumbList\",\"@id\":\"https:\\\/\\\/josephminster.com\\\/site\\\/lettre-du-port\\\/#breadcrumb\",\"itemListElement\":[{\"@type\":\"ListItem\",\"position\":1,\"name\":\"Accueil\",\"item\":\"https:\\\/\\\/josephminster.com\\\/site\\\/\"},{\"@type\":\"ListItem\",\"position\":2,\"name\":\"Lettre du Port\"}]},{\"@type\":\"WebSite\",\"@id\":\"https:\\\/\\\/josephminster.com\\\/site\\\/#website\",\"url\":\"https:\\\/\\\/josephminster.com\\\/site\\\/\",\"name\":\"Joseph Minster\",\"description\":\"Auteur, R\u00e9alisateur\",\"publisher\":{\"@id\":\"https:\\\/\\\/josephminster.com\\\/site\\\/#\\\/schema\\\/person\\\/973155dfa27d618c990ef6dfdc3705c9\"},\"potentialAction\":[{\"@type\":\"SearchAction\",\"target\":{\"@type\":\"EntryPoint\",\"urlTemplate\":\"https:\\\/\\\/josephminster.com\\\/site\\\/?s={search_term_string}\"},\"query-input\":{\"@type\":\"PropertyValueSpecification\",\"valueRequired\":true,\"valueName\":\"search_term_string\"}}],\"inLanguage\":\"fr-FR\"},{\"@type\":[\"Person\",\"Organization\"],\"@id\":\"https:\\\/\\\/josephminster.com\\\/site\\\/#\\\/schema\\\/person\\\/973155dfa27d618c990ef6dfdc3705c9\",\"name\":\"Joseph Minster\",\"image\":{\"@type\":\"ImageObject\",\"inLanguage\":\"fr-FR\",\"@id\":\"https:\\\/\\\/i0.wp.com\\\/josephminster.com\\\/site\\\/wp-content\\\/uploads\\\/2019\\\/11\\\/Joseph_Photo-7.jpg?fit=3360%2C2240&ssl=1\",\"url\":\"https:\\\/\\\/i0.wp.com\\\/josephminster.com\\\/site\\\/wp-content\\\/uploads\\\/2019\\\/11\\\/Joseph_Photo-7.jpg?fit=3360%2C2240&ssl=1\",\"contentUrl\":\"https:\\\/\\\/i0.wp.com\\\/josephminster.com\\\/site\\\/wp-content\\\/uploads\\\/2019\\\/11\\\/Joseph_Photo-7.jpg?fit=3360%2C2240&ssl=1\",\"width\":3360,\"height\":2240,\"caption\":\"Joseph Minster\"},\"logo\":{\"@id\":\"https:\\\/\\\/i0.wp.com\\\/josephminster.com\\\/site\\\/wp-content\\\/uploads\\\/2019\\\/11\\\/Joseph_Photo-7.jpg?fit=3360%2C2240&ssl=1\"}}]}<\/script>\n<!-- \/ Yoast SEO plugin. -->","yoast_head_json":{"title":"Lettre du Port - Joseph Minster","robots":{"index":"index","follow":"follow","max-snippet":"max-snippet:-1","max-image-preview":"max-image-preview:large","max-video-preview":"max-video-preview:-1"},"canonical":"https:\/\/josephminster.com\/site\/lettre-du-port\/","og_locale":"fr_FR","og_type":"article","og_title":"Lettre du Port - Joseph Minster","og_description":"2023 \u2013 Fiction, 13&rsquo;20 \u2013 Production&nbsp;: Joseph Minster C\u00e9lia se souvient. Yannick s\u2019appr\u00eatait \u00e0 quitter l\u2019\u00eele et \u00e0 rentrer en Allemagne, o\u00f9 un nouveau travail l\u2019attendait. C\u2019est apr\u00e8s le passage du cyclone que les boug an kl\u00e8r sont apparus sur la plage. Avec&nbsp;: C\u00e9lia Berby-Maillot, Yannick Grunow, Alejandro Suescun, William Gatayija, Lilian Aure, Mirhati Hamdiya, [&hellip;]","og_url":"https:\/\/josephminster.com\/site\/lettre-du-port\/","og_site_name":"Joseph Minster","article_modified_time":"2024-02-07T11:50:31+00:00","og_image":[{"url":"https:\/\/josephminster.com\/site\/wp-content\/uploads\/2023\/11\/Affiche-Lettre-du-Port-scaled.jpg","type":"","width":"","height":""}],"twitter_card":"summary_large_image","twitter_misc":{"Dur\u00e9e de lecture estim\u00e9e":"1 minute"},"schema":{"@context":"https:\/\/schema.org","@graph":[{"@type":"WebPage","@id":"https:\/\/josephminster.com\/site\/lettre-du-port\/","url":"https:\/\/josephminster.com\/site\/lettre-du-port\/","name":"Lettre du Port - Joseph Minster","isPartOf":{"@id":"https:\/\/josephminster.com\/site\/#website"},"primaryImageOfPage":{"@id":"https:\/\/josephminster.com\/site\/lettre-du-port\/#primaryimage"},"image":{"@id":"https:\/\/josephminster.com\/site\/lettre-du-port\/#primaryimage"},"thumbnailUrl":"https:\/\/josephminster.com\/site\/wp-content\/uploads\/2023\/11\/Affiche-Lettre-du-Port-scaled.jpg","datePublished":"2023-11-23T12:04:07+00:00","dateModified":"2024-02-07T11:50:31+00:00","breadcrumb":{"@id":"https:\/\/josephminster.com\/site\/lettre-du-port\/#breadcrumb"},"inLanguage":"fr-FR","potentialAction":[{"@type":"ReadAction","target":["https:\/\/josephminster.com\/site\/lettre-du-port\/"]}]},{"@type":"ImageObject","inLanguage":"fr-FR","@id":"https:\/\/josephminster.com\/site\/lettre-du-port\/#primaryimage","url":"https:\/\/i0.wp.com\/josephminster.com\/site\/wp-content\/uploads\/2023\/11\/Affiche-Lettre-du-Port-scaled.jpg?fit=1810%2C2560&ssl=1","contentUrl":"https:\/\/i0.wp.com\/josephminster.com\/site\/wp-content\/uploads\/2023\/11\/Affiche-Lettre-du-Port-scaled.jpg?fit=1810%2C2560&ssl=1","width":1810,"height":2560},{"@type":"BreadcrumbList","@id":"https:\/\/josephminster.com\/site\/lettre-du-port\/#breadcrumb","itemListElement":[{"@type":"ListItem","position":1,"name":"Accueil","item":"https:\/\/josephminster.com\/site\/"},{"@type":"ListItem","position":2,"name":"Lettre du Port"}]},{"@type":"WebSite","@id":"https:\/\/josephminster.com\/site\/#website","url":"https:\/\/josephminster.com\/site\/","name":"Joseph Minster","description":"Auteur, R\u00e9alisateur","publisher":{"@id":"https:\/\/josephminster.com\/site\/#\/schema\/person\/973155dfa27d618c990ef6dfdc3705c9"},"potentialAction":[{"@type":"SearchAction","target":{"@type":"EntryPoint","urlTemplate":"https:\/\/josephminster.com\/site\/?s={search_term_string}"},"query-input":{"@type":"PropertyValueSpecification","valueRequired":true,"valueName":"search_term_string"}}],"inLanguage":"fr-FR"},{"@type":["Person","Organization"],"@id":"https:\/\/josephminster.com\/site\/#\/schema\/person\/973155dfa27d618c990ef6dfdc3705c9","name":"Joseph Minster","image":{"@type":"ImageObject","inLanguage":"fr-FR","@id":"https:\/\/i0.wp.com\/josephminster.com\/site\/wp-content\/uploads\/2019\/11\/Joseph_Photo-7.jpg?fit=3360%2C2240&ssl=1","url":"https:\/\/i0.wp.com\/josephminster.com\/site\/wp-content\/uploads\/2019\/11\/Joseph_Photo-7.jpg?fit=3360%2C2240&ssl=1","contentUrl":"https:\/\/i0.wp.com\/josephminster.com\/site\/wp-content\/uploads\/2019\/11\/Joseph_Photo-7.jpg?fit=3360%2C2240&ssl=1","width":3360,"height":2240,"caption":"Joseph Minster"},"logo":{"@id":"https:\/\/i0.wp.com\/josephminster.com\/site\/wp-content\/uploads\/2019\/11\/Joseph_Photo-7.jpg?fit=3360%2C2240&ssl=1"}}]}},"jetpack_sharing_enabled":true,"jetpack_shortlink":"https:\/\/wp.me\/P78IKp-uL","_links":{"self":[{"href":"https:\/\/josephminster.com\/site\/wp-json\/wp\/v2\/pages\/1907","targetHints":{"allow":["GET"]}}],"collection":[{"href":"https:\/\/josephminster.com\/site\/wp-json\/wp\/v2\/pages"}],"about":[{"href":"https:\/\/josephminster.com\/site\/wp-json\/wp\/v2\/types\/page"}],"author":[{"embeddable":true,"href":"https:\/\/josephminster.com\/site\/wp-json\/wp\/v2\/users\/1"}],"replies":[{"embeddable":true,"href":"https:\/\/josephminster.com\/site\/wp-json\/wp\/v2\/comments?post=1907"}],"version-history":[{"count":7,"href":"https:\/\/josephminster.com\/site\/wp-json\/wp\/v2\/pages\/1907\/revisions"}],"predecessor-version":[{"id":1958,"href":"https:\/\/josephminster.com\/site\/wp-json\/wp\/v2\/pages\/1907\/revisions\/1958"}],"wp:attachment":[{"href":"https:\/\/josephminster.com\/site\/wp-json\/wp\/v2\/media?parent=1907"}],"wp:term":[{"taxonomy":"post_tag","embeddable":true,"href":"https:\/\/josephminster.com\/site\/wp-json\/wp\/v2\/tags?post=1907"}],"curies":[{"name":"wp","href":"https:\/\/api.w.org\/{rel}","templated":true}]}}