{"id":1787,"date":"2022-08-30T22:43:59","date_gmt":"2022-08-30T21:43:59","guid":{"rendered":"https:\/\/josephminster.com\/site\/?page_id=1787"},"modified":"2025-06-07T12:12:44","modified_gmt":"2025-06-07T11:12:44","slug":"charon-2","status":"publish","type":"page","link":"https:\/\/josephminster.com\/site\/charon-2\/","title":{"rendered":"Charon"},"content":{"rendered":"<p><img data-recalc-dims=\"1\" loading=\"lazy\" decoding=\"async\" class=\"wp-image-1451 alignnone\" src=\"https:\/\/i0.wp.com\/josephminster.com\/site\/wp-content\/uploads\/2020\/04\/Affiche-Charon-2-scaled.jpg?resize=521%2C696&#038;ssl=1\" alt=\"\" width=\"521\" height=\"696\" srcset=\"https:\/\/i0.wp.com\/josephminster.com\/site\/wp-content\/uploads\/2020\/04\/Affiche-Charon-2-scaled.jpg?w=1915&amp;ssl=1 1915w, https:\/\/i0.wp.com\/josephminster.com\/site\/wp-content\/uploads\/2020\/04\/Affiche-Charon-2-scaled.jpg?resize=224%2C300&amp;ssl=1 224w, https:\/\/i0.wp.com\/josephminster.com\/site\/wp-content\/uploads\/2020\/04\/Affiche-Charon-2-scaled.jpg?resize=766%2C1024&amp;ssl=1 766w, https:\/\/i0.wp.com\/josephminster.com\/site\/wp-content\/uploads\/2020\/04\/Affiche-Charon-2-scaled.jpg?resize=1149%2C1536&amp;ssl=1 1149w, https:\/\/i0.wp.com\/josephminster.com\/site\/wp-content\/uploads\/2020\/04\/Affiche-Charon-2-scaled.jpg?resize=1532%2C2048&amp;ssl=1 1532w, https:\/\/i0.wp.com\/josephminster.com\/site\/wp-content\/uploads\/2020\/04\/Affiche-Charon-2-scaled.jpg?resize=640%2C856&amp;ssl=1 640w, https:\/\/i0.wp.com\/josephminster.com\/site\/wp-content\/uploads\/2020\/04\/Affiche-Charon-2-scaled.jpg?resize=1010%2C1350&amp;ssl=1 1010w, https:\/\/i0.wp.com\/josephminster.com\/site\/wp-content\/uploads\/2020\/04\/Affiche-Charon-2-scaled.jpg?w=1280&amp;ssl=1 1280w\" sizes=\"auto, (max-width: 521px) 100vw, 521px\" \/><\/p>\n<blockquote><p><strong>2016 &#8211; Fiction &#8211; 10 x 4&rsquo;30 &#8211; Production&nbsp;: <a href=\"https:\/\/josephminster.com\/site\/generale-des-carre\/\">G\u00e9n\u00e9rale des Carr\u00e9<\/a> \/ Les Films d&rsquo;Argile<\/strong><\/p>\n<p><em>V\u00e9ritable star de la Gr\u00e8ce antique, quelque peu tomb\u00e9 dans l\u2019oubli de nos jours, Charon, le passeur des enfers, n\u2019a pourtant jamais cess\u00e9 d\u2019exercer. Aux commandes de sa fr\u00eale embarcation pluri-mill\u00e9naires, il continue \u00e0 accompagner les morts dans leur travers\u00e9e du Styx&#8230;<\/em><\/p><\/blockquote>\n<p>Avec&nbsp;: Basile Lacoeuilhe, Jean-Christophe Legendre, Cl\u00e9o S\u00e9nia, Stanislas de Lardemelle, Corinne Valancogne, Lo\u00efc Renard, Marie Bray, Olivier Liron, Marion Leclair, Alissa Wenz, Abel Rich\u00e9, Jacques Pratoussy, Nathan Goetschy, Jean Terrier, Cl\u00e9ment Schneider, Chlo\u00e9 Chevalier, G\u00e9rald Raynaud, \u00c9lodie Pomeranc, Chlo\u00e9 Galibert-Lain\u00e9<\/p>\n<p>Sc\u00e9nario, Production &amp; R\u00e9alisation&nbsp;: Joseph Minster \/ Directeur de la photographie&nbsp;: Bertrand Faucounau \/ Ing\u00e9nieur du son&nbsp;: \u00c9ric Auregan \/ Costumes&nbsp;: \u00c9lodie Pomeranc \/ Montage \u00a0: L\u00e9a Chatauret, Alice de Matha \/ Montage son&nbsp;: Fabien Goury, Alice de Matha, Florent Castellani \/ Mixage&nbsp;: Fabien Goury \/ Musique originale&nbsp;: Valentin Hadjadj \/ Effets sp\u00e9ciaux&nbsp;: Julien Martins \/ G\u00e9n\u00e9rique&nbsp;: Romuald Ayoun<\/p>\n<div class=\"jetpack-video-wrapper\"><span class=\"embed-youtube\" style=\"text-align:center; display: block;\"><iframe loading=\"lazy\" class=\"youtube-player\" width=\"640\" height=\"360\" src=\"https:\/\/www.youtube.com\/embed?version=3&#038;rel=1&#038;showsearch=0&#038;showinfo=1&#038;iv_load_policy=1&#038;fs=1&#038;hl=fr-FR&#038;autohide=2&#038;wmode=transparent&#038;listType=playlist&#038;list=PLUqYPEUJSJQUtdkKpdFkrCQlK9kV1nxWX\" allowfullscreen=\"true\" style=\"border:0;\" sandbox=\"allow-scripts allow-same-origin allow-popups allow-presentation allow-popups-to-escape-sandbox\"><\/iframe><\/span><\/div>\n<blockquote><p>Retrouvez tous les \u00e9pisodes de la saison pilote de <em><a href=\"https:\/\/www.youtube.com\/channel\/UCaXvHG__hOKXEgXnT97halg\">Charon<\/a><\/em> sur <a href=\"https:\/\/www.youtube.com\/channel\/UCaXvHG__hOKXEgXnT97halg\">Youtube<\/a>\u00a0!<\/p><\/blockquote>\n<p><img data-recalc-dims=\"1\" loading=\"lazy\" decoding=\"async\" class=\"alignnone size-full wp-image-1476\" src=\"https:\/\/i0.wp.com\/josephminster.com\/site\/wp-content\/uploads\/2020\/04\/Bandeau-Charon-3.jpg?resize=640%2C113&#038;ssl=1\" alt=\"\" width=\"640\" height=\"113\" srcset=\"https:\/\/i0.wp.com\/josephminster.com\/site\/wp-content\/uploads\/2020\/04\/Bandeau-Charon-3.jpg?w=1544&amp;ssl=1 1544w, https:\/\/i0.wp.com\/josephminster.com\/site\/wp-content\/uploads\/2020\/04\/Bandeau-Charon-3.jpg?resize=300%2C53&amp;ssl=1 300w, https:\/\/i0.wp.com\/josephminster.com\/site\/wp-content\/uploads\/2020\/04\/Bandeau-Charon-3.jpg?resize=1024%2C181&amp;ssl=1 1024w, https:\/\/i0.wp.com\/josephminster.com\/site\/wp-content\/uploads\/2020\/04\/Bandeau-Charon-3.jpg?resize=1536%2C272&amp;ssl=1 1536w, https:\/\/i0.wp.com\/josephminster.com\/site\/wp-content\/uploads\/2020\/04\/Bandeau-Charon-3.jpg?resize=640%2C113&amp;ssl=1 640w, https:\/\/i0.wp.com\/josephminster.com\/site\/wp-content\/uploads\/2020\/04\/Bandeau-Charon-3.jpg?resize=1010%2C179&amp;ssl=1 1010w, https:\/\/i0.wp.com\/josephminster.com\/site\/wp-content\/uploads\/2020\/04\/Bandeau-Charon-3.jpg?w=1280&amp;ssl=1 1280w\" sizes=\"auto, (max-width: 640px) 100vw, 640px\" \/><\/p>\n<p>&nbsp;<\/p>","protected":false},"excerpt":{"rendered":"<p>2016 &#8211; Fiction &#8211; 10 x 4&rsquo;30 &#8211; Production&nbsp;: G\u00e9n\u00e9rale des Carr\u00e9 \/ Les Films d&rsquo;Argile V\u00e9ritable star de la Gr\u00e8ce antique, quelque peu tomb\u00e9 dans l\u2019oubli de nos jours, Charon, le passeur des enfers, n\u2019a pourtant jamais cess\u00e9 d\u2019exercer. Aux commandes de sa fr\u00eale embarcation pluri-mill\u00e9naires, il continue \u00e0 accompagner les morts dans leur [&hellip;]<\/p>","protected":false},"author":1,"featured_media":0,"parent":0,"menu_order":0,"comment_status":"closed","ping_status":"closed","template":"template-parts\/page-full-width.php","meta":{"footnotes":""},"tags":[],"class_list":["post-1787","page","type-page","status-publish","hentry"],"yoast_head":"<!-- This site is optimized with the Yoast SEO plugin v27.3 - https:\/\/yoast.com\/product\/yoast-seo-wordpress\/ -->\n<title>Charon - Joseph Minster<\/title>\n<meta name=\"robots\" content=\"index, follow, max-snippet:-1, max-image-preview:large, max-video-preview:-1\" \/>\n<link rel=\"canonical\" href=\"https:\/\/josephminster.com\/site\/charon-2\/\" \/>\n<meta property=\"og:locale\" content=\"fr_FR\" \/>\n<meta property=\"og:type\" content=\"article\" \/>\n<meta property=\"og:title\" content=\"Charon - Joseph Minster\" \/>\n<meta property=\"og:description\" content=\"2016 &#8211; Fiction &#8211; 10 x 4&rsquo;30 &#8211; Production&nbsp;: G\u00e9n\u00e9rale des Carr\u00e9 \/ Les Films d&rsquo;Argile V\u00e9ritable star de la Gr\u00e8ce antique, quelque peu tomb\u00e9 dans l\u2019oubli de nos jours, Charon, le passeur des enfers, n\u2019a pourtant jamais cess\u00e9 d\u2019exercer. Aux commandes de sa fr\u00eale embarcation pluri-mill\u00e9naires, il continue \u00e0 accompagner les morts dans leur [&hellip;]\" \/>\n<meta property=\"og:url\" content=\"https:\/\/josephminster.com\/site\/charon-2\/\" \/>\n<meta property=\"og:site_name\" content=\"Joseph Minster\" \/>\n<meta property=\"article:modified_time\" content=\"2025-06-07T11:12:44+00:00\" \/>\n<meta property=\"og:image\" content=\"https:\/\/josephminster.com\/site\/wp-content\/uploads\/2020\/04\/Affiche-Charon-2-scaled.jpg\" \/>\n<meta name=\"twitter:card\" content=\"summary_large_image\" \/>\n<meta name=\"twitter:label1\" content=\"Dur\u00e9e de lecture estim\u00e9e\" \/>\n\t<meta name=\"twitter:data1\" content=\"1 minute\" \/>\n<script type=\"application\/ld+json\" class=\"yoast-schema-graph\">{\"@context\":\"https:\\\/\\\/schema.org\",\"@graph\":[{\"@type\":\"WebPage\",\"@id\":\"https:\\\/\\\/josephminster.com\\\/site\\\/charon-2\\\/\",\"url\":\"https:\\\/\\\/josephminster.com\\\/site\\\/charon-2\\\/\",\"name\":\"Charon - Joseph Minster\",\"isPartOf\":{\"@id\":\"https:\\\/\\\/josephminster.com\\\/site\\\/#website\"},\"primaryImageOfPage\":{\"@id\":\"https:\\\/\\\/josephminster.com\\\/site\\\/charon-2\\\/#primaryimage\"},\"image\":{\"@id\":\"https:\\\/\\\/josephminster.com\\\/site\\\/charon-2\\\/#primaryimage\"},\"thumbnailUrl\":\"https:\\\/\\\/josephminster.com\\\/site\\\/wp-content\\\/uploads\\\/2020\\\/04\\\/Affiche-Charon-2-scaled.jpg\",\"datePublished\":\"2022-08-30T21:43:59+00:00\",\"dateModified\":\"2025-06-07T11:12:44+00:00\",\"breadcrumb\":{\"@id\":\"https:\\\/\\\/josephminster.com\\\/site\\\/charon-2\\\/#breadcrumb\"},\"inLanguage\":\"fr-FR\",\"potentialAction\":[{\"@type\":\"ReadAction\",\"target\":[\"https:\\\/\\\/josephminster.com\\\/site\\\/charon-2\\\/\"]}]},{\"@type\":\"ImageObject\",\"inLanguage\":\"fr-FR\",\"@id\":\"https:\\\/\\\/josephminster.com\\\/site\\\/charon-2\\\/#primaryimage\",\"url\":\"https:\\\/\\\/i0.wp.com\\\/josephminster.com\\\/site\\\/wp-content\\\/uploads\\\/2020\\\/04\\\/Affiche-Charon-2-scaled.jpg?fit=1915%2C2560&ssl=1\",\"contentUrl\":\"https:\\\/\\\/i0.wp.com\\\/josephminster.com\\\/site\\\/wp-content\\\/uploads\\\/2020\\\/04\\\/Affiche-Charon-2-scaled.jpg?fit=1915%2C2560&ssl=1\",\"width\":1915,\"height\":2560},{\"@type\":\"BreadcrumbList\",\"@id\":\"https:\\\/\\\/josephminster.com\\\/site\\\/charon-2\\\/#breadcrumb\",\"itemListElement\":[{\"@type\":\"ListItem\",\"position\":1,\"name\":\"Accueil\",\"item\":\"https:\\\/\\\/josephminster.com\\\/site\\\/\"},{\"@type\":\"ListItem\",\"position\":2,\"name\":\"Charon\"}]},{\"@type\":\"WebSite\",\"@id\":\"https:\\\/\\\/josephminster.com\\\/site\\\/#website\",\"url\":\"https:\\\/\\\/josephminster.com\\\/site\\\/\",\"name\":\"Joseph Minster\",\"description\":\"Auteur, R\u00e9alisateur\",\"publisher\":{\"@id\":\"https:\\\/\\\/josephminster.com\\\/site\\\/#\\\/schema\\\/person\\\/973155dfa27d618c990ef6dfdc3705c9\"},\"potentialAction\":[{\"@type\":\"SearchAction\",\"target\":{\"@type\":\"EntryPoint\",\"urlTemplate\":\"https:\\\/\\\/josephminster.com\\\/site\\\/?s={search_term_string}\"},\"query-input\":{\"@type\":\"PropertyValueSpecification\",\"valueRequired\":true,\"valueName\":\"search_term_string\"}}],\"inLanguage\":\"fr-FR\"},{\"@type\":[\"Person\",\"Organization\"],\"@id\":\"https:\\\/\\\/josephminster.com\\\/site\\\/#\\\/schema\\\/person\\\/973155dfa27d618c990ef6dfdc3705c9\",\"name\":\"Joseph Minster\",\"image\":{\"@type\":\"ImageObject\",\"inLanguage\":\"fr-FR\",\"@id\":\"https:\\\/\\\/i0.wp.com\\\/josephminster.com\\\/site\\\/wp-content\\\/uploads\\\/2019\\\/11\\\/Joseph_Photo-7.jpg?fit=3360%2C2240&ssl=1\",\"url\":\"https:\\\/\\\/i0.wp.com\\\/josephminster.com\\\/site\\\/wp-content\\\/uploads\\\/2019\\\/11\\\/Joseph_Photo-7.jpg?fit=3360%2C2240&ssl=1\",\"contentUrl\":\"https:\\\/\\\/i0.wp.com\\\/josephminster.com\\\/site\\\/wp-content\\\/uploads\\\/2019\\\/11\\\/Joseph_Photo-7.jpg?fit=3360%2C2240&ssl=1\",\"width\":3360,\"height\":2240,\"caption\":\"Joseph Minster\"},\"logo\":{\"@id\":\"https:\\\/\\\/i0.wp.com\\\/josephminster.com\\\/site\\\/wp-content\\\/uploads\\\/2019\\\/11\\\/Joseph_Photo-7.jpg?fit=3360%2C2240&ssl=1\"}}]}<\/script>\n<!-- \/ Yoast SEO plugin. -->","yoast_head_json":{"title":"Charon - Joseph Minster","robots":{"index":"index","follow":"follow","max-snippet":"max-snippet:-1","max-image-preview":"max-image-preview:large","max-video-preview":"max-video-preview:-1"},"canonical":"https:\/\/josephminster.com\/site\/charon-2\/","og_locale":"fr_FR","og_type":"article","og_title":"Charon - Joseph Minster","og_description":"2016 &#8211; Fiction &#8211; 10 x 4&rsquo;30 &#8211; Production&nbsp;: G\u00e9n\u00e9rale des Carr\u00e9 \/ Les Films d&rsquo;Argile V\u00e9ritable star de la Gr\u00e8ce antique, quelque peu tomb\u00e9 dans l\u2019oubli de nos jours, Charon, le passeur des enfers, n\u2019a pourtant jamais cess\u00e9 d\u2019exercer. Aux commandes de sa fr\u00eale embarcation pluri-mill\u00e9naires, il continue \u00e0 accompagner les morts dans leur [&hellip;]","og_url":"https:\/\/josephminster.com\/site\/charon-2\/","og_site_name":"Joseph Minster","article_modified_time":"2025-06-07T11:12:44+00:00","og_image":[{"url":"https:\/\/josephminster.com\/site\/wp-content\/uploads\/2020\/04\/Affiche-Charon-2-scaled.jpg","type":"","width":"","height":""}],"twitter_card":"summary_large_image","twitter_misc":{"Dur\u00e9e de lecture estim\u00e9e":"1 minute"},"schema":{"@context":"https:\/\/schema.org","@graph":[{"@type":"WebPage","@id":"https:\/\/josephminster.com\/site\/charon-2\/","url":"https:\/\/josephminster.com\/site\/charon-2\/","name":"Charon - Joseph Minster","isPartOf":{"@id":"https:\/\/josephminster.com\/site\/#website"},"primaryImageOfPage":{"@id":"https:\/\/josephminster.com\/site\/charon-2\/#primaryimage"},"image":{"@id":"https:\/\/josephminster.com\/site\/charon-2\/#primaryimage"},"thumbnailUrl":"https:\/\/josephminster.com\/site\/wp-content\/uploads\/2020\/04\/Affiche-Charon-2-scaled.jpg","datePublished":"2022-08-30T21:43:59+00:00","dateModified":"2025-06-07T11:12:44+00:00","breadcrumb":{"@id":"https:\/\/josephminster.com\/site\/charon-2\/#breadcrumb"},"inLanguage":"fr-FR","potentialAction":[{"@type":"ReadAction","target":["https:\/\/josephminster.com\/site\/charon-2\/"]}]},{"@type":"ImageObject","inLanguage":"fr-FR","@id":"https:\/\/josephminster.com\/site\/charon-2\/#primaryimage","url":"https:\/\/i0.wp.com\/josephminster.com\/site\/wp-content\/uploads\/2020\/04\/Affiche-Charon-2-scaled.jpg?fit=1915%2C2560&ssl=1","contentUrl":"https:\/\/i0.wp.com\/josephminster.com\/site\/wp-content\/uploads\/2020\/04\/Affiche-Charon-2-scaled.jpg?fit=1915%2C2560&ssl=1","width":1915,"height":2560},{"@type":"BreadcrumbList","@id":"https:\/\/josephminster.com\/site\/charon-2\/#breadcrumb","itemListElement":[{"@type":"ListItem","position":1,"name":"Accueil","item":"https:\/\/josephminster.com\/site\/"},{"@type":"ListItem","position":2,"name":"Charon"}]},{"@type":"WebSite","@id":"https:\/\/josephminster.com\/site\/#website","url":"https:\/\/josephminster.com\/site\/","name":"Joseph Minster","description":"Auteur, R\u00e9alisateur","publisher":{"@id":"https:\/\/josephminster.com\/site\/#\/schema\/person\/973155dfa27d618c990ef6dfdc3705c9"},"potentialAction":[{"@type":"SearchAction","target":{"@type":"EntryPoint","urlTemplate":"https:\/\/josephminster.com\/site\/?s={search_term_string}"},"query-input":{"@type":"PropertyValueSpecification","valueRequired":true,"valueName":"search_term_string"}}],"inLanguage":"fr-FR"},{"@type":["Person","Organization"],"@id":"https:\/\/josephminster.com\/site\/#\/schema\/person\/973155dfa27d618c990ef6dfdc3705c9","name":"Joseph Minster","image":{"@type":"ImageObject","inLanguage":"fr-FR","@id":"https:\/\/i0.wp.com\/josephminster.com\/site\/wp-content\/uploads\/2019\/11\/Joseph_Photo-7.jpg?fit=3360%2C2240&ssl=1","url":"https:\/\/i0.wp.com\/josephminster.com\/site\/wp-content\/uploads\/2019\/11\/Joseph_Photo-7.jpg?fit=3360%2C2240&ssl=1","contentUrl":"https:\/\/i0.wp.com\/josephminster.com\/site\/wp-content\/uploads\/2019\/11\/Joseph_Photo-7.jpg?fit=3360%2C2240&ssl=1","width":3360,"height":2240,"caption":"Joseph Minster"},"logo":{"@id":"https:\/\/i0.wp.com\/josephminster.com\/site\/wp-content\/uploads\/2019\/11\/Joseph_Photo-7.jpg?fit=3360%2C2240&ssl=1"}}]}},"jetpack_sharing_enabled":true,"jetpack_shortlink":"https:\/\/wp.me\/P78IKp-sP","_links":{"self":[{"href":"https:\/\/josephminster.com\/site\/wp-json\/wp\/v2\/pages\/1787","targetHints":{"allow":["GET"]}}],"collection":[{"href":"https:\/\/josephminster.com\/site\/wp-json\/wp\/v2\/pages"}],"about":[{"href":"https:\/\/josephminster.com\/site\/wp-json\/wp\/v2\/types\/page"}],"author":[{"embeddable":true,"href":"https:\/\/josephminster.com\/site\/wp-json\/wp\/v2\/users\/1"}],"replies":[{"embeddable":true,"href":"https:\/\/josephminster.com\/site\/wp-json\/wp\/v2\/comments?post=1787"}],"version-history":[{"count":8,"href":"https:\/\/josephminster.com\/site\/wp-json\/wp\/v2\/pages\/1787\/revisions"}],"predecessor-version":[{"id":2212,"href":"https:\/\/josephminster.com\/site\/wp-json\/wp\/v2\/pages\/1787\/revisions\/2212"}],"wp:attachment":[{"href":"https:\/\/josephminster.com\/site\/wp-json\/wp\/v2\/media?parent=1787"}],"wp:term":[{"taxonomy":"post_tag","embeddable":true,"href":"https:\/\/josephminster.com\/site\/wp-json\/wp\/v2\/tags?post=1787"}],"curies":[{"name":"wp","href":"https:\/\/api.w.org\/{rel}","templated":true}]}}