{"id":1765,"date":"2022-08-30T13:12:58","date_gmt":"2022-08-30T12:12:58","guid":{"rendered":"https:\/\/josephminster.com\/site\/?page_id=1765"},"modified":"2023-04-26T20:37:28","modified_gmt":"2023-04-26T19:37:28","slug":"publications","status":"publish","type":"page","link":"https:\/\/josephminster.com\/site\/publications\/","title":{"rendered":"Recherche"},"content":{"rendered":"<p><strong><span style=\"color: #ff0000;\">2022 \u00a0\u00a0 <\/span><\/strong><span class=\"_2PHJq public-DraftStyleDefault-ltr\"><a href=\"https:\/\/www.yellownow.be\/post\/captures-d-%C3%A9cran\"><strong>\u00ab&nbsp;Quand cin\u00e9ma et Internet se rencontrent&nbsp;\u00bb<\/strong><\/a> <\/span><\/p>\n<p><span style=\"color: #808080;\"><span class=\"_2PHJq public-DraftStyleDefault-ltr\">Compte rendu d&rsquo;une table ronde<span style=\"color: #808080;\"> avec Pauline Bejarano Dewulf, Fr\u00e9d\u00e9ric Fichefet, Alice Godart, Joseph Minster, Paul Sztulman, Emmanuel Van der Auwera<\/span><\/span>, in <a style=\"color: #808080;\" href=\"https:\/\/www.yellownow.be\/post\/captures-d-%C3%A9cran\"><em>Captures d\u2019\u00e9cran. Quand le cin\u00e9ma affronte les flux num\u00e9riques<\/em><\/a>, sous la direction de Nicolas Bras et Fr\u00e9d\u00e9ric-Pierre Saget, Crisn\u00e9e, Yellow Now, collection \u00ab&nbsp;C\u00f4t\u00e9 cin\u00e9ma&nbsp;\u00bb, 2022, p. 110-127.<\/span><\/p>\n<p>&nbsp;<\/p>\n<p><strong><span style=\"color: #ff0000;\">2022 \u00a0\u00a0 <\/span><\/strong><a href=\"https:\/\/imagessecondes.fr\/index.php\/2022\/02\/16\/minster-schneider\/\"><strong>\u00ab&nbsp;M\u00e9lancolie du toucher. R\u00e9flexions crois\u00e9es autour d\u2019un film de confinement&nbsp;\u00bb<\/strong><\/a><\/p>\n<p><span style=\"color: #808080;\">Article \u00e9crit en collaboration avec Cl\u00e9ment Schneider, in <a style=\"color: #808080;\" href=\"https:\/\/imagessecondes.fr\/index.php\/03-2022-post-cinema\/\"><em>Images secondes<\/em>, n\u00b003, <em>Post-cin\u00e9ma, Pratiques de recherche et de cr\u00e9ation<\/em><\/a>, sous la direction de Chlo\u00e9 Galibert-La\u00een\u00e9 et Gala Hern\u00e1ndez L\u00f3pez, 2022.<\/span><\/p>\n<p>&nbsp;<\/p>\n<p><strong><span style=\"color: #ff0000;\">2021 \u00a0\u00a0 <\/span><a href=\"https:\/\/repenserlesheros.femis.fr\/textes\/dans-l-ombre-les-heros\/\">\u00ab\u00a0Dans l\u2019ombre, les h\u00e9ros. \u00c0 propos d\u2019<em>Ubac<\/em>\u00a0\u00bb<\/a><\/strong><br \/>\n<strong><span style=\"color: #000000;\">2021\u00a0\u00a0\u00a0<\/span> <\/strong><a href=\"https:\/\/repenserlesheros.femis.fr\/textes\/heros-equivoques\/\"><strong>\u00ab&nbsp;H\u00e9ros \u00e9quivoques. Ce que nous apprend la trilogie de Lucas Belvaux&nbsp;\u00bb<\/strong><\/a><\/p>\n<p><span style=\"color: #808080;\">Deux contributions \u00e0 la publication collective du Groupe de recherche de la F\u00e9mis, <a style=\"color: #808080;\" href=\"https:\/\/repenserlesheros.femis.fr\/\"><em>H\u00e9ro\u00b7ine\u00b7s. Repenser les h\u00e9ros dans les \u0153uvres et pratiques artistiques<\/em><\/a>, sous la direction de Barbara Turquier, 2021.<\/span><\/p>\n<p>&nbsp;<\/p>\n<p><strong><span style=\"color: #ff0000;\">2020 \u00a0\u00a0 <\/span><\/strong><a href=\"https:\/\/cmp.gsas.harvard.edu\/2020\/05\/21\/harvard-psl-workshop-joseph-minster\/\"><strong>\u00ab&nbsp;Harvard-PSL workshop&nbsp;\u00bb<\/strong><\/a><\/p>\n<p><span style=\"color: #808080;\">Quelques enseignements tir\u00e9s du troisi\u00e8me workshop Harvard\/PSL (f\u00e9vrier 2020) sur le blog du d\u00e9partement <a style=\"color: #808080;\" href=\"https:\/\/cmp.gsas.harvard.edu\/\">Critical Media Practice<\/a> de l&rsquo;universit\u00e9 d&rsquo;Harvard.<\/span><\/p>\n<p>&nbsp;<\/p>\n<p>&nbsp;<\/p>","protected":false},"excerpt":{"rendered":"<p>2022 \u00a0\u00a0 \u00ab&nbsp;Quand cin\u00e9ma et Internet se rencontrent&nbsp;\u00bb Compte rendu d&rsquo;une table ronde avec Pauline Bejarano Dewulf, Fr\u00e9d\u00e9ric Fichefet, Alice Godart, Joseph Minster, Paul Sztulman, Emmanuel Van der Auwera, in Captures d\u2019\u00e9cran. Quand le cin\u00e9ma affronte les flux num\u00e9riques, sous la direction de Nicolas Bras et Fr\u00e9d\u00e9ric-Pierre Saget, Crisn\u00e9e, Yellow Now, collection \u00ab&nbsp;C\u00f4t\u00e9 cin\u00e9ma&nbsp;\u00bb, 2022, [&hellip;]<\/p>","protected":false},"author":1,"featured_media":0,"parent":0,"menu_order":0,"comment_status":"closed","ping_status":"closed","template":"template-parts\/page-full-width.php","meta":{"footnotes":""},"tags":[],"class_list":["post-1765","page","type-page","status-publish","hentry"],"yoast_head":"<!-- This site is optimized with the Yoast SEO plugin v27.4 - https:\/\/yoast.com\/product\/yoast-seo-wordpress\/ -->\n<title>Recherche - Joseph Minster<\/title>\n<meta name=\"robots\" content=\"index, follow, max-snippet:-1, max-image-preview:large, max-video-preview:-1\" \/>\n<link rel=\"canonical\" href=\"https:\/\/josephminster.com\/site\/publications\/\" \/>\n<meta property=\"og:locale\" content=\"fr_FR\" \/>\n<meta property=\"og:type\" content=\"article\" \/>\n<meta property=\"og:title\" content=\"Recherche - Joseph Minster\" \/>\n<meta property=\"og:description\" content=\"2022 \u00a0\u00a0 \u00ab&nbsp;Quand cin\u00e9ma et Internet se rencontrent&nbsp;\u00bb Compte rendu d&rsquo;une table ronde avec Pauline Bejarano Dewulf, Fr\u00e9d\u00e9ric Fichefet, Alice Godart, Joseph Minster, Paul Sztulman, Emmanuel Van der Auwera, in Captures d\u2019\u00e9cran. Quand le cin\u00e9ma affronte les flux num\u00e9riques, sous la direction de Nicolas Bras et Fr\u00e9d\u00e9ric-Pierre Saget, Crisn\u00e9e, Yellow Now, collection \u00ab&nbsp;C\u00f4t\u00e9 cin\u00e9ma&nbsp;\u00bb, 2022, [&hellip;]\" \/>\n<meta property=\"og:url\" content=\"https:\/\/josephminster.com\/site\/publications\/\" \/>\n<meta property=\"og:site_name\" content=\"Joseph Minster\" \/>\n<meta property=\"article:modified_time\" content=\"2023-04-26T19:37:28+00:00\" \/>\n<meta name=\"twitter:card\" content=\"summary_large_image\" \/>\n<meta name=\"twitter:label1\" content=\"Dur\u00e9e de lecture estim\u00e9e\" \/>\n\t<meta name=\"twitter:data1\" content=\"1 minute\" \/>\n<script type=\"application\/ld+json\" class=\"yoast-schema-graph\">{\"@context\":\"https:\\\/\\\/schema.org\",\"@graph\":[{\"@type\":\"WebPage\",\"@id\":\"https:\\\/\\\/josephminster.com\\\/site\\\/publications\\\/\",\"url\":\"https:\\\/\\\/josephminster.com\\\/site\\\/publications\\\/\",\"name\":\"Recherche - Joseph Minster\",\"isPartOf\":{\"@id\":\"https:\\\/\\\/josephminster.com\\\/site\\\/#website\"},\"datePublished\":\"2022-08-30T12:12:58+00:00\",\"dateModified\":\"2023-04-26T19:37:28+00:00\",\"breadcrumb\":{\"@id\":\"https:\\\/\\\/josephminster.com\\\/site\\\/publications\\\/#breadcrumb\"},\"inLanguage\":\"fr-FR\",\"potentialAction\":[{\"@type\":\"ReadAction\",\"target\":[\"https:\\\/\\\/josephminster.com\\\/site\\\/publications\\\/\"]}]},{\"@type\":\"BreadcrumbList\",\"@id\":\"https:\\\/\\\/josephminster.com\\\/site\\\/publications\\\/#breadcrumb\",\"itemListElement\":[{\"@type\":\"ListItem\",\"position\":1,\"name\":\"Accueil\",\"item\":\"https:\\\/\\\/josephminster.com\\\/site\\\/\"},{\"@type\":\"ListItem\",\"position\":2,\"name\":\"Recherche\"}]},{\"@type\":\"WebSite\",\"@id\":\"https:\\\/\\\/josephminster.com\\\/site\\\/#website\",\"url\":\"https:\\\/\\\/josephminster.com\\\/site\\\/\",\"name\":\"Joseph Minster\",\"description\":\"Auteur, R\u00e9alisateur\",\"publisher\":{\"@id\":\"https:\\\/\\\/josephminster.com\\\/site\\\/#\\\/schema\\\/person\\\/973155dfa27d618c990ef6dfdc3705c9\"},\"potentialAction\":[{\"@type\":\"SearchAction\",\"target\":{\"@type\":\"EntryPoint\",\"urlTemplate\":\"https:\\\/\\\/josephminster.com\\\/site\\\/?s={search_term_string}\"},\"query-input\":{\"@type\":\"PropertyValueSpecification\",\"valueRequired\":true,\"valueName\":\"search_term_string\"}}],\"inLanguage\":\"fr-FR\"},{\"@type\":[\"Person\",\"Organization\"],\"@id\":\"https:\\\/\\\/josephminster.com\\\/site\\\/#\\\/schema\\\/person\\\/973155dfa27d618c990ef6dfdc3705c9\",\"name\":\"Joseph Minster\",\"image\":{\"@type\":\"ImageObject\",\"inLanguage\":\"fr-FR\",\"@id\":\"https:\\\/\\\/i0.wp.com\\\/josephminster.com\\\/site\\\/wp-content\\\/uploads\\\/2019\\\/11\\\/Joseph_Photo-7.jpg?fit=3360%2C2240&ssl=1\",\"url\":\"https:\\\/\\\/i0.wp.com\\\/josephminster.com\\\/site\\\/wp-content\\\/uploads\\\/2019\\\/11\\\/Joseph_Photo-7.jpg?fit=3360%2C2240&ssl=1\",\"contentUrl\":\"https:\\\/\\\/i0.wp.com\\\/josephminster.com\\\/site\\\/wp-content\\\/uploads\\\/2019\\\/11\\\/Joseph_Photo-7.jpg?fit=3360%2C2240&ssl=1\",\"width\":3360,\"height\":2240,\"caption\":\"Joseph Minster\"},\"logo\":{\"@id\":\"https:\\\/\\\/i0.wp.com\\\/josephminster.com\\\/site\\\/wp-content\\\/uploads\\\/2019\\\/11\\\/Joseph_Photo-7.jpg?fit=3360%2C2240&ssl=1\"}}]}<\/script>\n<!-- \/ Yoast SEO plugin. -->","yoast_head_json":{"title":"Recherche - Joseph Minster","robots":{"index":"index","follow":"follow","max-snippet":"max-snippet:-1","max-image-preview":"max-image-preview:large","max-video-preview":"max-video-preview:-1"},"canonical":"https:\/\/josephminster.com\/site\/publications\/","og_locale":"fr_FR","og_type":"article","og_title":"Recherche - Joseph Minster","og_description":"2022 \u00a0\u00a0 \u00ab&nbsp;Quand cin\u00e9ma et Internet se rencontrent&nbsp;\u00bb Compte rendu d&rsquo;une table ronde avec Pauline Bejarano Dewulf, Fr\u00e9d\u00e9ric Fichefet, Alice Godart, Joseph Minster, Paul Sztulman, Emmanuel Van der Auwera, in Captures d\u2019\u00e9cran. Quand le cin\u00e9ma affronte les flux num\u00e9riques, sous la direction de Nicolas Bras et Fr\u00e9d\u00e9ric-Pierre Saget, Crisn\u00e9e, Yellow Now, collection \u00ab&nbsp;C\u00f4t\u00e9 cin\u00e9ma&nbsp;\u00bb, 2022, [&hellip;]","og_url":"https:\/\/josephminster.com\/site\/publications\/","og_site_name":"Joseph Minster","article_modified_time":"2023-04-26T19:37:28+00:00","twitter_card":"summary_large_image","twitter_misc":{"Dur\u00e9e de lecture estim\u00e9e":"1 minute"},"schema":{"@context":"https:\/\/schema.org","@graph":[{"@type":"WebPage","@id":"https:\/\/josephminster.com\/site\/publications\/","url":"https:\/\/josephminster.com\/site\/publications\/","name":"Recherche - Joseph Minster","isPartOf":{"@id":"https:\/\/josephminster.com\/site\/#website"},"datePublished":"2022-08-30T12:12:58+00:00","dateModified":"2023-04-26T19:37:28+00:00","breadcrumb":{"@id":"https:\/\/josephminster.com\/site\/publications\/#breadcrumb"},"inLanguage":"fr-FR","potentialAction":[{"@type":"ReadAction","target":["https:\/\/josephminster.com\/site\/publications\/"]}]},{"@type":"BreadcrumbList","@id":"https:\/\/josephminster.com\/site\/publications\/#breadcrumb","itemListElement":[{"@type":"ListItem","position":1,"name":"Accueil","item":"https:\/\/josephminster.com\/site\/"},{"@type":"ListItem","position":2,"name":"Recherche"}]},{"@type":"WebSite","@id":"https:\/\/josephminster.com\/site\/#website","url":"https:\/\/josephminster.com\/site\/","name":"Joseph Minster","description":"Auteur, R\u00e9alisateur","publisher":{"@id":"https:\/\/josephminster.com\/site\/#\/schema\/person\/973155dfa27d618c990ef6dfdc3705c9"},"potentialAction":[{"@type":"SearchAction","target":{"@type":"EntryPoint","urlTemplate":"https:\/\/josephminster.com\/site\/?s={search_term_string}"},"query-input":{"@type":"PropertyValueSpecification","valueRequired":true,"valueName":"search_term_string"}}],"inLanguage":"fr-FR"},{"@type":["Person","Organization"],"@id":"https:\/\/josephminster.com\/site\/#\/schema\/person\/973155dfa27d618c990ef6dfdc3705c9","name":"Joseph Minster","image":{"@type":"ImageObject","inLanguage":"fr-FR","@id":"https:\/\/i0.wp.com\/josephminster.com\/site\/wp-content\/uploads\/2019\/11\/Joseph_Photo-7.jpg?fit=3360%2C2240&ssl=1","url":"https:\/\/i0.wp.com\/josephminster.com\/site\/wp-content\/uploads\/2019\/11\/Joseph_Photo-7.jpg?fit=3360%2C2240&ssl=1","contentUrl":"https:\/\/i0.wp.com\/josephminster.com\/site\/wp-content\/uploads\/2019\/11\/Joseph_Photo-7.jpg?fit=3360%2C2240&ssl=1","width":3360,"height":2240,"caption":"Joseph Minster"},"logo":{"@id":"https:\/\/i0.wp.com\/josephminster.com\/site\/wp-content\/uploads\/2019\/11\/Joseph_Photo-7.jpg?fit=3360%2C2240&ssl=1"}}]}},"jetpack_sharing_enabled":true,"jetpack_shortlink":"https:\/\/wp.me\/P78IKp-st","_links":{"self":[{"href":"https:\/\/josephminster.com\/site\/wp-json\/wp\/v2\/pages\/1765","targetHints":{"allow":["GET"]}}],"collection":[{"href":"https:\/\/josephminster.com\/site\/wp-json\/wp\/v2\/pages"}],"about":[{"href":"https:\/\/josephminster.com\/site\/wp-json\/wp\/v2\/types\/page"}],"author":[{"embeddable":true,"href":"https:\/\/josephminster.com\/site\/wp-json\/wp\/v2\/users\/1"}],"replies":[{"embeddable":true,"href":"https:\/\/josephminster.com\/site\/wp-json\/wp\/v2\/comments?post=1765"}],"version-history":[{"count":17,"href":"https:\/\/josephminster.com\/site\/wp-json\/wp\/v2\/pages\/1765\/revisions"}],"predecessor-version":[{"id":1863,"href":"https:\/\/josephminster.com\/site\/wp-json\/wp\/v2\/pages\/1765\/revisions\/1863"}],"wp:attachment":[{"href":"https:\/\/josephminster.com\/site\/wp-json\/wp\/v2\/media?parent=1765"}],"wp:term":[{"taxonomy":"post_tag","embeddable":true,"href":"https:\/\/josephminster.com\/site\/wp-json\/wp\/v2\/tags?post=1765"}],"curies":[{"name":"wp","href":"https:\/\/api.w.org\/{rel}","templated":true}]}}