{"id":1561,"date":"2020-12-09T17:40:25","date_gmt":"2020-12-09T16:40:25","guid":{"rendered":"http:\/\/josephminster.com\/site\/?page_id=1561"},"modified":"2024-02-05T14:22:25","modified_gmt":"2024-02-05T13:22:25","slug":"et-de-lherbe-et-des-fleurs-et-de-leau","status":"publish","type":"page","link":"https:\/\/josephminster.com\/site\/et-de-lherbe-et-des-fleurs-et-de-leau\/","title":{"rendered":"Et de l&rsquo;herbe, et des fleurs, et de l&rsquo;eau"},"content":{"rendered":"<p><img data-recalc-dims=\"1\" loading=\"lazy\" decoding=\"async\" class=\"wp-image-1552 alignnone\" src=\"https:\/\/i0.wp.com\/josephminster.com\/site\/wp-content\/uploads\/2020\/12\/Affiche-Et-de-lherbe.jpeg?resize=521%2C737&#038;ssl=1\" alt=\"\" width=\"521\" height=\"737\" srcset=\"https:\/\/i0.wp.com\/josephminster.com\/site\/wp-content\/uploads\/2020\/12\/Affiche-Et-de-lherbe.jpeg?w=905&amp;ssl=1 905w, https:\/\/i0.wp.com\/josephminster.com\/site\/wp-content\/uploads\/2020\/12\/Affiche-Et-de-lherbe.jpeg?resize=212%2C300&amp;ssl=1 212w, https:\/\/i0.wp.com\/josephminster.com\/site\/wp-content\/uploads\/2020\/12\/Affiche-Et-de-lherbe.jpeg?resize=724%2C1024&amp;ssl=1 724w, https:\/\/i0.wp.com\/josephminster.com\/site\/wp-content\/uploads\/2020\/12\/Affiche-Et-de-lherbe.jpeg?resize=640%2C905&amp;ssl=1 640w\" sizes=\"auto, (max-width: 521px) 100vw, 521px\" \/><\/p>\n<div class=\"_1DKxU sc-kIPQKe egqgNj\">\n<div class=\"_wMel\" dir=\"auto\" data-description-content=\"true\">\n<blockquote>\n<p class=\"first\" style=\"text-align: left;\"><strong>2021 \u2013 Fiction, 35&rsquo;00 \u2013 Production&nbsp;:<\/strong> <a href=\"http:\/\/www.lesfilmsdargile.fr\/\">Les Films d&rsquo;Argile<\/a><\/p>\n<p style=\"text-align: left;\"><em>2022. La France est reconfin\u00e9e depuis plusieurs mois. Anna est enceinte. Pour que son compagnon Victor puisse la rejoindre avant qu\u2019elle accouche, ils doivent se marier. Une proc\u00e9dure d\u00e9mat\u00e9rialis\u00e9e vient d\u2019\u00eatre mise en place. Mais la loi \u00e9volue tous les jours\u2026<\/em><\/p>\n<\/blockquote>\n<p style=\"text-align: left;\">\n\t<div class=\"slideshow_container slideshow_container_style-dark\" style=\" \" data-slideshow-id=\"1563\" data-style-name=\"style-dark\" data-style-version=\"2.3.1\" >\n\n\t\t\t\t\t<div class=\"slideshow_loading_icon\"><\/div>\n\t\t\n\t\t<div class=\"slideshow_content\" style=\"display: none;\">\n\n\t\t\t<div class=\"slideshow_view\">\n\t\t\t\t<div class=\"slideshow_slide slideshow_slide_image\">\n\t\t\t\t\t\t\t\t\t\t\t<img src=\"https:\/\/i0.wp.com\/josephminster.com\/site\/wp-content\/uploads\/2020\/12\/Et-de-lherbe...-%C2%A9Les-Films-dArgile-1.jpeg?fit=1733%2C1080&amp;ssl=1\" alt=\"Et de l'herbe... \u00a9Les Films d'Argile 1\" width=\"1733\" height=\"1080\" \/>\n\t\t\t\t\t\t\t\t\t\t<div class=\"slideshow_description_box slideshow_transparent\">\n\t\t\t\t\t\t<div class=\"slideshow_title\">Et de l'herbe... \u00a9Les Films d'Argile 1<\/div>\t\t\t\t\t\t\t\t\t\t\t<\/div>\n\t\t\t\t<\/div>\n\n\t\t\t\t\t\t\n\t\t\t\t<div class=\"slideshow_slide slideshow_slide_image\">\n\t\t\t\t\t\t\t\t\t\t\t<img src=\"https:\/\/i0.wp.com\/josephminster.com\/site\/wp-content\/uploads\/2020\/12\/Et-de-lherbe...-%C2%A9Les-Films-dArgile-7.jpeg?fit=1733%2C1080&amp;ssl=1\" alt=\"Et de l'herbe... \u00a9Les Films d'Argile 7\" width=\"1733\" height=\"1080\" \/>\n\t\t\t\t\t\t\t\t\t\t<div class=\"slideshow_description_box slideshow_transparent\">\n\t\t\t\t\t\t<div class=\"slideshow_title\">Et de l'herbe... \u00a9Les Films d'Argile 7<\/div>\t\t\t\t\t\t\t\t\t\t\t<\/div>\n\t\t\t\t<\/div>\n\n\t\t\t\t\t\t\n\t\t\t\t<div class=\"slideshow_slide slideshow_slide_image\">\n\t\t\t\t\t\t\t\t\t\t\t<img src=\"https:\/\/i0.wp.com\/josephminster.com\/site\/wp-content\/uploads\/2020\/12\/Et-de-lherbe...-%C2%A9Les-Films-dArgile-2.jpeg?fit=1733%2C1080&amp;ssl=1\" alt=\"Et de l'herbe... \u00a9Les Films d'Argile 2\" width=\"1733\" height=\"1080\" \/>\n\t\t\t\t\t\t\t\t\t\t<div class=\"slideshow_description_box slideshow_transparent\">\n\t\t\t\t\t\t<div class=\"slideshow_title\">Et de l'herbe... \u00a9Les Films d'Argile 2<\/div>\t\t\t\t\t\t\t\t\t\t\t<\/div>\n\t\t\t\t<\/div>\n\n\t\t\t\t\t\t<div style=\"clear: both;\"><\/div><\/div><div class=\"slideshow_view\">\n\t\t\t\t<div class=\"slideshow_slide slideshow_slide_image\">\n\t\t\t\t\t\t\t\t\t\t\t<img src=\"https:\/\/i0.wp.com\/josephminster.com\/site\/wp-content\/uploads\/2020\/12\/Et-de-lherbe...-%C2%A9Les-Films-dArgile-3.jpeg?fit=1732%2C1080&amp;ssl=1\" alt=\"Et de l'herbe... \u00a9Les Films d'Argile 3\" width=\"1732\" height=\"1080\" \/>\n\t\t\t\t\t\t\t\t\t\t<div class=\"slideshow_description_box slideshow_transparent\">\n\t\t\t\t\t\t<div class=\"slideshow_title\">Et de l'herbe... \u00a9Les Films d'Argile 3<\/div>\t\t\t\t\t\t\t\t\t\t\t<\/div>\n\t\t\t\t<\/div>\n\n\t\t\t\t\t\t\n\t\t\t\t<div class=\"slideshow_slide slideshow_slide_image\">\n\t\t\t\t\t\t\t\t\t\t\t<img src=\"https:\/\/i0.wp.com\/josephminster.com\/site\/wp-content\/uploads\/2020\/12\/Et-de-lherbe...-%C2%A9Les-Films-dArgile-8.jpeg?fit=1730%2C1080&amp;ssl=1\" alt=\"Et de l'herbe... \u00a9Les Films d'Argile 8\" width=\"1730\" height=\"1080\" \/>\n\t\t\t\t\t\t\t\t\t\t<div class=\"slideshow_description_box slideshow_transparent\">\n\t\t\t\t\t\t<div class=\"slideshow_title\">Et de l'herbe... \u00a9Les Films d'Argile 8<\/div>\t\t\t\t\t\t\t\t\t\t\t<\/div>\n\t\t\t\t<\/div>\n\n\t\t\t\t\t\t\n\t\t\t\t<div class=\"slideshow_slide slideshow_slide_image\">\n\t\t\t\t\t\t\t\t\t\t\t<img src=\"https:\/\/i0.wp.com\/josephminster.com\/site\/wp-content\/uploads\/2020\/12\/Et-de-lherbe...-%C2%A9Les-Films-dArgile-4.jpeg?fit=1732%2C1080&amp;ssl=1\" alt=\"Et de l'herbe... \u00a9Les Films d'Argile 4\" width=\"1732\" height=\"1080\" \/>\n\t\t\t\t\t\t\t\t\t\t<div class=\"slideshow_description_box slideshow_transparent\">\n\t\t\t\t\t\t<div class=\"slideshow_title\">Et de l'herbe... \u00a9Les Films d'Argile 4<\/div>\t\t\t\t\t\t\t\t\t\t\t<\/div>\n\t\t\t\t<\/div>\n\n\t\t\t\t\t\t<div style=\"clear: both;\"><\/div><\/div>\n\t\t<\/div>\n\n\t\t<div class=\"slideshow_controlPanel slideshow_transparent\" style=\"display: none;\"><ul><li class=\"slideshow_togglePlay\" data-play-text=\"Play\" data-pause-text=\"Pause\"><\/li><\/ul><\/div>\n\n\t\t<div class=\"slideshow_button slideshow_previous slideshow_transparent\" role=\"button\" data-previous-text=\"Pr\u00e9c\u00e9dent\" style=\"display: none;\"><\/div>\n\t\t<div class=\"slideshow_button slideshow_next slideshow_transparent\" role=\"button\" data-next-text=\"Suivant\" style=\"display: none;\"><\/div>\n\n\t\t<div class=\"slideshow_pagination\" style=\"display: none;\" data-go-to-text=\"Go to slide\"><div class=\"slideshow_pagination_center\"><\/div><\/div>\n\n\t\t<!-- WordPress Slideshow Version 2.3.1 -->\n\n\t\t\t<\/div>\n\n<\/p>\n<p style=\"text-align: left;\">Avec&nbsp;: \u00c9tienne Durot, Julie Roux, \u00c9dith Proust, Nathan Bernat, Ang\u00e8le Peyrade, Bellamine Abdelmalek, Lucia Sanchez, Francis Leplay, Robert Cantarella, R\u00e9mi Fortin, Marie Bray<\/p>\n<p style=\"text-align: left;\">Sc\u00e9nario, Production &amp; R\u00e9alisation&nbsp;: Joseph Minster, Cl\u00e9ment Schneider \/ Montage&nbsp;: Alice de Matha \/ Montage son &amp; Mixage&nbsp;: Cl\u00e9ment Laforce \/ Effets visuels&nbsp;: Emmanuel Fortin, H\u00fcssam Korkut \/ \u00c9talonnage&nbsp;: No\u00e9 Merckl\u00e9 \/ Graphisme&nbsp;: Cl\u00e9ment Valette<\/p>\n<\/div>\n<\/div>\n<div class=\"jetpack-video-wrapper\"><iframe loading=\"lazy\" title=\"Et de l&#039;herbe, et des fleurs, et de l&#039;eau\" src=\"https:\/\/player.vimeo.com\/video\/511617114?dnt=1&amp;app_id=122963\" width=\"640\" height=\"400\" frameborder=\"0\" allow=\"autoplay; fullscreen; picture-in-picture; clipboard-write\"><\/iframe><\/div>\n<p>&nbsp;<\/p>","protected":false},"excerpt":{"rendered":"<p>2021 \u2013 Fiction, 35&rsquo;00 \u2013 Production&nbsp;: Les Films d&rsquo;Argile 2022. La France est reconfin\u00e9e depuis plusieurs mois. Anna est enceinte. Pour que son compagnon Victor puisse la rejoindre avant qu\u2019elle accouche, ils doivent se marier. Une proc\u00e9dure d\u00e9mat\u00e9rialis\u00e9e vient d\u2019\u00eatre mise en place. Mais la loi \u00e9volue tous les jours\u2026 Avec&nbsp;: \u00c9tienne Durot, Julie Roux, [&hellip;]<\/p>","protected":false},"author":1,"featured_media":0,"parent":0,"menu_order":0,"comment_status":"closed","ping_status":"closed","template":"template-parts\/page-full-width.php","meta":{"footnotes":""},"tags":[],"class_list":["post-1561","page","type-page","status-publish","hentry"],"yoast_head":"<!-- This site is optimized with the Yoast SEO plugin v27.4 - https:\/\/yoast.com\/product\/yoast-seo-wordpress\/ -->\n<title>Et de l&#039;herbe, et des fleurs, et de l&#039;eau - Joseph Minster<\/title>\n<meta name=\"robots\" content=\"index, follow, max-snippet:-1, max-image-preview:large, max-video-preview:-1\" \/>\n<link rel=\"canonical\" href=\"https:\/\/josephminster.com\/site\/et-de-lherbe-et-des-fleurs-et-de-leau\/\" \/>\n<meta property=\"og:locale\" content=\"fr_FR\" \/>\n<meta property=\"og:type\" content=\"article\" \/>\n<meta property=\"og:title\" content=\"Et de l&#039;herbe, et des fleurs, et de l&#039;eau - Joseph Minster\" \/>\n<meta property=\"og:description\" content=\"2021 \u2013 Fiction, 35&rsquo;00 \u2013 Production&nbsp;: Les Films d&rsquo;Argile 2022. La France est reconfin\u00e9e depuis plusieurs mois. Anna est enceinte. Pour que son compagnon Victor puisse la rejoindre avant qu\u2019elle accouche, ils doivent se marier. Une proc\u00e9dure d\u00e9mat\u00e9rialis\u00e9e vient d\u2019\u00eatre mise en place. Mais la loi \u00e9volue tous les jours\u2026 Avec&nbsp;: \u00c9tienne Durot, Julie Roux, [&hellip;]\" \/>\n<meta property=\"og:url\" content=\"https:\/\/josephminster.com\/site\/et-de-lherbe-et-des-fleurs-et-de-leau\/\" \/>\n<meta property=\"og:site_name\" content=\"Joseph Minster\" \/>\n<meta property=\"article:modified_time\" content=\"2024-02-05T13:22:25+00:00\" \/>\n<meta property=\"og:image\" content=\"http:\/\/josephminster.com\/site\/wp-content\/uploads\/2020\/12\/Affiche-Et-de-lherbe.jpeg\" \/>\n<meta name=\"twitter:card\" content=\"summary_large_image\" \/>\n<meta name=\"twitter:label1\" content=\"Dur\u00e9e de lecture estim\u00e9e\" \/>\n\t<meta name=\"twitter:data1\" content=\"1 minute\" \/>\n<script type=\"application\/ld+json\" class=\"yoast-schema-graph\">{\"@context\":\"https:\\\/\\\/schema.org\",\"@graph\":[{\"@type\":\"WebPage\",\"@id\":\"https:\\\/\\\/josephminster.com\\\/site\\\/et-de-lherbe-et-des-fleurs-et-de-leau\\\/\",\"url\":\"https:\\\/\\\/josephminster.com\\\/site\\\/et-de-lherbe-et-des-fleurs-et-de-leau\\\/\",\"name\":\"Et de l'herbe, et des fleurs, et de l'eau - Joseph Minster\",\"isPartOf\":{\"@id\":\"https:\\\/\\\/josephminster.com\\\/site\\\/#website\"},\"primaryImageOfPage\":{\"@id\":\"https:\\\/\\\/josephminster.com\\\/site\\\/et-de-lherbe-et-des-fleurs-et-de-leau\\\/#primaryimage\"},\"image\":{\"@id\":\"https:\\\/\\\/josephminster.com\\\/site\\\/et-de-lherbe-et-des-fleurs-et-de-leau\\\/#primaryimage\"},\"thumbnailUrl\":\"http:\\\/\\\/josephminster.com\\\/site\\\/wp-content\\\/uploads\\\/2020\\\/12\\\/Affiche-Et-de-lherbe.jpeg\",\"datePublished\":\"2020-12-09T16:40:25+00:00\",\"dateModified\":\"2024-02-05T13:22:25+00:00\",\"breadcrumb\":{\"@id\":\"https:\\\/\\\/josephminster.com\\\/site\\\/et-de-lherbe-et-des-fleurs-et-de-leau\\\/#breadcrumb\"},\"inLanguage\":\"fr-FR\",\"potentialAction\":[{\"@type\":\"ReadAction\",\"target\":[\"https:\\\/\\\/josephminster.com\\\/site\\\/et-de-lherbe-et-des-fleurs-et-de-leau\\\/\"]}]},{\"@type\":\"ImageObject\",\"inLanguage\":\"fr-FR\",\"@id\":\"https:\\\/\\\/josephminster.com\\\/site\\\/et-de-lherbe-et-des-fleurs-et-de-leau\\\/#primaryimage\",\"url\":\"http:\\\/\\\/josephminster.com\\\/site\\\/wp-content\\\/uploads\\\/2020\\\/12\\\/Affiche-Et-de-lherbe.jpeg\",\"contentUrl\":\"http:\\\/\\\/josephminster.com\\\/site\\\/wp-content\\\/uploads\\\/2020\\\/12\\\/Affiche-Et-de-lherbe.jpeg\"},{\"@type\":\"BreadcrumbList\",\"@id\":\"https:\\\/\\\/josephminster.com\\\/site\\\/et-de-lherbe-et-des-fleurs-et-de-leau\\\/#breadcrumb\",\"itemListElement\":[{\"@type\":\"ListItem\",\"position\":1,\"name\":\"Accueil\",\"item\":\"https:\\\/\\\/josephminster.com\\\/site\\\/\"},{\"@type\":\"ListItem\",\"position\":2,\"name\":\"Et de l&rsquo;herbe, et des fleurs, et de l&rsquo;eau\"}]},{\"@type\":\"WebSite\",\"@id\":\"https:\\\/\\\/josephminster.com\\\/site\\\/#website\",\"url\":\"https:\\\/\\\/josephminster.com\\\/site\\\/\",\"name\":\"Joseph Minster\",\"description\":\"Auteur, R\u00e9alisateur\",\"publisher\":{\"@id\":\"https:\\\/\\\/josephminster.com\\\/site\\\/#\\\/schema\\\/person\\\/973155dfa27d618c990ef6dfdc3705c9\"},\"potentialAction\":[{\"@type\":\"SearchAction\",\"target\":{\"@type\":\"EntryPoint\",\"urlTemplate\":\"https:\\\/\\\/josephminster.com\\\/site\\\/?s={search_term_string}\"},\"query-input\":{\"@type\":\"PropertyValueSpecification\",\"valueRequired\":true,\"valueName\":\"search_term_string\"}}],\"inLanguage\":\"fr-FR\"},{\"@type\":[\"Person\",\"Organization\"],\"@id\":\"https:\\\/\\\/josephminster.com\\\/site\\\/#\\\/schema\\\/person\\\/973155dfa27d618c990ef6dfdc3705c9\",\"name\":\"Joseph Minster\",\"image\":{\"@type\":\"ImageObject\",\"inLanguage\":\"fr-FR\",\"@id\":\"https:\\\/\\\/i0.wp.com\\\/josephminster.com\\\/site\\\/wp-content\\\/uploads\\\/2019\\\/11\\\/Joseph_Photo-7.jpg?fit=3360%2C2240&ssl=1\",\"url\":\"https:\\\/\\\/i0.wp.com\\\/josephminster.com\\\/site\\\/wp-content\\\/uploads\\\/2019\\\/11\\\/Joseph_Photo-7.jpg?fit=3360%2C2240&ssl=1\",\"contentUrl\":\"https:\\\/\\\/i0.wp.com\\\/josephminster.com\\\/site\\\/wp-content\\\/uploads\\\/2019\\\/11\\\/Joseph_Photo-7.jpg?fit=3360%2C2240&ssl=1\",\"width\":3360,\"height\":2240,\"caption\":\"Joseph Minster\"},\"logo\":{\"@id\":\"https:\\\/\\\/i0.wp.com\\\/josephminster.com\\\/site\\\/wp-content\\\/uploads\\\/2019\\\/11\\\/Joseph_Photo-7.jpg?fit=3360%2C2240&ssl=1\"}}]}<\/script>\n<!-- \/ Yoast SEO plugin. -->","yoast_head_json":{"title":"Et de l'herbe, et des fleurs, et de l'eau - Joseph Minster","robots":{"index":"index","follow":"follow","max-snippet":"max-snippet:-1","max-image-preview":"max-image-preview:large","max-video-preview":"max-video-preview:-1"},"canonical":"https:\/\/josephminster.com\/site\/et-de-lherbe-et-des-fleurs-et-de-leau\/","og_locale":"fr_FR","og_type":"article","og_title":"Et de l'herbe, et des fleurs, et de l'eau - Joseph Minster","og_description":"2021 \u2013 Fiction, 35&rsquo;00 \u2013 Production&nbsp;: Les Films d&rsquo;Argile 2022. La France est reconfin\u00e9e depuis plusieurs mois. Anna est enceinte. Pour que son compagnon Victor puisse la rejoindre avant qu\u2019elle accouche, ils doivent se marier. Une proc\u00e9dure d\u00e9mat\u00e9rialis\u00e9e vient d\u2019\u00eatre mise en place. Mais la loi \u00e9volue tous les jours\u2026 Avec&nbsp;: \u00c9tienne Durot, Julie Roux, [&hellip;]","og_url":"https:\/\/josephminster.com\/site\/et-de-lherbe-et-des-fleurs-et-de-leau\/","og_site_name":"Joseph Minster","article_modified_time":"2024-02-05T13:22:25+00:00","og_image":[{"url":"http:\/\/josephminster.com\/site\/wp-content\/uploads\/2020\/12\/Affiche-Et-de-lherbe.jpeg","type":"","width":"","height":""}],"twitter_card":"summary_large_image","twitter_misc":{"Dur\u00e9e de lecture estim\u00e9e":"1 minute"},"schema":{"@context":"https:\/\/schema.org","@graph":[{"@type":"WebPage","@id":"https:\/\/josephminster.com\/site\/et-de-lherbe-et-des-fleurs-et-de-leau\/","url":"https:\/\/josephminster.com\/site\/et-de-lherbe-et-des-fleurs-et-de-leau\/","name":"Et de l'herbe, et des fleurs, et de l'eau - Joseph Minster","isPartOf":{"@id":"https:\/\/josephminster.com\/site\/#website"},"primaryImageOfPage":{"@id":"https:\/\/josephminster.com\/site\/et-de-lherbe-et-des-fleurs-et-de-leau\/#primaryimage"},"image":{"@id":"https:\/\/josephminster.com\/site\/et-de-lherbe-et-des-fleurs-et-de-leau\/#primaryimage"},"thumbnailUrl":"http:\/\/josephminster.com\/site\/wp-content\/uploads\/2020\/12\/Affiche-Et-de-lherbe.jpeg","datePublished":"2020-12-09T16:40:25+00:00","dateModified":"2024-02-05T13:22:25+00:00","breadcrumb":{"@id":"https:\/\/josephminster.com\/site\/et-de-lherbe-et-des-fleurs-et-de-leau\/#breadcrumb"},"inLanguage":"fr-FR","potentialAction":[{"@type":"ReadAction","target":["https:\/\/josephminster.com\/site\/et-de-lherbe-et-des-fleurs-et-de-leau\/"]}]},{"@type":"ImageObject","inLanguage":"fr-FR","@id":"https:\/\/josephminster.com\/site\/et-de-lherbe-et-des-fleurs-et-de-leau\/#primaryimage","url":"http:\/\/josephminster.com\/site\/wp-content\/uploads\/2020\/12\/Affiche-Et-de-lherbe.jpeg","contentUrl":"http:\/\/josephminster.com\/site\/wp-content\/uploads\/2020\/12\/Affiche-Et-de-lherbe.jpeg"},{"@type":"BreadcrumbList","@id":"https:\/\/josephminster.com\/site\/et-de-lherbe-et-des-fleurs-et-de-leau\/#breadcrumb","itemListElement":[{"@type":"ListItem","position":1,"name":"Accueil","item":"https:\/\/josephminster.com\/site\/"},{"@type":"ListItem","position":2,"name":"Et de l&rsquo;herbe, et des fleurs, et de l&rsquo;eau"}]},{"@type":"WebSite","@id":"https:\/\/josephminster.com\/site\/#website","url":"https:\/\/josephminster.com\/site\/","name":"Joseph Minster","description":"Auteur, R\u00e9alisateur","publisher":{"@id":"https:\/\/josephminster.com\/site\/#\/schema\/person\/973155dfa27d618c990ef6dfdc3705c9"},"potentialAction":[{"@type":"SearchAction","target":{"@type":"EntryPoint","urlTemplate":"https:\/\/josephminster.com\/site\/?s={search_term_string}"},"query-input":{"@type":"PropertyValueSpecification","valueRequired":true,"valueName":"search_term_string"}}],"inLanguage":"fr-FR"},{"@type":["Person","Organization"],"@id":"https:\/\/josephminster.com\/site\/#\/schema\/person\/973155dfa27d618c990ef6dfdc3705c9","name":"Joseph Minster","image":{"@type":"ImageObject","inLanguage":"fr-FR","@id":"https:\/\/i0.wp.com\/josephminster.com\/site\/wp-content\/uploads\/2019\/11\/Joseph_Photo-7.jpg?fit=3360%2C2240&ssl=1","url":"https:\/\/i0.wp.com\/josephminster.com\/site\/wp-content\/uploads\/2019\/11\/Joseph_Photo-7.jpg?fit=3360%2C2240&ssl=1","contentUrl":"https:\/\/i0.wp.com\/josephminster.com\/site\/wp-content\/uploads\/2019\/11\/Joseph_Photo-7.jpg?fit=3360%2C2240&ssl=1","width":3360,"height":2240,"caption":"Joseph Minster"},"logo":{"@id":"https:\/\/i0.wp.com\/josephminster.com\/site\/wp-content\/uploads\/2019\/11\/Joseph_Photo-7.jpg?fit=3360%2C2240&ssl=1"}}]}},"jetpack_sharing_enabled":true,"jetpack_shortlink":"https:\/\/wp.me\/P78IKp-pb","_links":{"self":[{"href":"https:\/\/josephminster.com\/site\/wp-json\/wp\/v2\/pages\/1561","targetHints":{"allow":["GET"]}}],"collection":[{"href":"https:\/\/josephminster.com\/site\/wp-json\/wp\/v2\/pages"}],"about":[{"href":"https:\/\/josephminster.com\/site\/wp-json\/wp\/v2\/types\/page"}],"author":[{"embeddable":true,"href":"https:\/\/josephminster.com\/site\/wp-json\/wp\/v2\/users\/1"}],"replies":[{"embeddable":true,"href":"https:\/\/josephminster.com\/site\/wp-json\/wp\/v2\/comments?post=1561"}],"version-history":[{"count":7,"href":"https:\/\/josephminster.com\/site\/wp-json\/wp\/v2\/pages\/1561\/revisions"}],"predecessor-version":[{"id":1949,"href":"https:\/\/josephminster.com\/site\/wp-json\/wp\/v2\/pages\/1561\/revisions\/1949"}],"wp:attachment":[{"href":"https:\/\/josephminster.com\/site\/wp-json\/wp\/v2\/media?parent=1561"}],"wp:term":[{"taxonomy":"post_tag","embeddable":true,"href":"https:\/\/josephminster.com\/site\/wp-json\/wp\/v2\/tags?post=1561"}],"curies":[{"name":"wp","href":"https:\/\/api.w.org\/{rel}","templated":true}]}}