{"id":1413,"date":"2020-04-01T18:00:10","date_gmt":"2020-04-01T17:00:10","guid":{"rendered":"http:\/\/josephminster.com\/site\/?page_id=1413"},"modified":"2022-08-30T23:22:45","modified_gmt":"2022-08-30T22:22:45","slug":"nous-deux-encore","status":"publish","type":"page","link":"https:\/\/josephminster.com\/site\/nous-deux-encore\/","title":{"rendered":"Nous deux encore"},"content":{"rendered":"<p>\n\n<\/p>\n<p class=\"is-layout-flow wp-block-quote-is-layout-flow\"><img data-recalc-dims=\"1\" loading=\"lazy\" decoding=\"async\" class=\"alignnone wp-image-1488\" src=\"https:\/\/i0.wp.com\/josephminster.com\/site\/wp-content\/uploads\/2020\/04\/Affiche-Nous-deux-encore-1.jpg?resize=521%2C696&#038;ssl=1\" alt=\"\" width=\"521\" height=\"696\" srcset=\"https:\/\/i0.wp.com\/josephminster.com\/site\/wp-content\/uploads\/2020\/04\/Affiche-Nous-deux-encore-1-scaled.jpg?resize=766%2C1024&amp;ssl=1 766w, https:\/\/i0.wp.com\/josephminster.com\/site\/wp-content\/uploads\/2020\/04\/Affiche-Nous-deux-encore-1-scaled.jpg?resize=224%2C300&amp;ssl=1 224w, https:\/\/i0.wp.com\/josephminster.com\/site\/wp-content\/uploads\/2020\/04\/Affiche-Nous-deux-encore-1-scaled.jpg?resize=1149%2C1536&amp;ssl=1 1149w, https:\/\/i0.wp.com\/josephminster.com\/site\/wp-content\/uploads\/2020\/04\/Affiche-Nous-deux-encore-1-scaled.jpg?resize=1532%2C2048&amp;ssl=1 1532w, https:\/\/i0.wp.com\/josephminster.com\/site\/wp-content\/uploads\/2020\/04\/Affiche-Nous-deux-encore-1-scaled.jpg?resize=640%2C856&amp;ssl=1 640w, https:\/\/i0.wp.com\/josephminster.com\/site\/wp-content\/uploads\/2020\/04\/Affiche-Nous-deux-encore-1-scaled.jpg?resize=1010%2C1350&amp;ssl=1 1010w, https:\/\/i0.wp.com\/josephminster.com\/site\/wp-content\/uploads\/2020\/04\/Affiche-Nous-deux-encore-1-scaled.jpg?w=1915&amp;ssl=1 1915w, https:\/\/i0.wp.com\/josephminster.com\/site\/wp-content\/uploads\/2020\/04\/Affiche-Nous-deux-encore-1-scaled.jpg?w=1280&amp;ssl=1 1280w\" sizes=\"auto, (max-width: 521px) 100vw, 521px\" \/><\/p>\n<blockquote class=\"wp-block-quote\">\n<p><strong>2020 \u2013 Fiction, 29\u201900 \u2013 Production&nbsp;: <a href=\"http:\/\/www.lesfilmsdargile.fr\/un-denouement\/\">Les Films d&rsquo;Argile<\/a><\/strong><\/p>\n<p><em>Joachim et Aur\u00e9lie s&rsquo;aiment. Un soir, ils assistent \u00e0 la lourde chute d&rsquo;un homme ivre dans le m\u00e9tro. Quelques jours plus tard, l&rsquo;\u00e9vocation de cet incident leur fait prendre conscience qu&rsquo;il sont peut-\u00eatre arriv\u00e9s au bout de leur histoire commune.<\/em><\/p>\n<\/blockquote>\n\n\n\n\t<div class=\"slideshow_container slideshow_container_style-dark\" style=\" \" data-slideshow-id=\"1423\" data-style-name=\"style-dark\" data-style-version=\"2.3.1\" >\n\n\t\t\t\t\t<div class=\"slideshow_loading_icon\"><\/div>\n\t\t\n\t\t<div class=\"slideshow_content\" style=\"display: none;\">\n\n\t\t\t<div class=\"slideshow_view\">\n\t\t\t\t<div class=\"slideshow_slide slideshow_slide_image\">\n\t\t\t\t\t\t\t\t\t\t\t<img src=\"https:\/\/i0.wp.com\/josephminster.com\/site\/wp-content\/uploads\/2020\/04\/Nous_deux_encore1%C2%A9LesFilmsdArgile2020.jpg?fit=1433%2C1080&amp;ssl=1\" alt=\"Nous_deux_encore1\u00a9LesFilmsdArgile2020\" width=\"1433\" height=\"1080\" \/>\n\t\t\t\t\t\t\t\t\t\t<div class=\"slideshow_description_box slideshow_transparent\">\n\t\t\t\t\t\t<div class=\"slideshow_title\">Nous_deux_encore1\u00a9LesFilmsdArgile2020<\/div>\t\t\t\t\t\t\t\t\t\t\t<\/div>\n\t\t\t\t<\/div>\n\n\t\t\t\t\t\t\n\t\t\t\t<div class=\"slideshow_slide slideshow_slide_image\">\n\t\t\t\t\t\t\t\t\t\t\t<img src=\"https:\/\/i0.wp.com\/josephminster.com\/site\/wp-content\/uploads\/2020\/04\/Nous_deux_encore3%C2%A9LesFilmsdArgile2020.jpg?fit=1438%2C1080&amp;ssl=1\" alt=\"Nous_deux_encore3\u00a9LesFilmsdArgile2020\" width=\"1438\" height=\"1080\" \/>\n\t\t\t\t\t\t\t\t\t\t<div class=\"slideshow_description_box slideshow_transparent\">\n\t\t\t\t\t\t<div class=\"slideshow_title\">Nous_deux_encore3\u00a9LesFilmsdArgile2020<\/div>\t\t\t\t\t\t\t\t\t\t\t<\/div>\n\t\t\t\t<\/div>\n\n\t\t\t\t\t\t\n\t\t\t\t<div class=\"slideshow_slide slideshow_slide_image\">\n\t\t\t\t\t\t\t\t\t\t\t<img src=\"https:\/\/i0.wp.com\/josephminster.com\/site\/wp-content\/uploads\/2020\/04\/Nous_deux_encore2%C2%A9LesFilmsdArgile2020.jpg?fit=1437%2C1080&amp;ssl=1\" alt=\"Nous_deux_encore2\u00a9LesFilmsdArgile2020\" width=\"1437\" height=\"1080\" \/>\n\t\t\t\t\t\t\t\t\t\t<div class=\"slideshow_description_box slideshow_transparent\">\n\t\t\t\t\t\t<div class=\"slideshow_title\">Nous_deux_encore2\u00a9LesFilmsdArgile2020<\/div>\t\t\t\t\t\t\t\t\t\t\t<\/div>\n\t\t\t\t<\/div>\n\n\t\t\t\t\t\t<div style=\"clear: both;\"><\/div><\/div><div class=\"slideshow_view\">\n\t\t\t\t<div class=\"slideshow_slide slideshow_slide_image\">\n\t\t\t\t\t\t\t\t\t\t\t<img src=\"https:\/\/i0.wp.com\/josephminster.com\/site\/wp-content\/uploads\/2020\/04\/Nous_deux_encore6%C2%A9LesFilmsdArgile2020.jpg?fit=1436%2C1080&amp;ssl=1\" alt=\"Nous_deux_encore6\u00a9LesFilmsdArgile2020\" width=\"1436\" height=\"1080\" \/>\n\t\t\t\t\t\t\t\t\t\t<div class=\"slideshow_description_box slideshow_transparent\">\n\t\t\t\t\t\t<div class=\"slideshow_title\">Nous_deux_encore6\u00a9LesFilmsdArgile2020<\/div>\t\t\t\t\t\t\t\t\t\t\t<\/div>\n\t\t\t\t<\/div>\n\n\t\t\t\t\t\t\n\t\t\t\t<div class=\"slideshow_slide slideshow_slide_image\">\n\t\t\t\t\t\t\t\t\t\t\t<img src=\"https:\/\/i0.wp.com\/josephminster.com\/site\/wp-content\/uploads\/2020\/07\/Nous_deux_encore12%C2%A9LesFilmsdArgile2020.jpg?fit=1438%2C1080&amp;ssl=1\" alt=\"Nous_deux_encore12\u00a9LesFilmsdArgile2020\" width=\"1438\" height=\"1080\" \/>\n\t\t\t\t\t\t\t\t\t\t<div class=\"slideshow_description_box slideshow_transparent\">\n\t\t\t\t\t\t<div class=\"slideshow_title\">Nous_deux_encore12\u00a9LesFilmsdArgile2020<\/div>\t\t\t\t\t\t\t\t\t\t\t<\/div>\n\t\t\t\t<\/div>\n\n\t\t\t\t\t\t\n\t\t\t\t<div class=\"slideshow_slide slideshow_slide_image\">\n\t\t\t\t\t\t\t\t\t\t\t<img src=\"https:\/\/i0.wp.com\/josephminster.com\/site\/wp-content\/uploads\/2020\/04\/Nous_deux_encore5%C2%A9LesFilmsdArgile2020.jpg?fit=1436%2C1080&amp;ssl=1\" alt=\"Nous_deux_encore5\u00a9LesFilmsdArgile2020\" width=\"1436\" height=\"1080\" \/>\n\t\t\t\t\t\t\t\t\t\t<div class=\"slideshow_description_box slideshow_transparent\">\n\t\t\t\t\t\t<div class=\"slideshow_title\">Nous_deux_encore5\u00a9LesFilmsdArgile2020<\/div>\t\t\t\t\t\t\t\t\t\t\t<\/div>\n\t\t\t\t<\/div>\n\n\t\t\t\t\t\t<div style=\"clear: both;\"><\/div><\/div>\n\t\t<\/div>\n\n\t\t<div class=\"slideshow_controlPanel slideshow_transparent\" style=\"display: none;\"><ul><li class=\"slideshow_togglePlay\" data-play-text=\"Play\" data-pause-text=\"Pause\"><\/li><\/ul><\/div>\n\n\t\t<div class=\"slideshow_button slideshow_previous slideshow_transparent\" role=\"button\" data-previous-text=\"Pr\u00e9c\u00e9dent\" style=\"display: none;\"><\/div>\n\t\t<div class=\"slideshow_button slideshow_next slideshow_transparent\" role=\"button\" data-next-text=\"Suivant\" style=\"display: none;\"><\/div>\n\n\t\t<div class=\"slideshow_pagination\" style=\"display: none;\" data-go-to-text=\"Go to slide\"><div class=\"slideshow_pagination_center\"><\/div><\/div>\n\n\t\t<!-- WordPress Slideshow Version 2.3.1 -->\n\n\t\t\t<\/div>\n\n\n\n\n\n<p>Avec&nbsp;: \u00c9dith Proust, Lo\u00efc Renard, St\u00e9phanie Morel, Joaquim Pavy, Alice Voisin, Anthony Courret, B\u00e9reng\u00e8re Gouraud, Louis Benon<\/p>\n\n\n\n<p>Sc\u00e9nario et R\u00e9alisation&nbsp;: Joseph Minster \/ Production&nbsp;: Alice B\u00e9gon, Cl\u00e9ment Schneider \/ Directeur de la photographie&nbsp;: Cl\u00e9ment Schneider \/ Ing\u00e9nieurs du son&nbsp;: Victor Jacquet, Lucas Parinaud \/ Montage&nbsp;: Alice de Matha \/ Montage son&nbsp;: Mathieu Orban \/ Mixage&nbsp;: Maxime Roy \/ \u00c9talonnage&nbsp;: No\u00e9 Merckl\u00e9 \/ Graphisme&nbsp;: Cl\u00e9ment Valette<\/p>\n<p><div class=\"jetpack-video-wrapper\"><iframe loading=\"lazy\" title=\"Nous deux encore - Extrait\" src=\"https:\/\/player.vimeo.com\/video\/744776556?dnt=1&amp;app_id=122963\" width=\"640\" height=\"360\" frameborder=\"0\" allow=\"autoplay; fullscreen; picture-in-picture; clipboard-write\"><\/iframe><\/div><\/p>","protected":false},"excerpt":{"rendered":"<p>2020 \u2013 Fiction, 29\u201900 \u2013 Production&nbsp;: Les Films d&rsquo;Argile Joachim et Aur\u00e9lie s&rsquo;aiment. Un soir, ils assistent \u00e0 la lourde chute d&rsquo;un homme ivre dans le m\u00e9tro. Quelques jours plus tard, l&rsquo;\u00e9vocation de cet incident leur fait prendre conscience qu&rsquo;il sont peut-\u00eatre arriv\u00e9s au bout de leur histoire commune. Avec&nbsp;: \u00c9dith Proust, Lo\u00efc Renard, St\u00e9phanie [&hellip;]<\/p>","protected":false},"author":1,"featured_media":0,"parent":0,"menu_order":0,"comment_status":"closed","ping_status":"closed","template":"template-parts\/page-full-width.php","meta":{"footnotes":""},"tags":[],"class_list":["post-1413","page","type-page","status-publish","hentry"],"yoast_head":"<!-- This site is optimized with the Yoast SEO plugin v27.3 - https:\/\/yoast.com\/product\/yoast-seo-wordpress\/ -->\n<title>Nous deux encore - Joseph Minster<\/title>\n<meta name=\"robots\" content=\"index, follow, max-snippet:-1, max-image-preview:large, max-video-preview:-1\" \/>\n<link rel=\"canonical\" href=\"https:\/\/josephminster.com\/site\/nous-deux-encore\/\" \/>\n<meta property=\"og:locale\" content=\"fr_FR\" \/>\n<meta property=\"og:type\" content=\"article\" \/>\n<meta property=\"og:title\" content=\"Nous deux encore - Joseph Minster\" \/>\n<meta property=\"og:description\" content=\"2020 \u2013 Fiction, 29\u201900 \u2013 Production&nbsp;: Les Films d&rsquo;Argile Joachim et Aur\u00e9lie s&rsquo;aiment. Un soir, ils assistent \u00e0 la lourde chute d&rsquo;un homme ivre dans le m\u00e9tro. Quelques jours plus tard, l&rsquo;\u00e9vocation de cet incident leur fait prendre conscience qu&rsquo;il sont peut-\u00eatre arriv\u00e9s au bout de leur histoire commune. Avec&nbsp;: \u00c9dith Proust, Lo\u00efc Renard, St\u00e9phanie [&hellip;]\" \/>\n<meta property=\"og:url\" content=\"https:\/\/josephminster.com\/site\/nous-deux-encore\/\" \/>\n<meta property=\"og:site_name\" content=\"Joseph Minster\" \/>\n<meta property=\"article:modified_time\" content=\"2022-08-30T22:22:45+00:00\" \/>\n<meta property=\"og:image\" content=\"http:\/\/josephminster.com\/site\/wp-content\/uploads\/2020\/04\/Affiche-Nous-deux-encore-1-766x1024.jpg\" \/>\n<meta name=\"twitter:card\" content=\"summary_large_image\" \/>\n<meta name=\"twitter:label1\" content=\"Dur\u00e9e de lecture estim\u00e9e\" \/>\n\t<meta name=\"twitter:data1\" content=\"1 minute\" \/>\n<script type=\"application\/ld+json\" class=\"yoast-schema-graph\">{\"@context\":\"https:\\\/\\\/schema.org\",\"@graph\":[{\"@type\":\"WebPage\",\"@id\":\"https:\\\/\\\/josephminster.com\\\/site\\\/nous-deux-encore\\\/\",\"url\":\"https:\\\/\\\/josephminster.com\\\/site\\\/nous-deux-encore\\\/\",\"name\":\"Nous deux encore - Joseph Minster\",\"isPartOf\":{\"@id\":\"https:\\\/\\\/josephminster.com\\\/site\\\/#website\"},\"primaryImageOfPage\":{\"@id\":\"https:\\\/\\\/josephminster.com\\\/site\\\/nous-deux-encore\\\/#primaryimage\"},\"image\":{\"@id\":\"https:\\\/\\\/josephminster.com\\\/site\\\/nous-deux-encore\\\/#primaryimage\"},\"thumbnailUrl\":\"http:\\\/\\\/josephminster.com\\\/site\\\/wp-content\\\/uploads\\\/2020\\\/04\\\/Affiche-Nous-deux-encore-1-766x1024.jpg\",\"datePublished\":\"2020-04-01T17:00:10+00:00\",\"dateModified\":\"2022-08-30T22:22:45+00:00\",\"breadcrumb\":{\"@id\":\"https:\\\/\\\/josephminster.com\\\/site\\\/nous-deux-encore\\\/#breadcrumb\"},\"inLanguage\":\"fr-FR\",\"potentialAction\":[{\"@type\":\"ReadAction\",\"target\":[\"https:\\\/\\\/josephminster.com\\\/site\\\/nous-deux-encore\\\/\"]}]},{\"@type\":\"ImageObject\",\"inLanguage\":\"fr-FR\",\"@id\":\"https:\\\/\\\/josephminster.com\\\/site\\\/nous-deux-encore\\\/#primaryimage\",\"url\":\"http:\\\/\\\/josephminster.com\\\/site\\\/wp-content\\\/uploads\\\/2020\\\/04\\\/Affiche-Nous-deux-encore-1-766x1024.jpg\",\"contentUrl\":\"http:\\\/\\\/josephminster.com\\\/site\\\/wp-content\\\/uploads\\\/2020\\\/04\\\/Affiche-Nous-deux-encore-1-766x1024.jpg\"},{\"@type\":\"BreadcrumbList\",\"@id\":\"https:\\\/\\\/josephminster.com\\\/site\\\/nous-deux-encore\\\/#breadcrumb\",\"itemListElement\":[{\"@type\":\"ListItem\",\"position\":1,\"name\":\"Accueil\",\"item\":\"https:\\\/\\\/josephminster.com\\\/site\\\/\"},{\"@type\":\"ListItem\",\"position\":2,\"name\":\"Nous deux encore\"}]},{\"@type\":\"WebSite\",\"@id\":\"https:\\\/\\\/josephminster.com\\\/site\\\/#website\",\"url\":\"https:\\\/\\\/josephminster.com\\\/site\\\/\",\"name\":\"Joseph Minster\",\"description\":\"Auteur, R\u00e9alisateur\",\"publisher\":{\"@id\":\"https:\\\/\\\/josephminster.com\\\/site\\\/#\\\/schema\\\/person\\\/973155dfa27d618c990ef6dfdc3705c9\"},\"potentialAction\":[{\"@type\":\"SearchAction\",\"target\":{\"@type\":\"EntryPoint\",\"urlTemplate\":\"https:\\\/\\\/josephminster.com\\\/site\\\/?s={search_term_string}\"},\"query-input\":{\"@type\":\"PropertyValueSpecification\",\"valueRequired\":true,\"valueName\":\"search_term_string\"}}],\"inLanguage\":\"fr-FR\"},{\"@type\":[\"Person\",\"Organization\"],\"@id\":\"https:\\\/\\\/josephminster.com\\\/site\\\/#\\\/schema\\\/person\\\/973155dfa27d618c990ef6dfdc3705c9\",\"name\":\"Joseph Minster\",\"image\":{\"@type\":\"ImageObject\",\"inLanguage\":\"fr-FR\",\"@id\":\"https:\\\/\\\/i0.wp.com\\\/josephminster.com\\\/site\\\/wp-content\\\/uploads\\\/2019\\\/11\\\/Joseph_Photo-7.jpg?fit=3360%2C2240&ssl=1\",\"url\":\"https:\\\/\\\/i0.wp.com\\\/josephminster.com\\\/site\\\/wp-content\\\/uploads\\\/2019\\\/11\\\/Joseph_Photo-7.jpg?fit=3360%2C2240&ssl=1\",\"contentUrl\":\"https:\\\/\\\/i0.wp.com\\\/josephminster.com\\\/site\\\/wp-content\\\/uploads\\\/2019\\\/11\\\/Joseph_Photo-7.jpg?fit=3360%2C2240&ssl=1\",\"width\":3360,\"height\":2240,\"caption\":\"Joseph Minster\"},\"logo\":{\"@id\":\"https:\\\/\\\/i0.wp.com\\\/josephminster.com\\\/site\\\/wp-content\\\/uploads\\\/2019\\\/11\\\/Joseph_Photo-7.jpg?fit=3360%2C2240&ssl=1\"}}]}<\/script>\n<!-- \/ Yoast SEO plugin. -->","yoast_head_json":{"title":"Nous deux encore - Joseph Minster","robots":{"index":"index","follow":"follow","max-snippet":"max-snippet:-1","max-image-preview":"max-image-preview:large","max-video-preview":"max-video-preview:-1"},"canonical":"https:\/\/josephminster.com\/site\/nous-deux-encore\/","og_locale":"fr_FR","og_type":"article","og_title":"Nous deux encore - Joseph Minster","og_description":"2020 \u2013 Fiction, 29\u201900 \u2013 Production&nbsp;: Les Films d&rsquo;Argile Joachim et Aur\u00e9lie s&rsquo;aiment. Un soir, ils assistent \u00e0 la lourde chute d&rsquo;un homme ivre dans le m\u00e9tro. Quelques jours plus tard, l&rsquo;\u00e9vocation de cet incident leur fait prendre conscience qu&rsquo;il sont peut-\u00eatre arriv\u00e9s au bout de leur histoire commune. Avec&nbsp;: \u00c9dith Proust, Lo\u00efc Renard, St\u00e9phanie [&hellip;]","og_url":"https:\/\/josephminster.com\/site\/nous-deux-encore\/","og_site_name":"Joseph Minster","article_modified_time":"2022-08-30T22:22:45+00:00","og_image":[{"url":"http:\/\/josephminster.com\/site\/wp-content\/uploads\/2020\/04\/Affiche-Nous-deux-encore-1-766x1024.jpg","type":"","width":"","height":""}],"twitter_card":"summary_large_image","twitter_misc":{"Dur\u00e9e de lecture estim\u00e9e":"1 minute"},"schema":{"@context":"https:\/\/schema.org","@graph":[{"@type":"WebPage","@id":"https:\/\/josephminster.com\/site\/nous-deux-encore\/","url":"https:\/\/josephminster.com\/site\/nous-deux-encore\/","name":"Nous deux encore - Joseph Minster","isPartOf":{"@id":"https:\/\/josephminster.com\/site\/#website"},"primaryImageOfPage":{"@id":"https:\/\/josephminster.com\/site\/nous-deux-encore\/#primaryimage"},"image":{"@id":"https:\/\/josephminster.com\/site\/nous-deux-encore\/#primaryimage"},"thumbnailUrl":"http:\/\/josephminster.com\/site\/wp-content\/uploads\/2020\/04\/Affiche-Nous-deux-encore-1-766x1024.jpg","datePublished":"2020-04-01T17:00:10+00:00","dateModified":"2022-08-30T22:22:45+00:00","breadcrumb":{"@id":"https:\/\/josephminster.com\/site\/nous-deux-encore\/#breadcrumb"},"inLanguage":"fr-FR","potentialAction":[{"@type":"ReadAction","target":["https:\/\/josephminster.com\/site\/nous-deux-encore\/"]}]},{"@type":"ImageObject","inLanguage":"fr-FR","@id":"https:\/\/josephminster.com\/site\/nous-deux-encore\/#primaryimage","url":"http:\/\/josephminster.com\/site\/wp-content\/uploads\/2020\/04\/Affiche-Nous-deux-encore-1-766x1024.jpg","contentUrl":"http:\/\/josephminster.com\/site\/wp-content\/uploads\/2020\/04\/Affiche-Nous-deux-encore-1-766x1024.jpg"},{"@type":"BreadcrumbList","@id":"https:\/\/josephminster.com\/site\/nous-deux-encore\/#breadcrumb","itemListElement":[{"@type":"ListItem","position":1,"name":"Accueil","item":"https:\/\/josephminster.com\/site\/"},{"@type":"ListItem","position":2,"name":"Nous deux encore"}]},{"@type":"WebSite","@id":"https:\/\/josephminster.com\/site\/#website","url":"https:\/\/josephminster.com\/site\/","name":"Joseph Minster","description":"Auteur, R\u00e9alisateur","publisher":{"@id":"https:\/\/josephminster.com\/site\/#\/schema\/person\/973155dfa27d618c990ef6dfdc3705c9"},"potentialAction":[{"@type":"SearchAction","target":{"@type":"EntryPoint","urlTemplate":"https:\/\/josephminster.com\/site\/?s={search_term_string}"},"query-input":{"@type":"PropertyValueSpecification","valueRequired":true,"valueName":"search_term_string"}}],"inLanguage":"fr-FR"},{"@type":["Person","Organization"],"@id":"https:\/\/josephminster.com\/site\/#\/schema\/person\/973155dfa27d618c990ef6dfdc3705c9","name":"Joseph Minster","image":{"@type":"ImageObject","inLanguage":"fr-FR","@id":"https:\/\/i0.wp.com\/josephminster.com\/site\/wp-content\/uploads\/2019\/11\/Joseph_Photo-7.jpg?fit=3360%2C2240&ssl=1","url":"https:\/\/i0.wp.com\/josephminster.com\/site\/wp-content\/uploads\/2019\/11\/Joseph_Photo-7.jpg?fit=3360%2C2240&ssl=1","contentUrl":"https:\/\/i0.wp.com\/josephminster.com\/site\/wp-content\/uploads\/2019\/11\/Joseph_Photo-7.jpg?fit=3360%2C2240&ssl=1","width":3360,"height":2240,"caption":"Joseph Minster"},"logo":{"@id":"https:\/\/i0.wp.com\/josephminster.com\/site\/wp-content\/uploads\/2019\/11\/Joseph_Photo-7.jpg?fit=3360%2C2240&ssl=1"}}]}},"jetpack_sharing_enabled":true,"jetpack_shortlink":"https:\/\/wp.me\/P78IKp-mN","_links":{"self":[{"href":"https:\/\/josephminster.com\/site\/wp-json\/wp\/v2\/pages\/1413","targetHints":{"allow":["GET"]}}],"collection":[{"href":"https:\/\/josephminster.com\/site\/wp-json\/wp\/v2\/pages"}],"about":[{"href":"https:\/\/josephminster.com\/site\/wp-json\/wp\/v2\/types\/page"}],"author":[{"embeddable":true,"href":"https:\/\/josephminster.com\/site\/wp-json\/wp\/v2\/users\/1"}],"replies":[{"embeddable":true,"href":"https:\/\/josephminster.com\/site\/wp-json\/wp\/v2\/comments?post=1413"}],"version-history":[{"count":22,"href":"https:\/\/josephminster.com\/site\/wp-json\/wp\/v2\/pages\/1413\/revisions"}],"predecessor-version":[{"id":1797,"href":"https:\/\/josephminster.com\/site\/wp-json\/wp\/v2\/pages\/1413\/revisions\/1797"}],"wp:attachment":[{"href":"https:\/\/josephminster.com\/site\/wp-json\/wp\/v2\/media?parent=1413"}],"wp:term":[{"taxonomy":"post_tag","embeddable":true,"href":"https:\/\/josephminster.com\/site\/wp-json\/wp\/v2\/tags?post=1413"}],"curies":[{"name":"wp","href":"https:\/\/api.w.org\/{rel}","templated":true}]}}