{"id":115,"date":"2016-01-16T14:30:46","date_gmt":"2016-01-16T13:30:46","guid":{"rendered":"http:\/\/josephminster.com\/site\/?page_id=115"},"modified":"2025-02-25T15:11:51","modified_gmt":"2025-02-25T14:11:51","slug":"joseph-minster-auteur-realisateur","status":"publish","type":"page","link":"https:\/\/josephminster.com\/site\/","title":{"rendered":"Joseph Minster | Auteur, R\u00e9alisateur"},"content":{"rendered":"","protected":false},"excerpt":{"rendered":"","protected":false},"author":1,"featured_media":0,"parent":0,"menu_order":1,"comment_status":"closed","ping_status":"closed","template":"template-parts\/page-slider.php","meta":{"footnotes":""},"tags":[],"class_list":["post-115","page","type-page","status-publish","hentry"],"yoast_head":"<!-- This site is optimized with the Yoast SEO plugin v27.3 - https:\/\/yoast.com\/product\/yoast-seo-wordpress\/ -->\n<title>Joseph Minster | Auteur, R\u00e9alisateur<\/title>\n<meta name=\"description\" content=\"Joseph Minster est auteur et r\u00e9alisateur. Il est \u00e9galement docteur en \u00e9tudes cin\u00e9matographiques (PSL - La F\u00e9mis), et enseigne \u00e0 l&#039;universit\u00e9.\" \/>\n<meta name=\"robots\" content=\"index, follow, max-snippet:-1, max-image-preview:large, max-video-preview:-1\" \/>\n<link rel=\"canonical\" href=\"http:\/\/josephminster.com\" \/>\n<meta property=\"og:locale\" content=\"fr_FR\" \/>\n<meta property=\"og:type\" content=\"article\" \/>\n<meta property=\"og:title\" content=\"Joseph Minster | Auteur, R\u00e9alisateur\" \/>\n<meta property=\"og:description\" content=\"Joseph Minster est auteur et r\u00e9alisateur. Il est \u00e9galement docteur en \u00e9tudes cin\u00e9matographiques (PSL - La F\u00e9mis), et enseigne \u00e0 l&#039;universit\u00e9.\" \/>\n<meta property=\"og:url\" content=\"http:\/\/josephminster.com\" \/>\n<meta property=\"og:site_name\" content=\"Joseph Minster\" \/>\n<meta property=\"article:modified_time\" content=\"2025-02-25T14:11:51+00:00\" \/>\n<meta name=\"twitter:card\" content=\"summary_large_image\" \/>\n<script type=\"application\/ld+json\" class=\"yoast-schema-graph\">{\"@context\":\"https:\\\/\\\/schema.org\",\"@graph\":[{\"@type\":\"WebPage\",\"@id\":\"https:\\\/\\\/josephminster.com\\\/site\\\/\",\"url\":\"http:\\\/\\\/josephminster.com\",\"name\":\"Joseph Minster | Auteur, R\u00e9alisateur\",\"isPartOf\":{\"@id\":\"https:\\\/\\\/josephminster.com\\\/site\\\/#website\"},\"datePublished\":\"2016-01-16T13:30:46+00:00\",\"dateModified\":\"2025-02-25T14:11:51+00:00\",\"description\":\"Joseph Minster est auteur et r\u00e9alisateur. Il est \u00e9galement docteur en \u00e9tudes cin\u00e9matographiques (PSL - La F\u00e9mis), et enseigne \u00e0 l'universit\u00e9.\",\"breadcrumb\":{\"@id\":\"http:\\\/\\\/josephminster.com#breadcrumb\"},\"inLanguage\":\"fr-FR\",\"potentialAction\":[{\"@type\":\"ReadAction\",\"target\":[\"http:\\\/\\\/josephminster.com\"]}]},{\"@type\":\"BreadcrumbList\",\"@id\":\"http:\\\/\\\/josephminster.com#breadcrumb\",\"itemListElement\":[{\"@type\":\"ListItem\",\"position\":1,\"name\":\"Accueil\",\"item\":\"https:\\\/\\\/josephminster.com\\\/site\\\/\"},{\"@type\":\"ListItem\",\"position\":2,\"name\":\"Joseph Minster | Auteur, R\u00e9alisateur\"}]},{\"@type\":\"WebSite\",\"@id\":\"https:\\\/\\\/josephminster.com\\\/site\\\/#website\",\"url\":\"https:\\\/\\\/josephminster.com\\\/site\\\/\",\"name\":\"Joseph Minster\",\"description\":\"Auteur, R\u00e9alisateur\",\"publisher\":{\"@id\":\"https:\\\/\\\/josephminster.com\\\/site\\\/#\\\/schema\\\/person\\\/973155dfa27d618c990ef6dfdc3705c9\"},\"potentialAction\":[{\"@type\":\"SearchAction\",\"target\":{\"@type\":\"EntryPoint\",\"urlTemplate\":\"https:\\\/\\\/josephminster.com\\\/site\\\/?s={search_term_string}\"},\"query-input\":{\"@type\":\"PropertyValueSpecification\",\"valueRequired\":true,\"valueName\":\"search_term_string\"}}],\"inLanguage\":\"fr-FR\"},{\"@type\":[\"Person\",\"Organization\"],\"@id\":\"https:\\\/\\\/josephminster.com\\\/site\\\/#\\\/schema\\\/person\\\/973155dfa27d618c990ef6dfdc3705c9\",\"name\":\"Joseph Minster\",\"image\":{\"@type\":\"ImageObject\",\"inLanguage\":\"fr-FR\",\"@id\":\"https:\\\/\\\/i0.wp.com\\\/josephminster.com\\\/site\\\/wp-content\\\/uploads\\\/2019\\\/11\\\/Joseph_Photo-7.jpg?fit=3360%2C2240&ssl=1\",\"url\":\"https:\\\/\\\/i0.wp.com\\\/josephminster.com\\\/site\\\/wp-content\\\/uploads\\\/2019\\\/11\\\/Joseph_Photo-7.jpg?fit=3360%2C2240&ssl=1\",\"contentUrl\":\"https:\\\/\\\/i0.wp.com\\\/josephminster.com\\\/site\\\/wp-content\\\/uploads\\\/2019\\\/11\\\/Joseph_Photo-7.jpg?fit=3360%2C2240&ssl=1\",\"width\":3360,\"height\":2240,\"caption\":\"Joseph Minster\"},\"logo\":{\"@id\":\"https:\\\/\\\/i0.wp.com\\\/josephminster.com\\\/site\\\/wp-content\\\/uploads\\\/2019\\\/11\\\/Joseph_Photo-7.jpg?fit=3360%2C2240&ssl=1\"}}]}<\/script>\n<!-- \/ Yoast SEO plugin. -->","yoast_head_json":{"title":"Joseph Minster | Auteur, R\u00e9alisateur","description":"Joseph Minster est auteur et r\u00e9alisateur. Il est \u00e9galement docteur en \u00e9tudes cin\u00e9matographiques (PSL - La F\u00e9mis), et enseigne \u00e0 l'universit\u00e9.","robots":{"index":"index","follow":"follow","max-snippet":"max-snippet:-1","max-image-preview":"max-image-preview:large","max-video-preview":"max-video-preview:-1"},"canonical":"http:\/\/josephminster.com","og_locale":"fr_FR","og_type":"article","og_title":"Joseph Minster | Auteur, R\u00e9alisateur","og_description":"Joseph Minster est auteur et r\u00e9alisateur. Il est \u00e9galement docteur en \u00e9tudes cin\u00e9matographiques (PSL - La F\u00e9mis), et enseigne \u00e0 l'universit\u00e9.","og_url":"http:\/\/josephminster.com","og_site_name":"Joseph Minster","article_modified_time":"2025-02-25T14:11:51+00:00","twitter_card":"summary_large_image","schema":{"@context":"https:\/\/schema.org","@graph":[{"@type":"WebPage","@id":"https:\/\/josephminster.com\/site\/","url":"http:\/\/josephminster.com","name":"Joseph Minster | Auteur, R\u00e9alisateur","isPartOf":{"@id":"https:\/\/josephminster.com\/site\/#website"},"datePublished":"2016-01-16T13:30:46+00:00","dateModified":"2025-02-25T14:11:51+00:00","description":"Joseph Minster est auteur et r\u00e9alisateur. Il est \u00e9galement docteur en \u00e9tudes cin\u00e9matographiques (PSL - La F\u00e9mis), et enseigne \u00e0 l'universit\u00e9.","breadcrumb":{"@id":"http:\/\/josephminster.com#breadcrumb"},"inLanguage":"fr-FR","potentialAction":[{"@type":"ReadAction","target":["http:\/\/josephminster.com"]}]},{"@type":"BreadcrumbList","@id":"http:\/\/josephminster.com#breadcrumb","itemListElement":[{"@type":"ListItem","position":1,"name":"Accueil","item":"https:\/\/josephminster.com\/site\/"},{"@type":"ListItem","position":2,"name":"Joseph Minster | Auteur, R\u00e9alisateur"}]},{"@type":"WebSite","@id":"https:\/\/josephminster.com\/site\/#website","url":"https:\/\/josephminster.com\/site\/","name":"Joseph Minster","description":"Auteur, R\u00e9alisateur","publisher":{"@id":"https:\/\/josephminster.com\/site\/#\/schema\/person\/973155dfa27d618c990ef6dfdc3705c9"},"potentialAction":[{"@type":"SearchAction","target":{"@type":"EntryPoint","urlTemplate":"https:\/\/josephminster.com\/site\/?s={search_term_string}"},"query-input":{"@type":"PropertyValueSpecification","valueRequired":true,"valueName":"search_term_string"}}],"inLanguage":"fr-FR"},{"@type":["Person","Organization"],"@id":"https:\/\/josephminster.com\/site\/#\/schema\/person\/973155dfa27d618c990ef6dfdc3705c9","name":"Joseph Minster","image":{"@type":"ImageObject","inLanguage":"fr-FR","@id":"https:\/\/i0.wp.com\/josephminster.com\/site\/wp-content\/uploads\/2019\/11\/Joseph_Photo-7.jpg?fit=3360%2C2240&ssl=1","url":"https:\/\/i0.wp.com\/josephminster.com\/site\/wp-content\/uploads\/2019\/11\/Joseph_Photo-7.jpg?fit=3360%2C2240&ssl=1","contentUrl":"https:\/\/i0.wp.com\/josephminster.com\/site\/wp-content\/uploads\/2019\/11\/Joseph_Photo-7.jpg?fit=3360%2C2240&ssl=1","width":3360,"height":2240,"caption":"Joseph Minster"},"logo":{"@id":"https:\/\/i0.wp.com\/josephminster.com\/site\/wp-content\/uploads\/2019\/11\/Joseph_Photo-7.jpg?fit=3360%2C2240&ssl=1"}}]}},"jetpack_sharing_enabled":true,"jetpack_shortlink":"https:\/\/wp.me\/P78IKp-1R","_links":{"self":[{"href":"https:\/\/josephminster.com\/site\/wp-json\/wp\/v2\/pages\/115","targetHints":{"allow":["GET"]}}],"collection":[{"href":"https:\/\/josephminster.com\/site\/wp-json\/wp\/v2\/pages"}],"about":[{"href":"https:\/\/josephminster.com\/site\/wp-json\/wp\/v2\/types\/page"}],"author":[{"embeddable":true,"href":"https:\/\/josephminster.com\/site\/wp-json\/wp\/v2\/users\/1"}],"replies":[{"embeddable":true,"href":"https:\/\/josephminster.com\/site\/wp-json\/wp\/v2\/comments?post=115"}],"version-history":[{"count":13,"href":"https:\/\/josephminster.com\/site\/wp-json\/wp\/v2\/pages\/115\/revisions"}],"predecessor-version":[{"id":1652,"href":"https:\/\/josephminster.com\/site\/wp-json\/wp\/v2\/pages\/115\/revisions\/1652"}],"wp:attachment":[{"href":"https:\/\/josephminster.com\/site\/wp-json\/wp\/v2\/media?parent=115"}],"wp:term":[{"taxonomy":"post_tag","embeddable":true,"href":"https:\/\/josephminster.com\/site\/wp-json\/wp\/v2\/tags?post=115"}],"curies":[{"name":"wp","href":"https:\/\/api.w.org\/{rel}","templated":true}]}}