{"id":102,"date":"2016-01-18T16:17:08","date_gmt":"2016-01-18T15:17:08","guid":{"rendered":"http:\/\/josephminster.com\/site\/?page_id=102"},"modified":"2018-04-16T15:22:39","modified_gmt":"2018-04-16T14:22:39","slug":"i-dont-like-to-be-lonely","status":"publish","type":"page","link":"https:\/\/josephminster.com\/site\/i-dont-like-to-be-lonely\/","title":{"rendered":"I Don&rsquo;t Like To Be Lonely"},"content":{"rendered":"<p><img data-recalc-dims=\"1\" loading=\"lazy\" decoding=\"async\" class=\"alignnone wp-image-5\" src=\"https:\/\/i0.wp.com\/josephminster.com\/site\/wp-content\/uploads\/2016\/01\/Affiche-IDLTBL.jpg?resize=521%2C700&#038;ssl=1\" alt=\"Affiche IDLTBL\" width=\"521\" height=\"700\" srcset=\"https:\/\/i0.wp.com\/josephminster.com\/site\/wp-content\/uploads\/2016\/01\/Affiche-IDLTBL.jpg?resize=762%2C1024&amp;ssl=1 762w, https:\/\/i0.wp.com\/josephminster.com\/site\/wp-content\/uploads\/2016\/01\/Affiche-IDLTBL.jpg?resize=223%2C300&amp;ssl=1 223w, https:\/\/i0.wp.com\/josephminster.com\/site\/wp-content\/uploads\/2016\/01\/Affiche-IDLTBL.jpg?resize=768%2C1031&amp;ssl=1 768w, https:\/\/i0.wp.com\/josephminster.com\/site\/wp-content\/uploads\/2016\/01\/Affiche-IDLTBL.jpg?resize=640%2C860&amp;ssl=1 640w, https:\/\/i0.wp.com\/josephminster.com\/site\/wp-content\/uploads\/2016\/01\/Affiche-IDLTBL.jpg?resize=1010%2C1356&amp;ssl=1 1010w, https:\/\/i0.wp.com\/josephminster.com\/site\/wp-content\/uploads\/2016\/01\/Affiche-IDLTBL.jpg?w=1408&amp;ssl=1 1408w, https:\/\/i0.wp.com\/josephminster.com\/site\/wp-content\/uploads\/2016\/01\/Affiche-IDLTBL.jpg?w=1280&amp;ssl=1 1280w\" sizes=\"auto, (max-width: 521px) 100vw, 521px\" \/><\/p>\n<blockquote><p><strong>2013 &#8211; Fiction, 8&rsquo;30 &#8211; Production&nbsp;: Filmakademie Baden-W\u00fcrttemberg \/ SWR \/ Arte \/ La F\u00e9mis<\/strong><\/p>\n<p><em>Camille vient donner des cours d&rsquo;anglais \u00e0 Micha\u00ebl en prison, une fois par semaine. Micha\u00ebl ne comprend pas pourquoi elle vient.\u00a0<\/em><\/p><\/blockquote>\n\n\t<div class=\"slideshow_container slideshow_container_style-dark\" style=\" \" data-slideshow-id=\"225\" data-style-name=\"style-dark\" data-style-version=\"2.3.1\" >\n\n\t\t\t\t\t<div class=\"slideshow_loading_icon\"><\/div>\n\t\t\n\t\t<div class=\"slideshow_content\" style=\"display: none;\">\n\n\t\t\t<div class=\"slideshow_view\">\n\t\t\t\t<div class=\"slideshow_slide slideshow_slide_image\">\n\t\t\t\t\t\t\t\t\t\t\t<img src=\"https:\/\/i0.wp.com\/josephminster.com\/site\/wp-content\/uploads\/2016\/03\/I-dont-like-to-be-lonely-Fabian-Wolfrom.jpg?fit=1920%2C1080&amp;ssl=1\" alt=\"I don't like to be lonely - Fabian Wolfrom\" width=\"1920\" height=\"1080\" \/>\n\t\t\t\t\t\t\t\t\t\t<div class=\"slideshow_description_box slideshow_transparent\">\n\t\t\t\t\t\t<div class=\"slideshow_title\">I don't like to be lonely - Fabian Wolfrom<\/div>\t\t\t\t\t\t\t\t\t\t\t<\/div>\n\t\t\t\t<\/div>\n\n\t\t\t\t\t\t\n\t\t\t\t<div class=\"slideshow_slide slideshow_slide_image\">\n\t\t\t\t\t\t\t\t\t\t\t<img src=\"https:\/\/i0.wp.com\/josephminster.com\/site\/wp-content\/uploads\/2016\/03\/Edith-Proust-I-dont-like-to-be-lonely.jpg?fit=1920%2C1080&amp;ssl=1\" alt=\"Edith Proust - I don't like to be lonely\" width=\"1920\" height=\"1080\" \/>\n\t\t\t\t\t\t\t\t\t\t<div class=\"slideshow_description_box slideshow_transparent\">\n\t\t\t\t\t\t<div class=\"slideshow_title\">Edith Proust - I don't like to be lonely<\/div>\t\t\t\t\t\t\t\t\t\t\t<\/div>\n\t\t\t\t<\/div>\n\n\t\t\t\t\t\t\n\t\t\t\t<div class=\"slideshow_slide slideshow_slide_image\">\n\t\t\t\t\t\t\t\t\t\t\t<img src=\"https:\/\/i0.wp.com\/josephminster.com\/site\/wp-content\/uploads\/2016\/03\/Fabian-Wolfrom-I-dont-like-to-be-lonely.jpg?fit=1920%2C1080&amp;ssl=1\" alt=\"Fabian Wolfrom - I don't like to be lonely\" width=\"1920\" height=\"1080\" \/>\n\t\t\t\t\t\t\t\t\t\t<div class=\"slideshow_description_box slideshow_transparent\">\n\t\t\t\t\t\t<div class=\"slideshow_title\">Fabian Wolfrom - I don't like to be lonely<\/div>\t\t\t\t\t\t\t\t\t\t\t<\/div>\n\t\t\t\t<\/div>\n\n\t\t\t\t\t\t<div style=\"clear: both;\"><\/div><\/div><div class=\"slideshow_view\">\n\t\t\t\t<div class=\"slideshow_slide slideshow_slide_image\">\n\t\t\t\t\t\t\t\t\t\t\t<img src=\"https:\/\/i0.wp.com\/josephminster.com\/site\/wp-content\/uploads\/2016\/03\/I-dont-like-to-be-lonely-E.-Proust.jpg?fit=1920%2C1080&amp;ssl=1\" alt=\"I don't like to be lonely - E. Proust\" width=\"1920\" height=\"1080\" \/>\n\t\t\t\t\t\t\t\t\t\t<div class=\"slideshow_description_box slideshow_transparent\">\n\t\t\t\t\t\t<div class=\"slideshow_title\">I don't like to be lonely - E. Proust<\/div>\t\t\t\t\t\t\t\t\t\t\t<\/div>\n\t\t\t\t<\/div>\n\n\t\t\t\t\t\t\n\t\t\t\t<div class=\"slideshow_slide slideshow_slide_image\">\n\t\t\t\t\t\t\t\t\t\t\t<img src=\"https:\/\/i0.wp.com\/josephminster.com\/site\/wp-content\/uploads\/2016\/03\/I-dont-like-to-be-lonely-Edith-Proust.jpg?fit=1920%2C1080&amp;ssl=1\" alt=\"I don't like to be lonely - Edith Proust\" width=\"1920\" height=\"1080\" \/>\n\t\t\t\t\t\t\t\t\t\t<div class=\"slideshow_description_box slideshow_transparent\">\n\t\t\t\t\t\t<div class=\"slideshow_title\">I don't like to be lonely - Edith Proust<\/div>\t\t\t\t\t\t\t\t\t\t\t<\/div>\n\t\t\t\t<\/div>\n\n\t\t\t\t\t\t\n\t\t\t\t<div class=\"slideshow_slide slideshow_slide_image\">\n\t\t\t\t\t\t\t\t\t\t\t<img src=\"https:\/\/i0.wp.com\/josephminster.com\/site\/wp-content\/uploads\/2016\/03\/I-dont-like-to-be-lonely-F.Wolfrom-E.Proust.jpg?fit=1920%2C1080&amp;ssl=1\" alt=\"I don't like to be lonely - F.Wolfrom-E.Proust\" width=\"1920\" height=\"1080\" \/>\n\t\t\t\t\t\t\t\t\t\t<div class=\"slideshow_description_box slideshow_transparent\">\n\t\t\t\t\t\t<div class=\"slideshow_title\">I don't like to be lonely - F.Wolfrom-E.Proust<\/div>\t\t\t\t\t\t\t\t\t\t\t<\/div>\n\t\t\t\t<\/div>\n\n\t\t\t\t\t\t<div style=\"clear: both;\"><\/div><\/div>\n\t\t<\/div>\n\n\t\t<div class=\"slideshow_controlPanel slideshow_transparent\" style=\"display: none;\"><ul><li class=\"slideshow_togglePlay\" data-play-text=\"Play\" data-pause-text=\"Pause\"><\/li><\/ul><\/div>\n\n\t\t<div class=\"slideshow_button slideshow_previous slideshow_transparent\" role=\"button\" data-previous-text=\"Pr\u00e9c\u00e9dent\" style=\"display: none;\"><\/div>\n\t\t<div class=\"slideshow_button slideshow_next slideshow_transparent\" role=\"button\" data-next-text=\"Suivant\" style=\"display: none;\"><\/div>\n\n\t\t<div class=\"slideshow_pagination\" style=\"display: none;\" data-go-to-text=\"Go to slide\"><div class=\"slideshow_pagination_center\"><\/div><\/div>\n\n\t\t<!-- WordPress Slideshow Version 2.3.1 -->\n\n\t\t\t<\/div>\n\n\n<p>Avec&nbsp;: Edith Proust, Fabian Wolfrom, Cyril Necker<\/p>\n<p>Sc\u00e9nario&nbsp;: Alissa Wenz \/ R\u00e9alisation&nbsp;: Joseph Minster \/ Production&nbsp;: Laura Horga, Genov\u00e9va Petrovits \/ Directeur de la photographie&nbsp;: No\u00e9 Bach \/ Cadre&nbsp;: \u00c9milie Noblet \/ Ing\u00e9nieur du son&nbsp;: Cl\u00e9ment Badin \/ D\u00e9cor&nbsp;: Barnab\u00e9 d&rsquo;Hauteville \/ Montage&nbsp;: Suzanne Van Boxsom \/ Montage son&nbsp;: Charles Valentin \/ Mixage&nbsp;: Jean-Charles Bastion \/ Affiche&nbsp;: C\u00e9dric Richard<\/p>\n<div class=\"jetpack-video-wrapper\"><iframe loading=\"lazy\" title=\"I Don&#039;t Like To Be Lonely - Extrait\" src=\"https:\/\/player.vimeo.com\/video\/156542807?dnt=1&amp;app_id=122963\" width=\"640\" height=\"360\" frameborder=\"0\" allow=\"autoplay; fullscreen; picture-in-picture; clipboard-write\"><\/iframe><\/div>","protected":false},"excerpt":{"rendered":"<p>2013 &#8211; Fiction, 8&rsquo;30 &#8211; Production&nbsp;: Filmakademie Baden-W\u00fcrttemberg \/ SWR \/ Arte \/ La F\u00e9mis Camille vient donner des cours d&rsquo;anglais \u00e0 Micha\u00ebl en prison, une fois par semaine. Micha\u00ebl ne comprend pas pourquoi elle vient.\u00a0 Avec&nbsp;: Edith Proust, Fabian Wolfrom, Cyril Necker Sc\u00e9nario&nbsp;: Alissa Wenz \/ R\u00e9alisation&nbsp;: Joseph Minster \/ Production&nbsp;: Laura Horga, Genov\u00e9va [&hellip;]<\/p>","protected":false},"author":1,"featured_media":0,"parent":0,"menu_order":0,"comment_status":"closed","ping_status":"closed","template":"template-parts\/page-full-width.php","meta":{"footnotes":""},"tags":[],"class_list":["post-102","page","type-page","status-publish","hentry"],"yoast_head":"<!-- This site is optimized with the Yoast SEO plugin v27.3 - https:\/\/yoast.com\/product\/yoast-seo-wordpress\/ -->\n<title>I Don&#039;t Like To Be Lonely - Joseph Minster<\/title>\n<meta name=\"robots\" content=\"index, follow, max-snippet:-1, max-image-preview:large, max-video-preview:-1\" \/>\n<link rel=\"canonical\" href=\"https:\/\/josephminster.com\/site\/i-dont-like-to-be-lonely\/\" \/>\n<meta property=\"og:locale\" content=\"fr_FR\" \/>\n<meta property=\"og:type\" content=\"article\" \/>\n<meta property=\"og:title\" content=\"I Don&#039;t Like To Be Lonely - Joseph Minster\" \/>\n<meta property=\"og:description\" content=\"2013 &#8211; Fiction, 8&rsquo;30 &#8211; Production&nbsp;: Filmakademie Baden-W\u00fcrttemberg \/ SWR \/ Arte \/ La F\u00e9mis Camille vient donner des cours d&rsquo;anglais \u00e0 Micha\u00ebl en prison, une fois par semaine. Micha\u00ebl ne comprend pas pourquoi elle vient.\u00a0 Avec&nbsp;: Edith Proust, Fabian Wolfrom, Cyril Necker Sc\u00e9nario&nbsp;: Alissa Wenz \/ R\u00e9alisation&nbsp;: Joseph Minster \/ Production&nbsp;: Laura Horga, Genov\u00e9va [&hellip;]\" \/>\n<meta property=\"og:url\" content=\"https:\/\/josephminster.com\/site\/i-dont-like-to-be-lonely\/\" \/>\n<meta property=\"og:site_name\" content=\"Joseph Minster\" \/>\n<meta property=\"article:modified_time\" content=\"2018-04-16T14:22:39+00:00\" \/>\n<meta property=\"og:image\" content=\"http:\/\/josephminster.com\/site\/wp-content\/uploads\/2016\/01\/Affiche-IDLTBL-762x1024.jpg\" \/>\n<meta name=\"twitter:card\" content=\"summary_large_image\" \/>\n<script type=\"application\/ld+json\" class=\"yoast-schema-graph\">{\"@context\":\"https:\\\/\\\/schema.org\",\"@graph\":[{\"@type\":\"WebPage\",\"@id\":\"https:\\\/\\\/josephminster.com\\\/site\\\/i-dont-like-to-be-lonely\\\/\",\"url\":\"https:\\\/\\\/josephminster.com\\\/site\\\/i-dont-like-to-be-lonely\\\/\",\"name\":\"I Don't Like To Be Lonely - Joseph Minster\",\"isPartOf\":{\"@id\":\"https:\\\/\\\/josephminster.com\\\/site\\\/#website\"},\"primaryImageOfPage\":{\"@id\":\"https:\\\/\\\/josephminster.com\\\/site\\\/i-dont-like-to-be-lonely\\\/#primaryimage\"},\"image\":{\"@id\":\"https:\\\/\\\/josephminster.com\\\/site\\\/i-dont-like-to-be-lonely\\\/#primaryimage\"},\"thumbnailUrl\":\"http:\\\/\\\/josephminster.com\\\/site\\\/wp-content\\\/uploads\\\/2016\\\/01\\\/Affiche-IDLTBL-762x1024.jpg\",\"datePublished\":\"2016-01-18T15:17:08+00:00\",\"dateModified\":\"2018-04-16T14:22:39+00:00\",\"breadcrumb\":{\"@id\":\"https:\\\/\\\/josephminster.com\\\/site\\\/i-dont-like-to-be-lonely\\\/#breadcrumb\"},\"inLanguage\":\"fr-FR\",\"potentialAction\":[{\"@type\":\"ReadAction\",\"target\":[\"https:\\\/\\\/josephminster.com\\\/site\\\/i-dont-like-to-be-lonely\\\/\"]}]},{\"@type\":\"ImageObject\",\"inLanguage\":\"fr-FR\",\"@id\":\"https:\\\/\\\/josephminster.com\\\/site\\\/i-dont-like-to-be-lonely\\\/#primaryimage\",\"url\":\"http:\\\/\\\/josephminster.com\\\/site\\\/wp-content\\\/uploads\\\/2016\\\/01\\\/Affiche-IDLTBL-762x1024.jpg\",\"contentUrl\":\"http:\\\/\\\/josephminster.com\\\/site\\\/wp-content\\\/uploads\\\/2016\\\/01\\\/Affiche-IDLTBL-762x1024.jpg\"},{\"@type\":\"BreadcrumbList\",\"@id\":\"https:\\\/\\\/josephminster.com\\\/site\\\/i-dont-like-to-be-lonely\\\/#breadcrumb\",\"itemListElement\":[{\"@type\":\"ListItem\",\"position\":1,\"name\":\"Accueil\",\"item\":\"https:\\\/\\\/josephminster.com\\\/site\\\/\"},{\"@type\":\"ListItem\",\"position\":2,\"name\":\"I Don&rsquo;t Like To Be Lonely\"}]},{\"@type\":\"WebSite\",\"@id\":\"https:\\\/\\\/josephminster.com\\\/site\\\/#website\",\"url\":\"https:\\\/\\\/josephminster.com\\\/site\\\/\",\"name\":\"Joseph Minster\",\"description\":\"Auteur, R\u00e9alisateur\",\"publisher\":{\"@id\":\"https:\\\/\\\/josephminster.com\\\/site\\\/#\\\/schema\\\/person\\\/973155dfa27d618c990ef6dfdc3705c9\"},\"potentialAction\":[{\"@type\":\"SearchAction\",\"target\":{\"@type\":\"EntryPoint\",\"urlTemplate\":\"https:\\\/\\\/josephminster.com\\\/site\\\/?s={search_term_string}\"},\"query-input\":{\"@type\":\"PropertyValueSpecification\",\"valueRequired\":true,\"valueName\":\"search_term_string\"}}],\"inLanguage\":\"fr-FR\"},{\"@type\":[\"Person\",\"Organization\"],\"@id\":\"https:\\\/\\\/josephminster.com\\\/site\\\/#\\\/schema\\\/person\\\/973155dfa27d618c990ef6dfdc3705c9\",\"name\":\"Joseph Minster\",\"image\":{\"@type\":\"ImageObject\",\"inLanguage\":\"fr-FR\",\"@id\":\"https:\\\/\\\/i0.wp.com\\\/josephminster.com\\\/site\\\/wp-content\\\/uploads\\\/2019\\\/11\\\/Joseph_Photo-7.jpg?fit=3360%2C2240&ssl=1\",\"url\":\"https:\\\/\\\/i0.wp.com\\\/josephminster.com\\\/site\\\/wp-content\\\/uploads\\\/2019\\\/11\\\/Joseph_Photo-7.jpg?fit=3360%2C2240&ssl=1\",\"contentUrl\":\"https:\\\/\\\/i0.wp.com\\\/josephminster.com\\\/site\\\/wp-content\\\/uploads\\\/2019\\\/11\\\/Joseph_Photo-7.jpg?fit=3360%2C2240&ssl=1\",\"width\":3360,\"height\":2240,\"caption\":\"Joseph Minster\"},\"logo\":{\"@id\":\"https:\\\/\\\/i0.wp.com\\\/josephminster.com\\\/site\\\/wp-content\\\/uploads\\\/2019\\\/11\\\/Joseph_Photo-7.jpg?fit=3360%2C2240&ssl=1\"}}]}<\/script>\n<!-- \/ Yoast SEO plugin. -->","yoast_head_json":{"title":"I Don't Like To Be Lonely - Joseph Minster","robots":{"index":"index","follow":"follow","max-snippet":"max-snippet:-1","max-image-preview":"max-image-preview:large","max-video-preview":"max-video-preview:-1"},"canonical":"https:\/\/josephminster.com\/site\/i-dont-like-to-be-lonely\/","og_locale":"fr_FR","og_type":"article","og_title":"I Don't Like To Be Lonely - Joseph Minster","og_description":"2013 &#8211; Fiction, 8&rsquo;30 &#8211; Production&nbsp;: Filmakademie Baden-W\u00fcrttemberg \/ SWR \/ Arte \/ La F\u00e9mis Camille vient donner des cours d&rsquo;anglais \u00e0 Micha\u00ebl en prison, une fois par semaine. Micha\u00ebl ne comprend pas pourquoi elle vient.\u00a0 Avec&nbsp;: Edith Proust, Fabian Wolfrom, Cyril Necker Sc\u00e9nario&nbsp;: Alissa Wenz \/ R\u00e9alisation&nbsp;: Joseph Minster \/ Production&nbsp;: Laura Horga, Genov\u00e9va [&hellip;]","og_url":"https:\/\/josephminster.com\/site\/i-dont-like-to-be-lonely\/","og_site_name":"Joseph Minster","article_modified_time":"2018-04-16T14:22:39+00:00","og_image":[{"url":"http:\/\/josephminster.com\/site\/wp-content\/uploads\/2016\/01\/Affiche-IDLTBL-762x1024.jpg","type":"","width":"","height":""}],"twitter_card":"summary_large_image","schema":{"@context":"https:\/\/schema.org","@graph":[{"@type":"WebPage","@id":"https:\/\/josephminster.com\/site\/i-dont-like-to-be-lonely\/","url":"https:\/\/josephminster.com\/site\/i-dont-like-to-be-lonely\/","name":"I Don't Like To Be Lonely - Joseph Minster","isPartOf":{"@id":"https:\/\/josephminster.com\/site\/#website"},"primaryImageOfPage":{"@id":"https:\/\/josephminster.com\/site\/i-dont-like-to-be-lonely\/#primaryimage"},"image":{"@id":"https:\/\/josephminster.com\/site\/i-dont-like-to-be-lonely\/#primaryimage"},"thumbnailUrl":"http:\/\/josephminster.com\/site\/wp-content\/uploads\/2016\/01\/Affiche-IDLTBL-762x1024.jpg","datePublished":"2016-01-18T15:17:08+00:00","dateModified":"2018-04-16T14:22:39+00:00","breadcrumb":{"@id":"https:\/\/josephminster.com\/site\/i-dont-like-to-be-lonely\/#breadcrumb"},"inLanguage":"fr-FR","potentialAction":[{"@type":"ReadAction","target":["https:\/\/josephminster.com\/site\/i-dont-like-to-be-lonely\/"]}]},{"@type":"ImageObject","inLanguage":"fr-FR","@id":"https:\/\/josephminster.com\/site\/i-dont-like-to-be-lonely\/#primaryimage","url":"http:\/\/josephminster.com\/site\/wp-content\/uploads\/2016\/01\/Affiche-IDLTBL-762x1024.jpg","contentUrl":"http:\/\/josephminster.com\/site\/wp-content\/uploads\/2016\/01\/Affiche-IDLTBL-762x1024.jpg"},{"@type":"BreadcrumbList","@id":"https:\/\/josephminster.com\/site\/i-dont-like-to-be-lonely\/#breadcrumb","itemListElement":[{"@type":"ListItem","position":1,"name":"Accueil","item":"https:\/\/josephminster.com\/site\/"},{"@type":"ListItem","position":2,"name":"I Don&rsquo;t Like To Be Lonely"}]},{"@type":"WebSite","@id":"https:\/\/josephminster.com\/site\/#website","url":"https:\/\/josephminster.com\/site\/","name":"Joseph Minster","description":"Auteur, R\u00e9alisateur","publisher":{"@id":"https:\/\/josephminster.com\/site\/#\/schema\/person\/973155dfa27d618c990ef6dfdc3705c9"},"potentialAction":[{"@type":"SearchAction","target":{"@type":"EntryPoint","urlTemplate":"https:\/\/josephminster.com\/site\/?s={search_term_string}"},"query-input":{"@type":"PropertyValueSpecification","valueRequired":true,"valueName":"search_term_string"}}],"inLanguage":"fr-FR"},{"@type":["Person","Organization"],"@id":"https:\/\/josephminster.com\/site\/#\/schema\/person\/973155dfa27d618c990ef6dfdc3705c9","name":"Joseph Minster","image":{"@type":"ImageObject","inLanguage":"fr-FR","@id":"https:\/\/i0.wp.com\/josephminster.com\/site\/wp-content\/uploads\/2019\/11\/Joseph_Photo-7.jpg?fit=3360%2C2240&ssl=1","url":"https:\/\/i0.wp.com\/josephminster.com\/site\/wp-content\/uploads\/2019\/11\/Joseph_Photo-7.jpg?fit=3360%2C2240&ssl=1","contentUrl":"https:\/\/i0.wp.com\/josephminster.com\/site\/wp-content\/uploads\/2019\/11\/Joseph_Photo-7.jpg?fit=3360%2C2240&ssl=1","width":3360,"height":2240,"caption":"Joseph Minster"},"logo":{"@id":"https:\/\/i0.wp.com\/josephminster.com\/site\/wp-content\/uploads\/2019\/11\/Joseph_Photo-7.jpg?fit=3360%2C2240&ssl=1"}}]}},"jetpack_sharing_enabled":true,"jetpack_shortlink":"https:\/\/wp.me\/P78IKp-1E","_links":{"self":[{"href":"https:\/\/josephminster.com\/site\/wp-json\/wp\/v2\/pages\/102","targetHints":{"allow":["GET"]}}],"collection":[{"href":"https:\/\/josephminster.com\/site\/wp-json\/wp\/v2\/pages"}],"about":[{"href":"https:\/\/josephminster.com\/site\/wp-json\/wp\/v2\/types\/page"}],"author":[{"embeddable":true,"href":"https:\/\/josephminster.com\/site\/wp-json\/wp\/v2\/users\/1"}],"replies":[{"embeddable":true,"href":"https:\/\/josephminster.com\/site\/wp-json\/wp\/v2\/comments?post=102"}],"version-history":[{"count":16,"href":"https:\/\/josephminster.com\/site\/wp-json\/wp\/v2\/pages\/102\/revisions"}],"predecessor-version":[{"id":1037,"href":"https:\/\/josephminster.com\/site\/wp-json\/wp\/v2\/pages\/102\/revisions\/1037"}],"wp:attachment":[{"href":"https:\/\/josephminster.com\/site\/wp-json\/wp\/v2\/media?parent=102"}],"wp:term":[{"taxonomy":"post_tag","embeddable":true,"href":"https:\/\/josephminster.com\/site\/wp-json\/wp\/v2\/tags?post=102"}],"curies":[{"name":"wp","href":"https:\/\/api.w.org\/{rel}","templated":true}]}}