{"id":100,"date":"2016-01-18T16:12:35","date_gmt":"2016-01-18T15:12:35","guid":{"rendered":"http:\/\/josephminster.com\/site\/?page_id=100"},"modified":"2024-02-07T14:06:48","modified_gmt":"2024-02-07T13:06:48","slug":"nouke","status":"publish","type":"page","link":"https:\/\/josephminster.com\/site\/nouke\/","title":{"rendered":"Nouk\u00e9"},"content":{"rendered":"<p><img data-recalc-dims=\"1\" loading=\"lazy\" decoding=\"async\" class=\"alignnone wp-image-1963\" src=\"https:\/\/i0.wp.com\/josephminster.com\/site\/wp-content\/uploads\/2024\/02\/Affiche-Nouke-scaled.jpg?resize=520%2C693&#038;ssl=1\" alt=\"\" width=\"520\" height=\"693\" srcset=\"https:\/\/i0.wp.com\/josephminster.com\/site\/wp-content\/uploads\/2024\/02\/Affiche-Nouke-scaled.jpg?w=1920&amp;ssl=1 1920w, https:\/\/i0.wp.com\/josephminster.com\/site\/wp-content\/uploads\/2024\/02\/Affiche-Nouke-scaled.jpg?resize=225%2C300&amp;ssl=1 225w, https:\/\/i0.wp.com\/josephminster.com\/site\/wp-content\/uploads\/2024\/02\/Affiche-Nouke-scaled.jpg?resize=768%2C1024&amp;ssl=1 768w, https:\/\/i0.wp.com\/josephminster.com\/site\/wp-content\/uploads\/2024\/02\/Affiche-Nouke-scaled.jpg?resize=1152%2C1536&amp;ssl=1 1152w, https:\/\/i0.wp.com\/josephminster.com\/site\/wp-content\/uploads\/2024\/02\/Affiche-Nouke-scaled.jpg?resize=1536%2C2048&amp;ssl=1 1536w, https:\/\/i0.wp.com\/josephminster.com\/site\/wp-content\/uploads\/2024\/02\/Affiche-Nouke-scaled.jpg?resize=640%2C853&amp;ssl=1 640w, https:\/\/i0.wp.com\/josephminster.com\/site\/wp-content\/uploads\/2024\/02\/Affiche-Nouke-scaled.jpg?resize=1010%2C1347&amp;ssl=1 1010w, https:\/\/i0.wp.com\/josephminster.com\/site\/wp-content\/uploads\/2024\/02\/Affiche-Nouke-scaled.jpg?w=1280&amp;ssl=1 1280w\" sizes=\"auto, (max-width: 520px) 100vw, 520px\" \/><\/p>\n<blockquote><p><strong>2013 &#8211; Fiction, 43&rsquo;00 &#8211; Production&nbsp;: La F\u00e9mis<\/strong><\/p>\n<p><em>Nouk\u00e9 et son fr\u00e8re Tyl, Syrmiens ill\u00e9gitimes de naissance, abandonnent leur tribu pour suivre Naos et Deneb, deux Gamaliens venus les chercher pour leurs talents de gu\u00e9risseurs. Au cours de leur p\u00e9riple, Naos et Nouk\u00e9 s\u2019\u00e9prennent l\u2019un de l\u2019autre. Deux ans plus tard, Naos s\u2019appr\u00eate \u00e0 devenir chef de sa tribu. Mais pour cela, il doit \u00e9pouser une jeune fille gamalienne.<\/em><\/p><\/blockquote>\n\n\t<div class=\"slideshow_container slideshow_container_style-dark\" style=\" \" data-slideshow-id=\"203\" data-style-name=\"style-dark\" data-style-version=\"2.3.1\" >\n\n\t\t\t\t\t<div class=\"slideshow_loading_icon\"><\/div>\n\t\t\n\t\t<div class=\"slideshow_content\" style=\"display: none;\">\n\n\t\t\t<div class=\"slideshow_view\">\n\t\t\t\t<div class=\"slideshow_slide slideshow_slide_image\">\n\t\t\t\t\t\t\t\t\t\t\t<img src=\"https:\/\/i0.wp.com\/josephminster.com\/site\/wp-content\/uploads\/2016\/01\/Nouk%C3%A9_Charlotte-Van-Bervesseles-5.jpg?fit=1363%2C1018&amp;ssl=1\" alt=\"Nouk\u00e9_Photorgamme 5\" width=\"1363\" height=\"1018\" \/>\n\t\t\t\t\t\t\t\t\t\t<div class=\"slideshow_description_box slideshow_transparent\">\n\t\t\t\t\t\t<div class=\"slideshow_title\">Nouk\u00e9_Photorgamme 5<\/div>\t\t\t\t\t\t\t\t\t\t\t<\/div>\n\t\t\t\t<\/div>\n\n\t\t\t\t\t\t\n\t\t\t\t<div class=\"slideshow_slide slideshow_slide_image\">\n\t\t\t\t\t\t\t\t\t\t\t<img src=\"https:\/\/i0.wp.com\/josephminster.com\/site\/wp-content\/uploads\/2016\/01\/Nouk%C3%A9_Charlotte-Van-Bervesseles-4.jpg?fit=1340%2C1007&amp;ssl=1\" alt=\"Nouk\u00e9_Photogramme 4\" width=\"1340\" height=\"1007\" \/>\n\t\t\t\t\t\t\t\t\t\t<div class=\"slideshow_description_box slideshow_transparent\">\n\t\t\t\t\t\t<div class=\"slideshow_title\">Nouk\u00e9_Photogramme 4<\/div>\t\t\t\t\t\t\t\t\t\t\t<\/div>\n\t\t\t\t<\/div>\n\n\t\t\t\t\t\t\n\t\t\t\t<div class=\"slideshow_slide slideshow_slide_image\">\n\t\t\t\t\t\t\t\t\t\t\t<img src=\"https:\/\/i0.wp.com\/josephminster.com\/site\/wp-content\/uploads\/2016\/01\/Nouk%C3%A9_Rachid-Yous-Pablo-Pauly.jpg?fit=1343%2C1007&amp;ssl=1\" alt=\"Nouk\u00e9_Photogramme 7\" width=\"1343\" height=\"1007\" \/>\n\t\t\t\t\t\t\t\t\t\t<div class=\"slideshow_description_box slideshow_transparent\">\n\t\t\t\t\t\t<div class=\"slideshow_title\">Nouk\u00e9_Photogramme 7<\/div>\t\t\t\t\t\t\t\t\t\t\t<\/div>\n\t\t\t\t<\/div>\n\n\t\t\t\t\t\t<div style=\"clear: both;\"><\/div><\/div><div class=\"slideshow_view\">\n\t\t\t\t<div class=\"slideshow_slide slideshow_slide_image\">\n\t\t\t\t\t\t\t\t\t\t\t<img src=\"https:\/\/i0.wp.com\/josephminster.com\/site\/wp-content\/uploads\/2016\/01\/Nouk%C3%A9_Pablo-Pauly-Rachid-Yous.jpg?fit=1346%2C1025&amp;ssl=1\" alt=\"Nouk\u00e9_Photogramme 6\" width=\"1346\" height=\"1025\" \/>\n\t\t\t\t\t\t\t\t\t\t<div class=\"slideshow_description_box slideshow_transparent\">\n\t\t\t\t\t\t<div class=\"slideshow_title\">Nouk\u00e9_Photogramme 6<\/div>\t\t\t\t\t\t\t\t\t\t\t<\/div>\n\t\t\t\t<\/div>\n\n\t\t\t\t\t\t\n\t\t\t\t<div class=\"slideshow_slide slideshow_slide_image\">\n\t\t\t\t\t\t\t\t\t\t\t<img src=\"https:\/\/i0.wp.com\/josephminster.com\/site\/wp-content\/uploads\/2016\/01\/Nouk%C3%A9_Charlotte-Van-Bervesseles-3.jpg?fit=1342%2C1012&amp;ssl=1\" alt=\"Nouk\u00e9_Photorgamme 3\" width=\"1342\" height=\"1012\" \/>\n\t\t\t\t\t\t\t\t\t\t<div class=\"slideshow_description_box slideshow_transparent\">\n\t\t\t\t\t\t<div class=\"slideshow_title\">Nouk\u00e9_Photorgamme 3<\/div>\t\t\t\t\t\t\t\t\t\t\t<\/div>\n\t\t\t\t<\/div>\n\n\t\t\t\t\t\t\n\t\t\t\t<div class=\"slideshow_slide slideshow_slide_image\">\n\t\t\t\t\t\t\t\t\t\t\t<img src=\"https:\/\/i0.wp.com\/josephminster.com\/site\/wp-content\/uploads\/2016\/01\/Nouk%C3%A9_Charlotte-Van-Bervesseles-2.jpg?fit=1367%2C1013&amp;ssl=1\" alt=\"Nouk\u00e9_Photogramme 2\" width=\"1367\" height=\"1013\" \/>\n\t\t\t\t\t\t\t\t\t\t<div class=\"slideshow_description_box slideshow_transparent\">\n\t\t\t\t\t\t<div class=\"slideshow_title\">Nouk\u00e9_Photogramme 2<\/div>\t\t\t\t\t\t\t\t\t\t\t<\/div>\n\t\t\t\t<\/div>\n\n\t\t\t\t\t\t<div style=\"clear: both;\"><\/div><\/div>\n\t\t<\/div>\n\n\t\t<div class=\"slideshow_controlPanel slideshow_transparent\" style=\"display: none;\"><ul><li class=\"slideshow_togglePlay\" data-play-text=\"Play\" data-pause-text=\"Pause\"><\/li><\/ul><\/div>\n\n\t\t<div class=\"slideshow_button slideshow_previous slideshow_transparent\" role=\"button\" data-previous-text=\"Pr\u00e9c\u00e9dent\" style=\"display: none;\"><\/div>\n\t\t<div class=\"slideshow_button slideshow_next slideshow_transparent\" role=\"button\" data-next-text=\"Suivant\" style=\"display: none;\"><\/div>\n\n\t\t<div class=\"slideshow_pagination\" style=\"display: none;\" data-go-to-text=\"Go to slide\"><div class=\"slideshow_pagination_center\"><\/div><\/div>\n\n\t\t<!-- WordPress Slideshow Version 2.3.1 -->\n\n\t\t\t<\/div>\n\n\n<p>Avec&nbsp;: Charlotte Van Bervesseles, Rachid Yous, Pablo Pauly, Florian Colas<\/p>\n<p>Sc\u00e9nario&nbsp;: Joseph Minster, Alissa Wenz \/ R\u00e9alisation&nbsp;: Joseph Minster \/ Production&nbsp;: Romain Laguna \/ Directeur de la photographie&nbsp;: Aur\u00e9lien Marra \/ Ing\u00e9nieur du son&nbsp;: Cl\u00e9ment Badin \/ D\u00e9cor&nbsp;: Caroline Leroy \/ Costumes&nbsp;: Judith Thuong \/ Montage \u00a0: Suzanne Van Boxsom \/ Montage son et Mixage&nbsp;: Sylvain Lambinet \/ Musique originale&nbsp;: Sylvain Lambinet \/ Effets sp\u00e9ciaux&nbsp;: Julien Martins<\/p>\n<div class=\"jetpack-video-wrapper\"><iframe loading=\"lazy\" title=\"Nouk\u00e9 - Extrait\" src=\"https:\/\/player.vimeo.com\/video\/155422684?dnt=1&amp;app_id=122963\" width=\"640\" height=\"360\" frameborder=\"0\" allow=\"autoplay; fullscreen; picture-in-picture; clipboard-write\"><\/iframe><\/div>","protected":false},"excerpt":{"rendered":"<p>2013 &#8211; Fiction, 43&rsquo;00 &#8211; Production&nbsp;: La F\u00e9mis Nouk\u00e9 et son fr\u00e8re Tyl, Syrmiens ill\u00e9gitimes de naissance, abandonnent leur tribu pour suivre Naos et Deneb, deux Gamaliens venus les chercher pour leurs talents de gu\u00e9risseurs. Au cours de leur p\u00e9riple, Naos et Nouk\u00e9 s\u2019\u00e9prennent l\u2019un de l\u2019autre. Deux ans plus tard, Naos s\u2019appr\u00eate \u00e0 devenir [&hellip;]<\/p>","protected":false},"author":1,"featured_media":0,"parent":0,"menu_order":0,"comment_status":"closed","ping_status":"closed","template":"template-parts\/page-full-width.php","meta":{"footnotes":""},"tags":[],"class_list":["post-100","page","type-page","status-publish","hentry"],"yoast_head":"<!-- This site is optimized with the Yoast SEO plugin v27.3 - https:\/\/yoast.com\/product\/yoast-seo-wordpress\/ -->\n<title>Nouk\u00e9 - Joseph Minster<\/title>\n<meta name=\"robots\" content=\"noindex, follow\" \/>\n<meta property=\"og:locale\" content=\"fr_FR\" \/>\n<meta property=\"og:type\" content=\"article\" \/>\n<meta property=\"og:title\" content=\"Nouk\u00e9 - Joseph Minster\" \/>\n<meta property=\"og:description\" content=\"2013 &#8211; Fiction, 43&rsquo;00 &#8211; Production&nbsp;: La F\u00e9mis Nouk\u00e9 et son fr\u00e8re Tyl, Syrmiens ill\u00e9gitimes de naissance, abandonnent leur tribu pour suivre Naos et Deneb, deux Gamaliens venus les chercher pour leurs talents de gu\u00e9risseurs. Au cours de leur p\u00e9riple, Naos et Nouk\u00e9 s\u2019\u00e9prennent l\u2019un de l\u2019autre. Deux ans plus tard, Naos s\u2019appr\u00eate \u00e0 devenir [&hellip;]\" \/>\n<meta property=\"og:url\" content=\"https:\/\/josephminster.com\/site\/nouke\/\" \/>\n<meta property=\"og:site_name\" content=\"Joseph Minster\" \/>\n<meta property=\"article:modified_time\" content=\"2024-02-07T13:06:48+00:00\" \/>\n<meta property=\"og:image\" content=\"https:\/\/josephminster.com\/site\/wp-content\/uploads\/2024\/02\/Affiche-Nouke-scaled.jpg\" \/>\n<meta name=\"twitter:card\" content=\"summary_large_image\" \/>\n<meta name=\"twitter:label1\" content=\"Dur\u00e9e de lecture estim\u00e9e\" \/>\n\t<meta name=\"twitter:data1\" content=\"1 minute\" \/>\n<script type=\"application\/ld+json\" class=\"yoast-schema-graph\">{\"@context\":\"https:\\\/\\\/schema.org\",\"@graph\":[{\"@type\":\"WebPage\",\"@id\":\"https:\\\/\\\/josephminster.com\\\/site\\\/nouke\\\/\",\"url\":\"https:\\\/\\\/josephminster.com\\\/site\\\/nouke\\\/\",\"name\":\"Nouk\u00e9 - Joseph Minster\",\"isPartOf\":{\"@id\":\"https:\\\/\\\/josephminster.com\\\/site\\\/#website\"},\"primaryImageOfPage\":{\"@id\":\"https:\\\/\\\/josephminster.com\\\/site\\\/nouke\\\/#primaryimage\"},\"image\":{\"@id\":\"https:\\\/\\\/josephminster.com\\\/site\\\/nouke\\\/#primaryimage\"},\"thumbnailUrl\":\"https:\\\/\\\/josephminster.com\\\/site\\\/wp-content\\\/uploads\\\/2024\\\/02\\\/Affiche-Nouke-scaled.jpg\",\"datePublished\":\"2016-01-18T15:12:35+00:00\",\"dateModified\":\"2024-02-07T13:06:48+00:00\",\"breadcrumb\":{\"@id\":\"https:\\\/\\\/josephminster.com\\\/site\\\/nouke\\\/#breadcrumb\"},\"inLanguage\":\"fr-FR\",\"potentialAction\":[{\"@type\":\"ReadAction\",\"target\":[\"https:\\\/\\\/josephminster.com\\\/site\\\/nouke\\\/\"]}]},{\"@type\":\"ImageObject\",\"inLanguage\":\"fr-FR\",\"@id\":\"https:\\\/\\\/josephminster.com\\\/site\\\/nouke\\\/#primaryimage\",\"url\":\"https:\\\/\\\/i0.wp.com\\\/josephminster.com\\\/site\\\/wp-content\\\/uploads\\\/2024\\\/02\\\/Affiche-Nouke-scaled.jpg?fit=1920%2C2560&ssl=1\",\"contentUrl\":\"https:\\\/\\\/i0.wp.com\\\/josephminster.com\\\/site\\\/wp-content\\\/uploads\\\/2024\\\/02\\\/Affiche-Nouke-scaled.jpg?fit=1920%2C2560&ssl=1\",\"width\":1920,\"height\":2560},{\"@type\":\"BreadcrumbList\",\"@id\":\"https:\\\/\\\/josephminster.com\\\/site\\\/nouke\\\/#breadcrumb\",\"itemListElement\":[{\"@type\":\"ListItem\",\"position\":1,\"name\":\"Accueil\",\"item\":\"https:\\\/\\\/josephminster.com\\\/site\\\/\"},{\"@type\":\"ListItem\",\"position\":2,\"name\":\"Nouk\u00e9\"}]},{\"@type\":\"WebSite\",\"@id\":\"https:\\\/\\\/josephminster.com\\\/site\\\/#website\",\"url\":\"https:\\\/\\\/josephminster.com\\\/site\\\/\",\"name\":\"Joseph Minster\",\"description\":\"Auteur, R\u00e9alisateur\",\"publisher\":{\"@id\":\"https:\\\/\\\/josephminster.com\\\/site\\\/#\\\/schema\\\/person\\\/973155dfa27d618c990ef6dfdc3705c9\"},\"potentialAction\":[{\"@type\":\"SearchAction\",\"target\":{\"@type\":\"EntryPoint\",\"urlTemplate\":\"https:\\\/\\\/josephminster.com\\\/site\\\/?s={search_term_string}\"},\"query-input\":{\"@type\":\"PropertyValueSpecification\",\"valueRequired\":true,\"valueName\":\"search_term_string\"}}],\"inLanguage\":\"fr-FR\"},{\"@type\":[\"Person\",\"Organization\"],\"@id\":\"https:\\\/\\\/josephminster.com\\\/site\\\/#\\\/schema\\\/person\\\/973155dfa27d618c990ef6dfdc3705c9\",\"name\":\"Joseph Minster\",\"image\":{\"@type\":\"ImageObject\",\"inLanguage\":\"fr-FR\",\"@id\":\"https:\\\/\\\/i0.wp.com\\\/josephminster.com\\\/site\\\/wp-content\\\/uploads\\\/2019\\\/11\\\/Joseph_Photo-7.jpg?fit=3360%2C2240&ssl=1\",\"url\":\"https:\\\/\\\/i0.wp.com\\\/josephminster.com\\\/site\\\/wp-content\\\/uploads\\\/2019\\\/11\\\/Joseph_Photo-7.jpg?fit=3360%2C2240&ssl=1\",\"contentUrl\":\"https:\\\/\\\/i0.wp.com\\\/josephminster.com\\\/site\\\/wp-content\\\/uploads\\\/2019\\\/11\\\/Joseph_Photo-7.jpg?fit=3360%2C2240&ssl=1\",\"width\":3360,\"height\":2240,\"caption\":\"Joseph Minster\"},\"logo\":{\"@id\":\"https:\\\/\\\/i0.wp.com\\\/josephminster.com\\\/site\\\/wp-content\\\/uploads\\\/2019\\\/11\\\/Joseph_Photo-7.jpg?fit=3360%2C2240&ssl=1\"}}]}<\/script>\n<!-- \/ Yoast SEO plugin. -->","yoast_head_json":{"title":"Nouk\u00e9 - Joseph Minster","robots":{"index":"noindex","follow":"follow"},"og_locale":"fr_FR","og_type":"article","og_title":"Nouk\u00e9 - Joseph Minster","og_description":"2013 &#8211; Fiction, 43&rsquo;00 &#8211; Production&nbsp;: La F\u00e9mis Nouk\u00e9 et son fr\u00e8re Tyl, Syrmiens ill\u00e9gitimes de naissance, abandonnent leur tribu pour suivre Naos et Deneb, deux Gamaliens venus les chercher pour leurs talents de gu\u00e9risseurs. Au cours de leur p\u00e9riple, Naos et Nouk\u00e9 s\u2019\u00e9prennent l\u2019un de l\u2019autre. Deux ans plus tard, Naos s\u2019appr\u00eate \u00e0 devenir [&hellip;]","og_url":"https:\/\/josephminster.com\/site\/nouke\/","og_site_name":"Joseph Minster","article_modified_time":"2024-02-07T13:06:48+00:00","og_image":[{"url":"https:\/\/josephminster.com\/site\/wp-content\/uploads\/2024\/02\/Affiche-Nouke-scaled.jpg","type":"","width":"","height":""}],"twitter_card":"summary_large_image","twitter_misc":{"Dur\u00e9e de lecture estim\u00e9e":"1 minute"},"schema":{"@context":"https:\/\/schema.org","@graph":[{"@type":"WebPage","@id":"https:\/\/josephminster.com\/site\/nouke\/","url":"https:\/\/josephminster.com\/site\/nouke\/","name":"Nouk\u00e9 - Joseph Minster","isPartOf":{"@id":"https:\/\/josephminster.com\/site\/#website"},"primaryImageOfPage":{"@id":"https:\/\/josephminster.com\/site\/nouke\/#primaryimage"},"image":{"@id":"https:\/\/josephminster.com\/site\/nouke\/#primaryimage"},"thumbnailUrl":"https:\/\/josephminster.com\/site\/wp-content\/uploads\/2024\/02\/Affiche-Nouke-scaled.jpg","datePublished":"2016-01-18T15:12:35+00:00","dateModified":"2024-02-07T13:06:48+00:00","breadcrumb":{"@id":"https:\/\/josephminster.com\/site\/nouke\/#breadcrumb"},"inLanguage":"fr-FR","potentialAction":[{"@type":"ReadAction","target":["https:\/\/josephminster.com\/site\/nouke\/"]}]},{"@type":"ImageObject","inLanguage":"fr-FR","@id":"https:\/\/josephminster.com\/site\/nouke\/#primaryimage","url":"https:\/\/i0.wp.com\/josephminster.com\/site\/wp-content\/uploads\/2024\/02\/Affiche-Nouke-scaled.jpg?fit=1920%2C2560&ssl=1","contentUrl":"https:\/\/i0.wp.com\/josephminster.com\/site\/wp-content\/uploads\/2024\/02\/Affiche-Nouke-scaled.jpg?fit=1920%2C2560&ssl=1","width":1920,"height":2560},{"@type":"BreadcrumbList","@id":"https:\/\/josephminster.com\/site\/nouke\/#breadcrumb","itemListElement":[{"@type":"ListItem","position":1,"name":"Accueil","item":"https:\/\/josephminster.com\/site\/"},{"@type":"ListItem","position":2,"name":"Nouk\u00e9"}]},{"@type":"WebSite","@id":"https:\/\/josephminster.com\/site\/#website","url":"https:\/\/josephminster.com\/site\/","name":"Joseph Minster","description":"Auteur, R\u00e9alisateur","publisher":{"@id":"https:\/\/josephminster.com\/site\/#\/schema\/person\/973155dfa27d618c990ef6dfdc3705c9"},"potentialAction":[{"@type":"SearchAction","target":{"@type":"EntryPoint","urlTemplate":"https:\/\/josephminster.com\/site\/?s={search_term_string}"},"query-input":{"@type":"PropertyValueSpecification","valueRequired":true,"valueName":"search_term_string"}}],"inLanguage":"fr-FR"},{"@type":["Person","Organization"],"@id":"https:\/\/josephminster.com\/site\/#\/schema\/person\/973155dfa27d618c990ef6dfdc3705c9","name":"Joseph Minster","image":{"@type":"ImageObject","inLanguage":"fr-FR","@id":"https:\/\/i0.wp.com\/josephminster.com\/site\/wp-content\/uploads\/2019\/11\/Joseph_Photo-7.jpg?fit=3360%2C2240&ssl=1","url":"https:\/\/i0.wp.com\/josephminster.com\/site\/wp-content\/uploads\/2019\/11\/Joseph_Photo-7.jpg?fit=3360%2C2240&ssl=1","contentUrl":"https:\/\/i0.wp.com\/josephminster.com\/site\/wp-content\/uploads\/2019\/11\/Joseph_Photo-7.jpg?fit=3360%2C2240&ssl=1","width":3360,"height":2240,"caption":"Joseph Minster"},"logo":{"@id":"https:\/\/i0.wp.com\/josephminster.com\/site\/wp-content\/uploads\/2019\/11\/Joseph_Photo-7.jpg?fit=3360%2C2240&ssl=1"}}]}},"jetpack_sharing_enabled":true,"jetpack_shortlink":"https:\/\/wp.me\/P78IKp-1C","_links":{"self":[{"href":"https:\/\/josephminster.com\/site\/wp-json\/wp\/v2\/pages\/100","targetHints":{"allow":["GET"]}}],"collection":[{"href":"https:\/\/josephminster.com\/site\/wp-json\/wp\/v2\/pages"}],"about":[{"href":"https:\/\/josephminster.com\/site\/wp-json\/wp\/v2\/types\/page"}],"author":[{"embeddable":true,"href":"https:\/\/josephminster.com\/site\/wp-json\/wp\/v2\/users\/1"}],"replies":[{"embeddable":true,"href":"https:\/\/josephminster.com\/site\/wp-json\/wp\/v2\/comments?post=100"}],"version-history":[{"count":28,"href":"https:\/\/josephminster.com\/site\/wp-json\/wp\/v2\/pages\/100\/revisions"}],"predecessor-version":[{"id":1971,"href":"https:\/\/josephminster.com\/site\/wp-json\/wp\/v2\/pages\/100\/revisions\/1971"}],"wp:attachment":[{"href":"https:\/\/josephminster.com\/site\/wp-json\/wp\/v2\/media?parent=100"}],"wp:term":[{"taxonomy":"post_tag","embeddable":true,"href":"https:\/\/josephminster.com\/site\/wp-json\/wp\/v2\/tags?post=100"}],"curies":[{"name":"wp","href":"https:\/\/api.w.org\/{rel}","templated":true}]}}